{"id":10,"date":"2024-10-09T15:35:04","date_gmt":"2024-10-09T15:35:04","guid":{"rendered":"https:\/\/kalmarpeter.com\/?page_id=10"},"modified":"2024-10-30T11:03:32","modified_gmt":"2024-10-30T10:03:32","slug":"bio","status":"publish","type":"page","link":"https:\/\/kalmarpeter.com\/en\/bio\/","title":{"rendered":"BIO"},"content":{"rendered":"<div data-elementor-type=\"wp-page\" data-elementor-id=\"10\" class=\"elementor elementor-10\" data-elementor-post-type=\"page\">\n\t\t\t\t<div class=\"elementor-element elementor-element-f144cac e-flex e-con-boxed e-con e-parent\" data-id=\"f144cac\" data-element_type=\"container\" data-e-type=\"container\">\n\t\t\t\t\t<div class=\"e-con-inner\">\n\t\t\t\t<div class=\"elementor-element elementor-element-52d975f elementor-widget elementor-widget-heading\" data-id=\"52d975f\" data-element_type=\"widget\" data-e-type=\"widget\" data-widget_type=\"heading.default\">\n\t\t\t\t<div class=\"elementor-widget-container\">\n\t\t\t\t\t<h1 class=\"elementor-heading-title elementor-size-default\">BIO<\/h1>\t\t\t\t<\/div>\n\t\t\t\t<\/div>\n\t\t\t\t\t<\/div>\n\t\t\t\t<\/div>\n\t\t<div class=\"elementor-element elementor-element-1a23dff link e-flex e-con-boxed e-con e-parent\" data-id=\"1a23dff\" data-element_type=\"container\" data-e-type=\"container\">\n\t\t\t\t\t<div class=\"e-con-inner\">\n\t\t<div class=\"elementor-element elementor-element-7846864 e-con-full e-flex e-con e-child\" data-id=\"7846864\" data-element_type=\"container\" data-e-type=\"container\">\n\t\t\t\t<div class=\"elementor-element elementor-element-a561cf8 elementor-widget elementor-widget-text-editor\" data-id=\"a561cf8\" data-element_type=\"widget\" data-e-type=\"widget\" data-widget_type=\"text-editor.default\">\n\t\t\t\t<div class=\"elementor-widget-container\">\n\t\t\t\t\t\t\t\t\t<p>Born in 1964, in Budapesten. <br \/>Freelance director - producer - writer - actor - and entrepreneur. <br \/>Father of three children.<br \/>Child actor from the age of 6 to 13 <br \/>he has appeared in various theatre and television productions. <br \/>(Listen up, kids! \u2013 Comedy Stage;  Enemy of the people \u2013 Katona J\u00f3zsef Theater; <br \/>The dog whose name was Mr Bozzi \u2013 Operett Teater; Kabar\u00e9 utca \u2013 National TV; etc.)<\/p>\t\t\t\t\t\t\t\t<\/div>\n\t\t\t\t<\/div>\n\t\t\t\t<div class=\"elementor-element elementor-element-749bb15 elementor-widget elementor-widget-heading\" data-id=\"749bb15\" data-element_type=\"widget\" data-e-type=\"widget\" data-widget_type=\"heading.default\">\n\t\t\t\t<div class=\"elementor-widget-container\">\n\t\t\t\t\t<h2 class=\"elementor-heading-title elementor-size-default\">STUDIES<\/h2>\t\t\t\t<\/div>\n\t\t\t\t<\/div>\n\t\t\t\t<div class=\"elementor-element elementor-element-e8999e7 elementor-widget elementor-widget-text-editor\" data-id=\"e8999e7\" data-element_type=\"widget\" data-e-type=\"widget\" data-widget_type=\"text-editor.default\">\n\t\t\t\t<div class=\"elementor-widget-container\">\n\t\t\t\t\t\t\t\t\t<p>1978 \u2013 1982 Mad\u00e1ch High School intensive English course<br \/>1983 \u2013 1988 <a href=\"#szfe-osztaly\">Academy of Theater &amp; Film Arts \u2013 stage and opera director<\/a><br \/>1983 \u2013 1988 Liszt Ferenc Academy of Music<\/p>\t\t\t\t\t\t\t\t<\/div>\n\t\t\t\t<\/div>\n\t\t\t\t<div class=\"elementor-element elementor-element-4152d8a elementor-widget elementor-widget-heading\" data-id=\"4152d8a\" data-element_type=\"widget\" data-e-type=\"widget\" data-widget_type=\"heading.default\">\n\t\t\t\t<div class=\"elementor-widget-container\">\n\t\t\t\t\t<h2 class=\"elementor-heading-title elementor-size-default\">COURSE &amp; INTERNSHIPS \n<\/h2>\t\t\t\t<\/div>\n\t\t\t\t<\/div>\n\t\t\t\t<div class=\"elementor-element elementor-element-9b6f22d elementor-widget elementor-widget-text-editor\" data-id=\"9b6f22d\" data-element_type=\"widget\" data-e-type=\"widget\" data-widget_type=\"text-editor.default\">\n\t\t\t\t<div class=\"elementor-widget-container\">\n\t\t\t\t\t\t\t\t\t<p>1985 \u2013 <a href=\"#verdi\">Verdi: <span style=\"font-weight: 400;\">Falstaff<\/span> (tv opera)<\/a> assistant to the director<br \/>1986 \u2013 <a href=\"#henrik\">Shakespeare: IV. Henrik (National Theater)<\/a> assistant to the director<br \/>1986 \u2013 Baltimore, Theater of Nations \u2013 American Musical Theater ITI scholarship<br \/>1986 \u2013 <a href=\"#cameron\">Attending the London premiere of Andrew Lloyd Webber's<\/a><br \/>Phantom of the Opera, at the invitation of Cameron Mackintosh, <br \/>alongside director Harold Prince.<\/p>\t\t\t\t\t\t\t\t<\/div>\n\t\t\t\t<\/div>\n\t\t\t\t<div class=\"elementor-element elementor-element-968a8a1 elementor-widget elementor-widget-heading\" data-id=\"968a8a1\" data-element_type=\"widget\" data-e-type=\"widget\" data-widget_type=\"heading.default\">\n\t\t\t\t<div class=\"elementor-widget-container\">\n\t\t\t\t\t<h2 class=\"elementor-heading-title elementor-size-default\">THEATER<\/h2>\t\t\t\t<\/div>\n\t\t\t\t<\/div>\n\t\t\t\t<div class=\"elementor-element elementor-element-a69b0bb elementor-widget elementor-widget-text-editor\" data-id=\"a69b0bb\" data-element_type=\"widget\" data-e-type=\"widget\" data-widget_type=\"text-editor.default\">\n\t\t\t\t<div class=\"elementor-widget-container\">\n\t\t\t\t\t\t\t\t\t<p><a href=\"https:\/\/kalmarpeter.com\/en\/obuda-festivities\/\"><strong>\u00d3buda Festivities<\/strong><\/a><br \/>1984 \u2013 Main square (director)<br \/>Bibbione \u2022 Milne-Gesztesi-Philip:<br \/>Calandria \u2022 Winnie the Pooh \u2022 Tabarin<\/p><p>Puccini:<br \/><a href=\"https:\/\/kalmarpeter.com\/en\/gianni-schicchi-odry\/\"><strong>Gianni Schicchi<\/strong><\/a><br \/>1985 \u2013 \u00d3dry Stage (director)<\/p><p>Coleman-Fields-Neil Simon-Bob Fosse:<br \/><a href=\"https:\/\/kalmarpeter.com\/en\/sweet-charity\/\"><strong>Sweet Charity<\/strong><\/a><br \/>1986 \u2013 \u00d3dry Stage (director, translator)<\/p><p>Thomas \u2013 Aldobolyi \u2013 Szenes:<br \/><a href=\"https:\/\/kalmarpeter.com\/en\/charleys-aunt\/\"><strong>Charley\u2019 Aunt<\/strong><\/a><br \/>1988 \u2013 G\u00e1rdonyi Theater - Eger (director)<\/p><p>Puccini:<br \/><a href=\"https:\/\/kalmarpeter.com\/en\/playback-schicchi\/\"><strong>Play back Schicchi<\/strong><\/a><br \/>1989 \u2013 Bologna Festival Teatro e Universit\u00e1 (director)<\/p><p>J.Strauss - Romh\u00e1nyi:<br \/><a href=\"https:\/\/kalmarpeter.com\/en\/egy-ej-velenceben\/\"><strong>One night in Venice<\/strong><\/a><br \/>1989 \u2013 Open Air Stage \u2013 Miskolc (director)<\/p><p>Freed-Green-Comden-Brown:<br \/><a href=\"https:\/\/kalmarpeter.com\/en\/singin-in-the-rain\/\"><strong>Singin\u2019 in the rain<\/strong><\/a><br \/>1990 \u2013 Operetta Theater (director, adaptor)<\/p><p>Kalm\u00e1r-Mik\u00f3:<br \/><a href=\"https:\/\/kalmarpeter.com\/en\/miko-the-phantom\/\"><strong>Mik\u00f3\u2019 the phantom?<\/strong><\/a><br \/>1991 \u2013 Th\u00e1lia Theater (director, editor)<\/p><p>Stephen Sondheim:<br \/><a href=\"https:\/\/kalmarpeter.com\/en\/sweeney-todd\/\"><strong>Sweeney Todd<\/strong><\/a><br \/>1992 \u2013 Erkel Theater - Rock Theater (director-producer)<\/p><p>Stephen Swartz:<br \/><a href=\"https:\/\/kalmarpeter.com\/en\/pippin\/\"><strong>Pippin<\/strong><\/a><br \/>1994 \u2013 M\u00f3ricz Zsigmond Theater \u2013 Ny\u00edregyh\u00e1za (director, adaptor)<\/p><p>Fodor-Lakatos-Fekete-Verebes-Kalm\u00e1r:<br \/><a href=\"https:\/\/kalmarpeter.com\/en\/kasszasiker\/\"><strong>Bank on it!<\/strong><\/a><br \/>1995 \u2013 M\u00f3ricz Zsigmond Theater \u2013 Ny\u00edregyh\u00e1za (director, adaptor)<\/p><p>Puccini:<br \/><strong><a href=\"https:\/\/kalmarpeter.com\/en\/gianni-schicchi\/\">Gianni Schicchi<\/a><\/strong><br \/>1996 \u2013 Hungarian State Opera (director)<\/p><p><strong><a href=\"#operett\">Operetta Theatre director tender \u2013 2000<\/a><\/strong><\/p><p>F\u00e9nyes-G.D\u00e9nes-B\u00e9kefi:<br \/><a href=\"https:\/\/kalmarpeter.com\/en\/bozzi\/\"><strong>The dog whose name was Mr Bozzi<\/strong><\/a><br \/>2001 \u2013 Budapest Operetta Theater (director)<\/p>\t\t\t\t\t\t\t\t<\/div>\n\t\t\t\t<\/div>\n\t\t\t\t<div class=\"elementor-element elementor-element-1e63d25 elementor-widget elementor-widget-heading\" data-id=\"1e63d25\" data-element_type=\"widget\" data-e-type=\"widget\" data-widget_type=\"heading.default\">\n\t\t\t\t<div class=\"elementor-widget-container\">\n\t\t\t\t\t<h2 class=\"elementor-heading-title elementor-size-default\">SHOW<\/h2>\t\t\t\t<\/div>\n\t\t\t\t<\/div>\n\t\t\t\t<div class=\"elementor-element elementor-element-0243f17 elementor-widget elementor-widget-text-editor\" data-id=\"0243f17\" data-element_type=\"widget\" data-e-type=\"widget\" data-widget_type=\"text-editor.default\">\n\t\t\t\t<div class=\"elementor-widget-container\">\n\t\t\t\t\t\t\t\t\t<p>Kalm\u00e1r-Juh\u00e1sz-K\u00e1llai:<br \/><strong><a href=\"https:\/\/kalmarpeter.com\/en\/revue-deja-vu\/\">Revue Deja Vu<\/a><\/strong><br \/>2000 \u2013 Moulin Rouge (author, director, producer)<\/p><p>Kalm\u00e1r-Fekete-Kov\u00e1cs:<br \/><a href=\"https:\/\/kalmarpeter.com\/en\/machow-swing\/\"><strong>Machow Swing<\/strong><\/a><br \/>2011 \u2013 SPARK cool \u2022 tour \u2022 house (producer-director)<\/p><p>Kalm\u00e1r:<br \/><a href=\"https:\/\/kalmarpeter.com\/en\/just-a-gigolo\/\"><strong>Just a Gigolo<\/strong><\/a><br \/>2024 \u2013 Jur\u00e1nyi (author-performer-director-producer)<\/p>\t\t\t\t\t\t\t\t<\/div>\n\t\t\t\t<\/div>\n\t\t\t\t<div class=\"elementor-element elementor-element-2815226 elementor-widget elementor-widget-heading\" data-id=\"2815226\" data-element_type=\"widget\" data-e-type=\"widget\" data-widget_type=\"heading.default\">\n\t\t\t\t<div class=\"elementor-widget-container\">\n\t\t\t\t\t<h2 class=\"elementor-heading-title elementor-size-default\">TV \/ FILM\n<\/h2>\t\t\t\t<\/div>\n\t\t\t\t<\/div>\n\t\t\t\t<div class=\"elementor-element elementor-element-44aa16d elementor-widget elementor-widget-text-editor\" data-id=\"44aa16d\" data-element_type=\"widget\" data-e-type=\"widget\" data-widget_type=\"text-editor.default\">\n\t\t\t\t<div class=\"elementor-widget-container\">\n\t\t\t\t\t\t\t\t\t<p><strong><a href=\"https:\/\/kalmarpeter.com\/en\/class-reunion\/\">Class reunion (docu-portrait)<\/a><\/strong><br \/>1981 \u2013 MTV FMS (reporter-director)<\/p><p><strong>MTV New Years Eve (show)<\/strong><br \/>1990 \u2013 MTV (director of the Operetta Theater show)<\/p><p><a href=\"https:\/\/kalmarpeter.com\/en\/paudits-show\/\"><strong>Paudits show<\/strong><\/a><br \/>1991 \u2013 MTV (director)<\/p><p><a href=\"https:\/\/kalmarpeter.com\/en\/revue-deja-vu\/\"><strong>Revue Deja Vue (New Years Eve show)<\/strong><\/a><br \/>2001 \u2013 RTL Klub, MTV m1 &amp; m2 (director-producer)<\/p><p><a href=\"https:\/\/kalmarpeter.com\/en\/piano-playing-peter-howard\/\"><strong>Piano Playing Peter Howard (portrait)<\/strong><\/a><br \/>2003 \u2013 MTV (editor-director)<\/p><p><a href=\"https:\/\/kalmarpeter.com\/en\/king-of-broadway\/\"><strong>King of Broadway<\/strong> <\/a>(Hal Prince portrait)<br \/>2006 \u2013 MTV (producer-director)<\/p><p><a href=\"https:\/\/kalmarpeter.com\/en\/stories-from-budapest\/\"><strong>Stories from Budapest (magazine)<\/strong><\/a><br \/>2009 \u2013 (producer-director)<\/p>\t\t\t\t\t\t\t\t<\/div>\n\t\t\t\t<\/div>\n\t\t\t\t<div class=\"elementor-element elementor-element-98fd203 elementor-widget elementor-widget-heading\" data-id=\"98fd203\" data-element_type=\"widget\" data-e-type=\"widget\" data-widget_type=\"heading.default\">\n\t\t\t\t<div class=\"elementor-widget-container\">\n\t\t\t\t\t<h2 class=\"elementor-heading-title elementor-size-default\">ROLES\n<\/h2>\t\t\t\t<\/div>\n\t\t\t\t<\/div>\n\t\t\t\t<div class=\"elementor-element elementor-element-4f0ebb2 elementor-widget elementor-widget-text-editor\" data-id=\"4f0ebb2\" data-element_type=\"widget\" data-e-type=\"widget\" data-widget_type=\"text-editor.default\">\n\t\t\t\t<div class=\"elementor-widget-container\">\n\t\t\t\t\t\t\t\t\t<p><a href=\"https:\/\/kalmarpeter.com\/en\/svejk\/\"><strong>Hasek: Svejk (dir: Dezs\u0151 Kap\u00e1s)<\/strong><\/a><br \/>1998 \u00d3dry Stage \u2013 Role: prison director<\/p><p><a href=\"https:\/\/kalmarpeter.com\/en\/igy-irtok-ti\/\"><strong>Karinthy: That's how you write  (dir: Tam\u00e1s Zilahy)<\/strong><\/a><br \/>\u2013 1996 (MTV, actor, role: Karinthy)<\/p><p><strong>HitSongsTv<\/strong><br \/>\u2013 2000 (MTV)<\/p><p><a href=\"https:\/\/kalmarpeter.com\/en\/1-3\/\"><strong>\u201e1\u201d (dir: Pater Sparrow)<\/strong><\/a><br \/>\u2013 2009 (FILM, actor, role: behavioural scientist)<\/p><p><a href=\"https:\/\/kalmarpeter.com\/en\/just-a-gigolo\/\"><strong>Just a Gigolo<\/strong><\/a><br \/>2024 \u2013 Jur\u00e1nyi (performer)<\/p>\t\t\t\t\t\t\t\t<\/div>\n\t\t\t\t<\/div>\n\t\t\t\t<div class=\"elementor-element elementor-element-80b36ca elementor-widget elementor-widget-heading\" data-id=\"80b36ca\" data-element_type=\"widget\" data-e-type=\"widget\" data-widget_type=\"heading.default\">\n\t\t\t\t<div class=\"elementor-widget-container\">\n\t\t\t\t\t<h2 class=\"elementor-heading-title elementor-size-default\">MISCELLANEOUS<\/h2>\t\t\t\t<\/div>\n\t\t\t\t<\/div>\n\t\t\t\t<div class=\"elementor-element elementor-element-81eb3a9 elementor-widget elementor-widget-text-editor\" data-id=\"81eb3a9\" data-element_type=\"widget\" data-e-type=\"widget\" data-widget_type=\"text-editor.default\">\n\t\t\t\t<div class=\"elementor-widget-container\">\n\t\t\t\t\t\t\t\t\t<p><a href=\"https:\/\/kalmarpeter.com\/en\/moulin-rouge\/\"><strong>Revitalisation of Moulin Rouge Budapest<\/strong><\/a><br \/>\u2013 1998-2001 (owner &amp; art director)<\/p><p><a href=\"https:\/\/kalmarpeter.com\/en\/stage-door\/\"><strong>Stage Door (2003-2005)<\/strong><\/a><br \/>\u2013 gift shop of theatre and film relics (owner)<\/p><p><a href=\"https:\/\/kalmarpeter.com\/en\/spike-hall\/\"><strong>Spike Hall (2006-2008)<\/strong><\/a><br \/>\u2013 development concept, by MNV Zrt.<br \/>Atlantis Congress &amp; Events Hall<br \/>(suspended project...)<\/p><p><a href=\"https:\/\/kalmarpeter.com\/en\/spark-cooltourhouse\/\"><strong>SPARK cool \u2022 tour \u2022 house<\/strong><\/a><br \/>\u2013 2010-2011 (CEO &amp; art director)<\/p><p><strong>STARTUP BUSINESSES<\/strong><\/p><ul><li><a href=\"https:\/\/kalmarpeter.com\/en\/simpaticon\/\"><strong>simpaticon<\/strong><\/a><\/li><li><strong><a href=\"https:\/\/kalmarpeter.com\/en\/citibits\/\">citibits<\/a><\/strong><\/li><li><a href=\"https:\/\/kalmarpeter.com\/en\/rematia\/\"><strong>REMATIA<\/strong><\/a><\/li><li><a href=\"https:\/\/kalmarpeter.com\/en\/yummber\/\"><strong>Yummber<\/strong><\/a><\/li><li><a href=\"https:\/\/kalmarpeter.com\/en\/foodyapp\/\"><strong>Foodyapp<\/strong><\/a><\/li><li><a href=\"https:\/\/kalmarpeter.com\/en\/iwelcome2-budapest\/\"><strong>iWelcome2<\/strong><\/a><\/li><li><a href=\"https:\/\/kalmarpeter.com\/en\/newsystems\/\"><strong>WillB<\/strong><\/a><\/li><li><strong><a href=\"https:\/\/kalmarpeter.com\/en\/newsystems\/\">Yente<\/a><\/strong><\/li><li><strong><a href=\"https:\/\/kalmarpeter.com\/en\/newsystems\/\">Choosly<\/a><\/strong><\/li><\/ul>\t\t\t\t\t\t\t\t<\/div>\n\t\t\t\t<\/div>\n\t\t\t\t<div class=\"elementor-element elementor-element-633f88c elementor-widget elementor-widget-heading\" data-id=\"633f88c\" data-element_type=\"widget\" data-e-type=\"widget\" data-widget_type=\"heading.default\">\n\t\t\t\t<div class=\"elementor-widget-container\">\n\t\t\t\t\t<h2 class=\"elementor-heading-title elementor-size-default\">ADVERTISING \/ AGENCY\n\n<\/h2>\t\t\t\t<\/div>\n\t\t\t\t<\/div>\n\t\t\t\t<div class=\"elementor-element elementor-element-eac1ec1 elementor-widget elementor-widget-text-editor\" data-id=\"eac1ec1\" data-element_type=\"widget\" data-e-type=\"widget\" data-widget_type=\"text-editor.default\">\n\t\t\t\t<div class=\"elementor-widget-container\">\n\t\t\t\t\t\t\t\t\t<p>\u2013 1995 - 2003-ig (creative and production)<br \/><strong>EasyCall, Philips<\/strong><br \/><strong>Danubius<\/strong><br \/><strong>General Currency Bank<\/strong><br \/><strong>AcneStop, stb.<\/strong><\/p><p><strong>EVENTS:<\/strong><\/p><p><strong>Pannon GSM<\/strong><br \/><strong>Le Meridien Hotel grand opening<\/strong><br \/><strong>CocaCola Farewell party (Four Seasons)<\/strong><br \/><a href=\"https:\/\/kalmarpeter.com\/en\/humor-napja\/\"><strong>Day of Humour (2009-2016)<\/strong><\/a><\/p><p><strong>WRITINGS, TRANSLATIONS<\/strong><\/p><p><a href=\"https:\/\/kalmarpeter.com\/en\/sweet-charity\/\"><strong>Sweet Charity (musical)<\/strong><\/a><br \/>\u2013 1986 (script translator)<br \/><a href=\"https:\/\/kalmarpeter.com\/en\/singin-in-the-rain\/\"><strong>Singin\u2019 in the rain<\/strong><\/a><br \/>\u2013 1989  (adaptor)<br \/><a href=\"https:\/\/kalmarpeter.com\/en\/mr-producer\/\"><strong>Mr. Producer (theatrical handbook)<\/strong><\/a><br \/>\u2013 1993 (co-author &amp; publisher)<br \/><strong>Letter to my sponsor friend (Creative)<\/strong><br \/>\u2013 1996 (author)<br \/><strong>Victor \/ Victoria (musical)<\/strong><br \/>\u2013 1999 (translator)<br \/><a href=\"https:\/\/kalmarpeter.com\/en\/premier\/\"><strong>Articles to Premier Magazine<\/strong><\/a><br \/>\u2013 2001-2005<br \/><a href=\"https:\/\/kalmarpeter.com\/en\/closing-hours\/\"><strong>Closing Hours<\/strong><\/a><br \/>libretto<\/p><p><a href=\"https:\/\/kalmarpeter.com\/en\/circus-noir\/\"><strong>Circus Noir<\/strong><\/a><br \/>libretto<\/p><p><a href=\"https:\/\/kalmarpeter.com\/en\/once-upon-a-time-on-a-sunday\/\"><strong>Once upon a time on a Sunday<\/strong><\/a><br \/>screenplay<\/p><p><a href=\"https:\/\/kalmarpeter.com\/en\/the-lovable-investor\/\"><strong>A lovable investor<\/strong><\/a><br \/>screenplay<\/p><p><a href=\"https:\/\/kalmarpeter.com\/en\/dzsaszt-e-zsidolo-regeny\/\"><strong>Just a Gigolo<\/strong><\/a><br \/>2025 \u2013 novel<\/p>\t\t\t\t\t\t\t\t<\/div>\n\t\t\t\t<\/div>\n\t\t\t\t<div class=\"elementor-element elementor-element-c8c6288 elementor-widget elementor-widget-heading\" data-id=\"c8c6288\" data-element_type=\"widget\" data-e-type=\"widget\" data-widget_type=\"heading.default\">\n\t\t\t\t<div class=\"elementor-widget-container\">\n\t\t\t\t\t<h2 class=\"elementor-heading-title elementor-size-default\">MUSIC\n\n<\/h2>\t\t\t\t<\/div>\n\t\t\t\t<\/div>\n\t\t\t\t<div class=\"elementor-element elementor-element-df2b5ff elementor-widget elementor-widget-text-editor\" data-id=\"df2b5ff\" data-element_type=\"widget\" data-e-type=\"widget\" data-widget_type=\"text-editor.default\">\n\t\t\t\t<div class=\"elementor-widget-container\">\n\t\t\t\t\t\t\t\t\t<p><a href=\"https:\/\/kalmarpeter.com\/en\/cicciolina-kebelbaratsag-c-lemez\/\"><strong>Cicciolina Bosom friendship DISC<\/strong><\/a><br \/>\u2013 producer (1989)<\/p><p><a href=\"https:\/\/kalmarpeter.com\/en\/revu-deja-vu-lemez\/\"><strong>Revue Deja Vu<\/strong><\/a><br \/>\u2013 producer (2000)<\/p><p><a href=\"https:\/\/kalmarpeter.com\/en\/bozzi\/\"><strong>The dog whose name was Mr Bozzi<\/strong><\/a><br \/>\u2013 producer (2001)<\/p><p><a href=\"https:\/\/kalmarpeter.com\/en\/not-exactly-a-bar-pianist\/\"><strong>not (exactly) a bar pianist<\/strong><\/a><\/p>\t\t\t\t\t\t\t\t<\/div>\n\t\t\t\t<\/div>\n\t\t\t\t<\/div>\n\t\t\t\t\t<\/div>\n\t\t\t\t<\/div>\n\t\t\t\t<\/div>","protected":false},"excerpt":{"rendered":"<p>Sz\u00fcletett 1964-ben, Budapesten. Szabad\u00fasz\u00f3 rendez\u0151 \u2013 producer \u2013 \u00edr\u00f3 \u2013 sz\u00edn\u00e9sz \u2013 \u00e9s v\u00e1llalkoz\u00f3. H\u00e1rom gyermek apja.Gyereksz\u00edn\u00e9szk\u00e9nt 6 \u00e9ves kor\u00e1t\u00f3l 13 \u00e9ves kor\u00e1ig k\u00fcl\u00f6nf\u00e9le sz\u00ednh\u00e1zi \u00e9s telev\u00edzi\u00f3s produkci\u00f3kban j\u00e1tszott. (Idefigyeljetek gyerekek \u2013 Vid\u00e1m Sz\u00ednpad; A n\u00e9p ellens\u00e9ge \u2013 Katona J\u00f3zsef Sz\u00ednh\u00e1z; A kutya akit Bozzi \u00farnak h\u00edvtak \u2013 F\u0151v\u00e1rosi Operett Sz\u00ednh\u00e1z; Kabar\u00e9 utca \u2013 MTV; [&hellip;]<\/p>","protected":false},"author":1,"featured_media":0,"parent":0,"menu_order":0,"comment_status":"closed","ping_status":"closed","template":"","meta":{"_seopress_robots_primary_cat":"","_seopress_titles_title":"","_seopress_titles_desc":"","_seopress_robots_index":"","footnotes":""},"class_list":["post-10","page","type-page","status-publish","hentry"],"_links":{"self":[{"href":"https:\/\/kalmarpeter.com\/en\/wp-json\/wp\/v2\/pages\/10","targetHints":{"allow":["GET"]}}],"collection":[{"href":"https:\/\/kalmarpeter.com\/en\/wp-json\/wp\/v2\/pages"}],"about":[{"href":"https:\/\/kalmarpeter.com\/en\/wp-json\/wp\/v2\/types\/page"}],"author":[{"embeddable":true,"href":"https:\/\/kalmarpeter.com\/en\/wp-json\/wp\/v2\/users\/1"}],"replies":[{"embeddable":true,"href":"https:\/\/kalmarpeter.com\/en\/wp-json\/wp\/v2\/comments?post=10"}],"version-history":[{"count":5,"href":"https:\/\/kalmarpeter.com\/en\/wp-json\/wp\/v2\/pages\/10\/revisions"}],"predecessor-version":[{"id":3454,"href":"https:\/\/kalmarpeter.com\/en\/wp-json\/wp\/v2\/pages\/10\/revisions\/3454"}],"wp:attachment":[{"href":"https:\/\/kalmarpeter.com\/en\/wp-json\/wp\/v2\/media?parent=10"}],"curies":[{"name":"wp","href":"https:\/\/api.w.org\/{rel}","templated":true}]}}