{"id":1208,"date":"2024-10-15T20:15:10","date_gmt":"2024-10-15T18:15:10","guid":{"rendered":"https:\/\/kalmarpeter.com\/?page_id=1208"},"modified":"2024-10-16T18:24:45","modified_gmt":"2024-10-16T16:24:45","slug":"charleys-aunt","status":"publish","type":"page","link":"https:\/\/kalmarpeter.com\/en\/charleys-aunt\/","title":{"rendered":"CHARLEY\u2019S AUNT"},"content":{"rendered":"<div data-elementor-type=\"wp-page\" data-elementor-id=\"1208\" class=\"elementor elementor-1208\" data-elementor-post-type=\"page\">\n\t\t\t\t<div class=\"elementor-element elementor-element-1fe15dab e-flex e-con-boxed e-con e-parent\" data-id=\"1fe15dab\" data-element_type=\"container\" data-e-type=\"container\">\n\t\t\t\t\t<div class=\"e-con-inner\">\n\t\t<div class=\"elementor-element elementor-element-1be1b766 e-con-full e-flex e-con e-child\" data-id=\"1be1b766\" data-element_type=\"container\" data-e-type=\"container\">\n\t\t\t\t<div class=\"elementor-element elementor-element-31cb3fb6 elementor-widget elementor-widget-image\" data-id=\"31cb3fb6\" data-element_type=\"widget\" data-e-type=\"widget\" data-widget_type=\"image.default\">\n\t\t\t\t<div class=\"elementor-widget-container\">\n\t\t\t\t\t\t\t\t\t\t\t\t\t\t\t<img fetchpriority=\"high\" decoding=\"async\" width=\"800\" height=\"500\" src=\"https:\/\/kalmarpeter.com\/wp-content\/uploads\/2024\/10\/Charley-oldal-teteje-foto-1024x640.jpg\" class=\"attachment-large size-large wp-image-1213\" alt=\"\" srcset=\"https:\/\/kalmarpeter.com\/wp-content\/uploads\/2024\/10\/Charley-oldal-teteje-foto-1024x640.jpg 1024w, https:\/\/kalmarpeter.com\/wp-content\/uploads\/2024\/10\/Charley-oldal-teteje-foto-300x187.jpg 300w, https:\/\/kalmarpeter.com\/wp-content\/uploads\/2024\/10\/Charley-oldal-teteje-foto-768x480.jpg 768w, https:\/\/kalmarpeter.com\/wp-content\/uploads\/2024\/10\/Charley-oldal-teteje-foto-1536x959.jpg 1536w, https:\/\/kalmarpeter.com\/wp-content\/uploads\/2024\/10\/Charley-oldal-teteje-foto.jpg 1745w\" sizes=\"(max-width: 800px) 100vw, 800px\" \/>\t\t\t\t\t\t\t\t\t\t\t\t\t\t\t<\/div>\n\t\t\t\t<\/div>\n\t\t\t\t<div class=\"elementor-element elementor-element-260986ff elementor-arrows-position-inside elementor-pagination-position-outside elementor-widget elementor-widget-image-carousel\" data-id=\"260986ff\" data-element_type=\"widget\" data-e-type=\"widget\" data-settings=\"{&quot;slides_to_show&quot;:&quot;1&quot;,&quot;navigation&quot;:&quot;both&quot;,&quot;autoplay&quot;:&quot;yes&quot;,&quot;pause_on_hover&quot;:&quot;yes&quot;,&quot;pause_on_interaction&quot;:&quot;yes&quot;,&quot;autoplay_speed&quot;:5000,&quot;infinite&quot;:&quot;yes&quot;,&quot;effect&quot;:&quot;slide&quot;,&quot;speed&quot;:500}\" data-widget_type=\"image-carousel.default\">\n\t\t\t\t<div class=\"elementor-widget-container\">\n\t\t\t\t\t\t\t<div class=\"elementor-image-carousel-wrapper swiper\" role=\"region\" aria-roledescription=\"carousel\" aria-label=\"Image Carousel\" dir=\"ltr\" data-no-translation-aria-label=\"\">\n\t\t\t<div class=\"elementor-image-carousel swiper-wrapper\" aria-live=\"off\">\n\t\t\t\t\t\t\t\t<div class=\"swiper-slide\" role=\"group\" aria-roledescription=\"slide\" aria-label=\"1 of 1\" data-no-translation-aria-label=\"\"><figure class=\"swiper-slide-inner\"><img decoding=\"async\" class=\"swiper-slide-image\" src=\"https:\/\/kalmarpeter.com\/wp-content\/uploads\/2024\/10\/04-2.jpg\" alt=\"04-2\" \/><\/figure><\/div>\t\t\t<\/div>\n\t\t\t\t\t<\/div>\n\t\t\t\t\t\t<\/div>\n\t\t\t\t<\/div>\n\t\t\t\t<\/div>\n\t\t<div class=\"elementor-element elementor-element-42a7f117 e-con-full e-flex e-con e-child\" data-id=\"42a7f117\" data-element_type=\"container\" data-e-type=\"container\">\n\t\t\t\t<div class=\"elementor-element elementor-element-27451adc elementor-widget elementor-widget-heading\" data-id=\"27451adc\" data-element_type=\"widget\" data-e-type=\"widget\" data-widget_type=\"heading.default\">\n\t\t\t\t<div class=\"elementor-widget-container\">\n\t\t\t\t\t<h1 class=\"elementor-heading-title elementor-size-default\">CHARLEY\u2019S AUNT<\/h1>\t\t\t\t<\/div>\n\t\t\t\t<\/div>\n\t\t\t\t<div class=\"elementor-element elementor-element-3ec631fb elementor-widget elementor-widget-text-editor\" data-id=\"3ec631fb\" data-element_type=\"widget\" data-e-type=\"widget\" data-widget_type=\"text-editor.default\">\n\t\t\t\t<div class=\"elementor-widget-container\">\n\t\t\t\t\t\t\t\t\t<p>Brandon Thomas \u2013 Aldobolyi \u2013 Szenes<br \/><strong>CHARLEY\u2019S AUNT<\/strong><\/p><p>1989<br \/>G\u00e9za G\u00e1rdonyi Theatre (Eger)<\/p><p>Cast:<\/p><p>Lord Frank Babberley: J\u00f3zsef M. Horv\u00e1th<br \/>Jack Toplebee: Gy\u00f6rgy Szathm\u00e1ri<br \/>Charley Wykeham: Zolt\u00e1n Megyeri<br \/>Sir Francis Toplebee: L\u00e1szl\u00f3 Kiss<br \/>Donna Lucia D\u2019Alvadorez: \u00c9va Rib\u00e1r<br \/>Ella: Ibolya K\u0151sz\u00e1li<br \/>Stephen Spittigue: Jen\u0151 Korcsm\u00e1ros<br \/>Kitty: Judit Rom\u00e1n<br \/>Annie: Ilona Pasqualetti<br \/>Brasett: Tibor Solymosi<\/p><p>Set and Costume Design: S\u00e1ndor Piros<br \/>Music Director: Gy\u00f6rgy Aldobolyi-Nagy<br \/>Choreographer: J\u00f3zsef Gajdos<br \/>Director: P\u00e9ter Kalm\u00e1r<\/p>\t\t\t\t\t\t\t\t<\/div>\n\t\t\t\t<\/div>\n\t\t\t\t<\/div>\n\t\t\t\t\t<\/div>\n\t\t\t\t<\/div>\n\t\t<div class=\"elementor-element elementor-element-19a56f20 e-flex e-con-boxed e-con e-parent\" data-id=\"19a56f20\" data-element_type=\"container\" data-e-type=\"container\">\n\t\t\t\t\t<div class=\"e-con-inner\">\n\t\t\t\t<div class=\"elementor-element elementor-element-30ec18b9 e-n-tabs-none elementor-widget elementor-widget-n-tabs\" data-id=\"30ec18b9\" data-element_type=\"widget\" data-e-type=\"widget\" data-settings=\"{&quot;tabs_justify_horizontal&quot;:&quot;stretch&quot;,&quot;tabs_justify_horizontal_tablet&quot;:&quot;stretch&quot;,&quot;tabs_justify_horizontal_mobile&quot;:&quot;stretch&quot;,&quot;horizontal_scroll&quot;:&quot;disable&quot;}\" data-widget_type=\"nested-tabs.default\">\n\t\t\t\t<div class=\"elementor-widget-container\">\n\t\t\t\t\t\t\t<div class=\"e-n-tabs\" data-widget-number=\"820779193\" aria-label=\"Tabs. Open items with Enter or Space, close with Escape and navigate using the Arrow keys.\" data-no-translation-aria-label=\"\">\n\t\t\t<div class=\"e-n-tabs-heading\" role=\"tablist\">\n\t\t\t\t\t<button id=\"e-n-tab-title-8207791931\" data-tab-title-id=\"e-n-tab-title-8207791931\" class=\"e-n-tab-title\" aria-selected=\"true\" data-tab-index=\"1\" role=\"tab\" tabindex=\"0\" aria-controls=\"e-n-tab-content-8207791931\" style=\"--n-tabs-title-order: 1;\">\n\t\t\t\t\t\t<span class=\"e-n-tab-title-text\">\n\t\t\t\tPress\t\t\t<\/span>\n\t\t<\/button>\n\t\t\t\t\t<\/div>\n\t\t\t<div class=\"e-n-tabs-content\">\n\t\t\t\t<div id=\"e-n-tab-content-8207791931\" role=\"tabpanel\" aria-labelledby=\"e-n-tab-title-8207791931\" data-tab-index=\"1\" style=\"--n-tabs-title-order: 1;\" class=\"e-active elementor-element elementor-element-68910e15 e-flex e-con-boxed e-con e-child\" data-id=\"68910e15\" data-element_type=\"container\" data-e-type=\"container\">\n\t\t\t\t\t<div class=\"e-con-inner\">\n\t\t<div class=\"elementor-element elementor-element-5d213c8 e-con-full e-flex e-con e-child\" data-id=\"5d213c8\" data-element_type=\"container\" data-e-type=\"container\">\n\t\t\t\t<div class=\"elementor-element elementor-element-7c9c2ab9 elementor-widget elementor-widget-gallery\" data-id=\"7c9c2ab9\" data-element_type=\"widget\" data-e-type=\"widget\" data-settings=\"{&quot;lazyload&quot;:&quot;yes&quot;,&quot;gallery_layout&quot;:&quot;grid&quot;,&quot;columns&quot;:4,&quot;columns_tablet&quot;:2,&quot;columns_mobile&quot;:1,&quot;gap&quot;:{&quot;unit&quot;:&quot;px&quot;,&quot;size&quot;:10,&quot;sizes&quot;:[]},&quot;gap_tablet&quot;:{&quot;unit&quot;:&quot;px&quot;,&quot;size&quot;:10,&quot;sizes&quot;:[]},&quot;gap_mobile&quot;:{&quot;unit&quot;:&quot;px&quot;,&quot;size&quot;:10,&quot;sizes&quot;:[]},&quot;link_to&quot;:&quot;file&quot;,&quot;aspect_ratio&quot;:&quot;3:2&quot;,&quot;overlay_background&quot;:&quot;yes&quot;,&quot;content_hover_animation&quot;:&quot;fade-in&quot;}\" data-widget_type=\"gallery.default\">\n\t\t\t\t<div class=\"elementor-widget-container\">\n\t\t\t\t\t\t\t<div class=\"elementor-gallery__container\">\n\t\t\t\t\t\t\t<a class=\"e-gallery-item elementor-gallery-item elementor-animated-content\" href=\"https:\/\/kalmarpeter.com\/wp-content\/uploads\/2024\/10\/charley-press-2-scaled.jpg\" data-elementor-open-lightbox=\"yes\" data-elementor-lightbox-slideshow=\"7c9c2ab9\" data-elementor-lightbox-title=\"charley-press-2\" data-e-action-hash=\"#elementor-action%3Aaction%3Dlightbox%26settings%3DeyJpZCI6MTIxNCwidXJsIjoiaHR0cHM6XC9cL2thbG1hcnBldGVyLmNvbVwvd3AtY29udGVudFwvdXBsb2Fkc1wvMjAyNFwvMTBcL2NoYXJsZXktcHJlc3MtMi1zY2FsZWQuanBnIiwic2xpZGVzaG93IjoiN2M5YzJhYjkifQ%3D%3D\">\n\t\t\t\t\t<div class=\"e-gallery-image elementor-gallery-item__image\" data-thumbnail=\"https:\/\/kalmarpeter.com\/wp-content\/uploads\/2024\/10\/charley-press-2-scaled.jpg\" data-width=\"2560\" data-height=\"1681\" aria-label=\"\" role=\"img\" ><\/div>\n\t\t\t\t\t\t\t\t\t\t\t<div class=\"elementor-gallery-item__overlay\"><\/div>\n\t\t\t\t\t\t\t\t\t\t\t\t\t\t<\/a>\n\t\t\t\t\t\t\t<a class=\"e-gallery-item elementor-gallery-item elementor-animated-content\" href=\"https:\/\/kalmarpeter.com\/wp-content\/uploads\/2024\/10\/charley-press-1.jpg\" data-elementor-open-lightbox=\"yes\" data-elementor-lightbox-slideshow=\"7c9c2ab9\" data-elementor-lightbox-title=\"charley-press-1\" data-e-action-hash=\"#elementor-action%3Aaction%3Dlightbox%26settings%3DeyJpZCI6MTIxNSwidXJsIjoiaHR0cHM6XC9cL2thbG1hcnBldGVyLmNvbVwvd3AtY29udGVudFwvdXBsb2Fkc1wvMjAyNFwvMTBcL2NoYXJsZXktcHJlc3MtMS5qcGciLCJzbGlkZXNob3ciOiI3YzljMmFiOSJ9\">\n\t\t\t\t\t<div class=\"e-gallery-image elementor-gallery-item__image\" data-thumbnail=\"https:\/\/kalmarpeter.com\/wp-content\/uploads\/2024\/10\/charley-press-1.jpg\" data-width=\"279\" data-height=\"800\" aria-label=\"\" role=\"img\" ><\/div>\n\t\t\t\t\t\t\t\t\t\t\t<div class=\"elementor-gallery-item__overlay\"><\/div>\n\t\t\t\t\t\t\t\t\t\t\t\t\t\t<\/a>\n\t\t\t\t\t<\/div>\n\t\t\t\t\t<\/div>\n\t\t\t\t<\/div>\n\t\t\t\t<\/div>\n\t\t\t\t\t<\/div>\n\t\t\t\t<\/div>\n\t\t\t\t\t<\/div>\n\t\t<\/div>\n\t\t\t\t\t\t<\/div>\n\t\t\t\t<\/div>\n\t\t\t\t\t<\/div>\n\t\t\t\t<\/div>\n\t\t\t\t<\/div>","protected":false},"excerpt":{"rendered":"<p>Brandon Thomas \u2013 Aldobolyi \u2013 SzenesCHARLEY N\u00c9NJE 1989G\u00e1rdonyi G\u00e9za Sz\u00ednh\u00e1z (Eger) szerepl\u0151k: Lord Frank Babberley: M. Horv\u00e1th J\u00f3zsefJack Toplebee: Szathm\u00e1ri Gy\u00f6rgyCharley Wykeham: Megyeri Zolt\u00e1nSir Francis Toplebee: Kiss L\u00e1szl\u00f3Donna Lucia D\u2019Alvadorez: Rib\u00e1r \u00c9vaElla: K\u0151sz\u00e1li IbolyaStephen Spittigue: Korcsm\u00e1ros Jen\u0151Kitty: Rom\u00e1n JuditAnnie: Pasqualetti IlonaBrasett: Solymosi Tibor D\u00edszlet-jelmez: Piros S\u00e1ndorZenei vezet\u0151: Aldobolyi-Nagy Gy\u00f6rgyKoreogr\u00e1fus: Gajdos J\u00f3zsefRendez\u0151: Kalm\u00e1r P\u00e9ter Sajt\u00f3<\/p>","protected":false},"author":1,"featured_media":0,"parent":0,"menu_order":0,"comment_status":"closed","ping_status":"closed","template":"","meta":{"_seopress_robots_primary_cat":"","_seopress_titles_title":"","_seopress_titles_desc":"","_seopress_robots_index":"","footnotes":""},"class_list":["post-1208","page","type-page","status-publish","hentry"],"_links":{"self":[{"href":"https:\/\/kalmarpeter.com\/en\/wp-json\/wp\/v2\/pages\/1208","targetHints":{"allow":["GET"]}}],"collection":[{"href":"https:\/\/kalmarpeter.com\/en\/wp-json\/wp\/v2\/pages"}],"about":[{"href":"https:\/\/kalmarpeter.com\/en\/wp-json\/wp\/v2\/types\/page"}],"author":[{"embeddable":true,"href":"https:\/\/kalmarpeter.com\/en\/wp-json\/wp\/v2\/users\/1"}],"replies":[{"embeddable":true,"href":"https:\/\/kalmarpeter.com\/en\/wp-json\/wp\/v2\/comments?post=1208"}],"version-history":[{"count":5,"href":"https:\/\/kalmarpeter.com\/en\/wp-json\/wp\/v2\/pages\/1208\/revisions"}],"predecessor-version":[{"id":1804,"href":"https:\/\/kalmarpeter.com\/en\/wp-json\/wp\/v2\/pages\/1208\/revisions\/1804"}],"wp:attachment":[{"href":"https:\/\/kalmarpeter.com\/en\/wp-json\/wp\/v2\/media?parent=1208"}],"curies":[{"name":"wp","href":"https:\/\/api.w.org\/{rel}","templated":true}]}}