{"id":1302,"date":"2024-10-15T20:43:03","date_gmt":"2024-10-15T18:43:03","guid":{"rendered":"https:\/\/kalmarpeter.com\/?page_id=1302"},"modified":"2024-10-17T15:50:24","modified_gmt":"2024-10-17T13:50:24","slug":"kasszasiker","status":"publish","type":"page","link":"https:\/\/kalmarpeter.com\/en\/kasszasiker\/","title":{"rendered":"Bank on it!"},"content":{"rendered":"<div data-elementor-type=\"wp-page\" data-elementor-id=\"1302\" class=\"elementor elementor-1302\" data-elementor-post-type=\"page\">\n\t\t\t\t<div class=\"elementor-element elementor-element-17089539 e-flex e-con-boxed e-con e-parent\" data-id=\"17089539\" data-element_type=\"container\" data-e-type=\"container\">\n\t\t\t\t\t<div class=\"e-con-inner\">\n\t\t<div class=\"elementor-element elementor-element-7b205e60 e-con-full e-flex e-con e-child\" data-id=\"7b205e60\" data-element_type=\"container\" data-e-type=\"container\">\n\t\t\t\t<div class=\"elementor-element elementor-element-40df2d5 elementor-widget elementor-widget-image\" data-id=\"40df2d5\" data-element_type=\"widget\" data-e-type=\"widget\" data-widget_type=\"image.default\">\n\t\t\t\t<div class=\"elementor-widget-container\">\n\t\t\t\t\t\t\t\t\t\t\t\t\t\t\t<img fetchpriority=\"high\" decoding=\"async\" width=\"800\" height=\"800\" src=\"https:\/\/kalmarpeter.com\/wp-content\/uploads\/2024\/10\/Kasszasiker-1.jpg\" class=\"attachment-large size-large wp-image-496\" alt=\"\" srcset=\"https:\/\/kalmarpeter.com\/wp-content\/uploads\/2024\/10\/Kasszasiker-1.jpg 1000w, https:\/\/kalmarpeter.com\/wp-content\/uploads\/2024\/10\/Kasszasiker-1-300x300.jpg 300w, https:\/\/kalmarpeter.com\/wp-content\/uploads\/2024\/10\/Kasszasiker-1-150x150.jpg 150w, https:\/\/kalmarpeter.com\/wp-content\/uploads\/2024\/10\/Kasszasiker-1-768x768.jpg 768w\" sizes=\"(max-width: 800px) 100vw, 800px\" \/>\t\t\t\t\t\t\t\t\t\t\t\t\t\t\t<\/div>\n\t\t\t\t<\/div>\n\t\t\t\t<div class=\"elementor-element elementor-element-3778d5b6 elementor-arrows-position-outside elementor-pagination-position-outside elementor-widget elementor-widget-image-carousel\" data-id=\"3778d5b6\" data-element_type=\"widget\" data-e-type=\"widget\" data-settings=\"{&quot;slides_to_show&quot;:&quot;1&quot;,&quot;navigation&quot;:&quot;both&quot;,&quot;autoplay&quot;:&quot;yes&quot;,&quot;pause_on_hover&quot;:&quot;yes&quot;,&quot;pause_on_interaction&quot;:&quot;yes&quot;,&quot;autoplay_speed&quot;:5000,&quot;infinite&quot;:&quot;yes&quot;,&quot;effect&quot;:&quot;slide&quot;,&quot;speed&quot;:500}\" data-widget_type=\"image-carousel.default\">\n\t\t\t\t<div class=\"elementor-widget-container\">\n\t\t\t\t\t\t\t<div class=\"elementor-image-carousel-wrapper swiper\" role=\"region\" aria-roledescription=\"carousel\" aria-label=\"Image Carousel\" dir=\"ltr\" data-no-translation-aria-label=\"\">\n\t\t\t<div class=\"elementor-image-carousel swiper-wrapper\" aria-live=\"off\">\n\t\t\t\t\t\t\t\t<div class=\"swiper-slide\" role=\"group\" aria-roledescription=\"slide\" aria-label=\"1 of 7\" data-no-translation-aria-label=\"\"><figure class=\"swiper-slide-inner\"><img decoding=\"async\" class=\"swiper-slide-image\" src=\"https:\/\/kalmarpeter.com\/wp-content\/uploads\/2024\/10\/kasszasiker-07.jpg\" alt=\"kasszasiker-07\" \/><\/figure><\/div><div class=\"swiper-slide\" role=\"group\" aria-roledescription=\"slide\" aria-label=\"2 of 7\" data-no-translation-aria-label=\"\"><figure class=\"swiper-slide-inner\"><img decoding=\"async\" class=\"swiper-slide-image\" src=\"https:\/\/kalmarpeter.com\/wp-content\/uploads\/2024\/10\/kasszasiker-06.jpg\" alt=\"kasszasiker-06\" \/><\/figure><\/div><div class=\"swiper-slide\" role=\"group\" aria-roledescription=\"slide\" aria-label=\"3 of 7\" data-no-translation-aria-label=\"\"><figure class=\"swiper-slide-inner\"><img decoding=\"async\" class=\"swiper-slide-image\" src=\"https:\/\/kalmarpeter.com\/wp-content\/uploads\/2024\/10\/kasszasiker-05.jpg\" alt=\"kasszasiker-05\" \/><\/figure><\/div><div class=\"swiper-slide\" role=\"group\" aria-roledescription=\"slide\" aria-label=\"4 of 7\" data-no-translation-aria-label=\"\"><figure class=\"swiper-slide-inner\"><img decoding=\"async\" class=\"swiper-slide-image\" src=\"https:\/\/kalmarpeter.com\/wp-content\/uploads\/2024\/10\/kasszasiker-04.jpg\" alt=\"kasszasiker-04\" \/><\/figure><\/div><div class=\"swiper-slide\" role=\"group\" aria-roledescription=\"slide\" aria-label=\"5 of 7\" data-no-translation-aria-label=\"\"><figure class=\"swiper-slide-inner\"><img decoding=\"async\" class=\"swiper-slide-image\" src=\"https:\/\/kalmarpeter.com\/wp-content\/uploads\/2024\/10\/kasszasiker-03.jpg\" alt=\"kasszasiker-03\" \/><\/figure><\/div><div class=\"swiper-slide\" role=\"group\" aria-roledescription=\"slide\" aria-label=\"6 of 7\" data-no-translation-aria-label=\"\"><figure class=\"swiper-slide-inner\"><img decoding=\"async\" class=\"swiper-slide-image\" src=\"https:\/\/kalmarpeter.com\/wp-content\/uploads\/2024\/10\/kasszasiker-02.jpg\" alt=\"kasszasiker-02\" \/><\/figure><\/div><div class=\"swiper-slide\" role=\"group\" aria-roledescription=\"slide\" aria-label=\"7 of 7\" data-no-translation-aria-label=\"\"><figure class=\"swiper-slide-inner\"><img decoding=\"async\" class=\"swiper-slide-image\" src=\"https:\/\/kalmarpeter.com\/wp-content\/uploads\/2024\/10\/kasszasiker-01.jpg\" alt=\"kasszasiker-01\" \/><\/figure><\/div>\t\t\t<\/div>\n\t\t\t\t\t\t\t\t\t\t\t\t<div class=\"elementor-swiper-button elementor-swiper-button-prev\" role=\"button\" tabindex=\"0\">\n\t\t\t\t\t\t<svg aria-hidden=\"true\" class=\"e-font-icon-svg e-eicon-chevron-left\" viewbox=\"0 0 1000 1000\" xmlns=\"http:\/\/www.w3.org\/2000\/svg\"><path d=\"M646 125C629 125 613 133 604 142L308 442C296 454 292 471 292 487 292 504 296 521 308 533L604 854C617 867 629 875 646 875 663 875 679 871 692 858 704 846 713 829 713 812 713 796 708 779 692 767L438 487 692 225C700 217 708 204 708 187 708 171 704 154 692 142 675 129 663 125 646 125Z\"><\/path><\/svg>\t\t\t\t\t<\/div>\n\t\t\t\t\t<div class=\"elementor-swiper-button elementor-swiper-button-next\" role=\"button\" tabindex=\"0\">\n\t\t\t\t\t\t<svg aria-hidden=\"true\" class=\"e-font-icon-svg e-eicon-chevron-right\" viewbox=\"0 0 1000 1000\" xmlns=\"http:\/\/www.w3.org\/2000\/svg\"><path d=\"M696 533C708 521 713 504 713 487 713 471 708 454 696 446L400 146C388 133 375 125 354 125 338 125 325 129 313 142 300 154 292 171 292 187 292 204 296 221 308 233L563 492 304 771C292 783 288 800 288 817 288 833 296 850 308 863 321 871 338 875 354 875 371 875 388 867 400 854L696 533Z\"><\/path><\/svg>\t\t\t\t\t<\/div>\n\t\t\t\t\n\t\t\t\t\t\t\t\t\t<div class=\"swiper-pagination\"><\/div>\n\t\t\t\t\t\t\t\t\t<\/div>\n\t\t\t\t\t\t<\/div>\n\t\t\t\t<\/div>\n\t\t\t\t<\/div>\n\t\t<div class=\"elementor-element elementor-element-40789619 e-con-full e-flex e-con e-child\" data-id=\"40789619\" data-element_type=\"container\" data-e-type=\"container\">\n\t\t\t\t<div class=\"elementor-element elementor-element-73351c5b elementor-widget elementor-widget-heading\" data-id=\"73351c5b\" data-element_type=\"widget\" data-e-type=\"widget\" data-widget_type=\"heading.default\">\n\t\t\t\t<div class=\"elementor-widget-container\">\n\t\t\t\t\t<h1 class=\"elementor-heading-title elementor-size-default\">Bank on it!<\/h1>\t\t\t\t<\/div>\n\t\t\t\t<\/div>\n\t\t\t\t<div class=\"elementor-element elementor-element-18242692 elementor-widget elementor-widget-text-editor\" data-id=\"18242692\" data-element_type=\"widget\" data-e-type=\"widget\" data-widget_type=\"text-editor.default\">\n\t\t\t\t<div class=\"elementor-widget-container\">\n\t\t\t\t\t\t\t\t\t<p>Fodor L\u00e1szl\u00f3 \u2013 Lakatos L\u00e1szl\u00f3 \u2013 Fekete M\u00e1ria \u2013 <br \/>Verebes Istv\u00e1n \u2013 Kalm\u00e1r P\u00e9ter<br \/><strong>Bank on it!<\/strong><\/p><p>1994<br \/>M\u00f3ricz Zsigmond Theatre (Ny\u00edregyh\u00e1za)<\/p><p>Cast:<\/p><p>BORONKAI GY\u00d6RGY: Megyeri Zolt\u00e1n<br \/>ERVIN, TITK\u00c1R: Horv\u00e1th L\u00e1szl\u00f3 Attila<br \/>KL\u00c1RIKA: Perj\u00e9s Hilda<br \/>S\u00c1RIKA: R\u00e9ti Szilvia<br \/>HOLUB KORN\u00c9L: B\u00e1r\u00e1ny Frigyes<br \/>NIKOLITS: Hetey L\u00e1szl\u00f3<br \/>FRAU GERTRUD: Zubor \u00c1gnes<br \/>ALTISZT: T\u00f3th K\u00e1roly<br \/>BICSINSZKY: Koblicska K\u00e1lm\u00e1n<\/p><p>Set Design: Zeke Edit<br \/>Costume Design: Szekulesz Judit<br \/>Music Director: Kaz\u00e1r P\u00e1l<br \/>Choreographer: Magyar \u00c9va<br \/>Director: P\u00e9ter Kalm\u00e1r<\/p>\t\t\t\t\t\t\t\t<\/div>\n\t\t\t\t<\/div>\n\t\t\t\t<\/div>\n\t\t\t\t\t<\/div>\n\t\t\t\t<\/div>\n\t\t\t\t<\/div>","protected":false},"excerpt":{"rendered":"<p>Fodor L\u00e1szl\u00f3 \u2013 Lakatos L\u00e1szl\u00f3 \u2013 Fekete M\u00e1ria \u2013 Verebes Istv\u00e1n \u2013 Kalm\u00e1r P\u00e9terKASSZASIKER 1994M\u00f3ricz Zsigmond Sz\u00ednh\u00e1z (Ny\u00edregyh\u00e1za) szerepl\u0151k: BORONKAI GY\u00d6RGY: Megyeri Zolt\u00e1nERVIN, TITK\u00c1R: Horv\u00e1th L\u00e1szl\u00f3 AttilaKL\u00c1RIKA: Perj\u00e9s HildaS\u00c1RIKA: R\u00e9ti SzilviaHOLUB KORN\u00c9L: B\u00e1r\u00e1ny FrigyesNIKOLITS: Hetey L\u00e1szl\u00f3FRAU GERTRUD: Zubor \u00c1gnesALTISZT: T\u00f3th K\u00e1rolyBICSINSZKY: Koblicska K\u00e1lm\u00e1n D\u00edszlet: Zeke EditJelmez: Szekulesz JuditZenei vezet\u0151: Kaz\u00e1r P\u00e1lKoreogr\u00e1fus: Magyar \u00c9vaRendez\u0151: Kalm\u00e1r P\u00e9ter<\/p>","protected":false},"author":1,"featured_media":0,"parent":0,"menu_order":0,"comment_status":"closed","ping_status":"closed","template":"","meta":{"_seopress_robots_primary_cat":"","_seopress_titles_title":"","_seopress_titles_desc":"","_seopress_robots_index":"","footnotes":""},"class_list":["post-1302","page","type-page","status-publish","hentry"],"_links":{"self":[{"href":"https:\/\/kalmarpeter.com\/en\/wp-json\/wp\/v2\/pages\/1302","targetHints":{"allow":["GET"]}}],"collection":[{"href":"https:\/\/kalmarpeter.com\/en\/wp-json\/wp\/v2\/pages"}],"about":[{"href":"https:\/\/kalmarpeter.com\/en\/wp-json\/wp\/v2\/types\/page"}],"author":[{"embeddable":true,"href":"https:\/\/kalmarpeter.com\/en\/wp-json\/wp\/v2\/users\/1"}],"replies":[{"embeddable":true,"href":"https:\/\/kalmarpeter.com\/en\/wp-json\/wp\/v2\/comments?post=1302"}],"version-history":[{"count":5,"href":"https:\/\/kalmarpeter.com\/en\/wp-json\/wp\/v2\/pages\/1302\/revisions"}],"predecessor-version":[{"id":3049,"href":"https:\/\/kalmarpeter.com\/en\/wp-json\/wp\/v2\/pages\/1302\/revisions\/3049"}],"wp:attachment":[{"href":"https:\/\/kalmarpeter.com\/en\/wp-json\/wp\/v2\/media?parent=1302"}],"curies":[{"name":"wp","href":"https:\/\/api.w.org\/{rel}","templated":true}]}}