{"id":1600,"date":"2024-10-16T15:52:22","date_gmt":"2024-10-16T13:52:22","guid":{"rendered":"https:\/\/kalmarpeter.com\/?page_id=1600"},"modified":"2024-10-17T09:20:17","modified_gmt":"2024-10-17T07:20:17","slug":"idefigyeljetek-gyerekek","status":"publish","type":"page","link":"https:\/\/kalmarpeter.com\/en\/idefigyeljetek-gyerekek\/","title":{"rendered":"Listen up, kids!"},"content":{"rendered":"<div data-elementor-type=\"wp-page\" data-elementor-id=\"1600\" class=\"elementor elementor-1600\" data-elementor-post-type=\"page\">\n\t\t\t\t<div class=\"elementor-element elementor-element-2a5c5ae7 e-flex e-con-boxed e-con e-parent\" data-id=\"2a5c5ae7\" data-element_type=\"container\" data-e-type=\"container\">\n\t\t\t\t\t<div class=\"e-con-inner\">\n\t\t<div class=\"elementor-element elementor-element-6ec96b66 e-con-full e-flex e-con e-child\" data-id=\"6ec96b66\" data-element_type=\"container\" data-e-type=\"container\">\n\t\t\t\t<div class=\"elementor-element elementor-element-11fd9480 elementor-widget elementor-widget-image\" data-id=\"11fd9480\" data-element_type=\"widget\" data-e-type=\"widget\" data-widget_type=\"image.default\">\n\t\t\t\t<div class=\"elementor-widget-container\">\n\t\t\t\t\t\t\t\t\t\t\t\t\t\t\t<img fetchpriority=\"high\" decoding=\"async\" width=\"800\" height=\"800\" src=\"https:\/\/kalmarpeter.com\/wp-content\/uploads\/2024\/10\/Idefigyeljetek.jpg\" class=\"attachment-large size-large wp-image-891\" alt=\"\" srcset=\"https:\/\/kalmarpeter.com\/wp-content\/uploads\/2024\/10\/Idefigyeljetek.jpg 1000w, https:\/\/kalmarpeter.com\/wp-content\/uploads\/2024\/10\/Idefigyeljetek-300x300.jpg 300w, https:\/\/kalmarpeter.com\/wp-content\/uploads\/2024\/10\/Idefigyeljetek-150x150.jpg 150w, https:\/\/kalmarpeter.com\/wp-content\/uploads\/2024\/10\/Idefigyeljetek-768x768.jpg 768w\" sizes=\"(max-width: 800px) 100vw, 800px\" \/>\t\t\t\t\t\t\t\t\t\t\t\t\t\t\t<\/div>\n\t\t\t\t<\/div>\n\t\t\t\t<div class=\"elementor-element elementor-element-7320dbe8 elementor-arrows-position-inside elementor-pagination-position-outside elementor-widget elementor-widget-image-carousel\" data-id=\"7320dbe8\" data-element_type=\"widget\" data-e-type=\"widget\" data-settings=\"{&quot;slides_to_show&quot;:&quot;1&quot;,&quot;navigation&quot;:&quot;both&quot;,&quot;autoplay&quot;:&quot;yes&quot;,&quot;pause_on_hover&quot;:&quot;yes&quot;,&quot;pause_on_interaction&quot;:&quot;yes&quot;,&quot;autoplay_speed&quot;:5000,&quot;infinite&quot;:&quot;yes&quot;,&quot;effect&quot;:&quot;slide&quot;,&quot;speed&quot;:500}\" data-widget_type=\"image-carousel.default\">\n\t\t\t\t<div class=\"elementor-widget-container\">\n\t\t\t\t\t\t\t<div class=\"elementor-image-carousel-wrapper swiper\" role=\"region\" aria-roledescription=\"carousel\" aria-label=\"K\u00e9p k\u00f6rhinta\" dir=\"ltr\">\n\t\t\t<div class=\"elementor-image-carousel swiper-wrapper\" aria-live=\"off\">\n\t\t\t\t\t\t\t\t<div class=\"swiper-slide\" role=\"group\" aria-roledescription=\"slide\" aria-label=\"1 \/ 1\"><figure class=\"swiper-slide-inner\"><img decoding=\"async\" class=\"swiper-slide-image\" src=\"https:\/\/kalmarpeter.com\/wp-content\/uploads\/2024\/10\/Alfonzo_en.jpg\" alt=\"Alfonzo_e\u0301n\" \/><\/figure><\/div>\t\t\t<\/div>\n\t\t\t\t\t<\/div>\n\t\t\t\t\t\t<\/div>\n\t\t\t\t<\/div>\n\t\t\t\t<\/div>\n\t\t<div class=\"elementor-element elementor-element-6f304603 e-con-full e-flex e-con e-child\" data-id=\"6f304603\" data-element_type=\"container\" data-e-type=\"container\">\n\t\t\t\t<div class=\"elementor-element elementor-element-4955a2a0 elementor-widget elementor-widget-heading\" data-id=\"4955a2a0\" data-element_type=\"widget\" data-e-type=\"widget\" data-widget_type=\"heading.default\">\n\t\t\t\t<div class=\"elementor-widget-container\">\n\t\t\t\t\t<h1 class=\"elementor-heading-title elementor-size-default\">Listen up, kids!<\/h1>\t\t\t\t<\/div>\n\t\t\t\t<\/div>\n\t\t\t\t<div class=\"elementor-element elementor-element-2570b3a1 elementor-widget elementor-widget-text-editor\" data-id=\"2570b3a1\" data-element_type=\"widget\" data-e-type=\"widget\" data-widget_type=\"text-editor.default\">\n\t\t\t\t<div class=\"elementor-widget-container\">\n\t\t\t\t\t\t\t\t\t<p>1970-71<br \/>Comedy Stage<\/p><p class=\"translation-block\">Alfonz\u00f3, P\u00e9ter Levente (M\u00f3ka Miki) with Zsuzsa Csala adult actors \nthe child with Gy\u00f6rgy N\u00e1das, G\u00e1bor Zsoldos and others <br>\n- as Captain Tenkes, <br>\n- B\u00e9ni from the Flinstone family <br>\n- and Girardi boy in a hat and bow tie\nin the Comedy Stage children's cabaret directed by Tibor Kalm\u00e1r.\n(The name identity is no coincidence.)<\/p>\t\t\t\t\t\t\t\t<\/div>\n\t\t\t\t<\/div>\n\t\t\t\t<\/div>\n\t\t\t\t\t<\/div>\n\t\t\t\t<\/div>\n\t\t<div class=\"elementor-element elementor-element-3308dba6 e-flex e-con-boxed e-con e-parent\" data-id=\"3308dba6\" data-element_type=\"container\" data-e-type=\"container\">\n\t\t\t\t\t<div class=\"e-con-inner\">\n\t\t\t\t<div class=\"elementor-element elementor-element-3db9b2ba e-n-tabs-none elementor-widget elementor-widget-n-tabs\" data-id=\"3db9b2ba\" data-element_type=\"widget\" data-e-type=\"widget\" data-settings=\"{&quot;tabs_justify_horizontal&quot;:&quot;stretch&quot;,&quot;tabs_justify_horizontal_tablet&quot;:&quot;stretch&quot;,&quot;tabs_justify_horizontal_mobile&quot;:&quot;stretch&quot;,&quot;horizontal_scroll&quot;:&quot;disable&quot;}\" data-widget_type=\"nested-tabs.default\">\n\t\t\t\t<div class=\"elementor-widget-container\">\n\t\t\t\t\t\t\t<div class=\"e-n-tabs\" data-widget-number=\"1035580090\" aria-label=\"Tabs. Open items with Enter or Space, close with Escape and navigate using the Arrow keys.\">\n\t\t\t<div class=\"e-n-tabs-heading\" role=\"tablist\">\n\t\t\t\t\t<button id=\"e-n-tab-title-10355800901\" data-tab-title-id=\"e-n-tab-title-10355800901\" class=\"e-n-tab-title\" aria-selected=\"true\" data-tab-index=\"1\" role=\"tab\" tabindex=\"0\" aria-controls=\"e-n-tab-content-10355800901\" style=\"--n-tabs-title-order: 1;\">\n\t\t\t\t\t\t<span class=\"e-n-tab-title-text\">\n\t\t\t\tvideo\t\t\t<\/span>\n\t\t<\/button>\n\t\t\t\t\t<\/div>\n\t\t\t<div class=\"e-n-tabs-content\">\n\t\t\t\t<div id=\"e-n-tab-content-10355800901\" role=\"tabpanel\" aria-labelledby=\"e-n-tab-title-10355800901\" data-tab-index=\"1\" style=\"--n-tabs-title-order: 1;\" class=\"e-active elementor-element elementor-element-3e5461c9 e-con-full e-flex e-con e-child\" data-id=\"3e5461c9\" data-element_type=\"container\" data-e-type=\"container\">\n\t\t\t\t<div class=\"elementor-element elementor-element-15284cfe elementor-widget__width-initial elementor-widget elementor-widget-video\" data-id=\"15284cfe\" data-element_type=\"widget\" data-e-type=\"widget\" data-settings=\"{&quot;youtube_url&quot;:&quot;https:\\\/\\\/youtu.be\\\/BCM4k71sUvo&quot;,&quot;video_type&quot;:&quot;youtube&quot;,&quot;controls&quot;:&quot;yes&quot;}\" data-widget_type=\"video.default\">\n\t\t\t\t<div class=\"elementor-widget-container\">\n\t\t\t\t\t\t\t<div class=\"elementor-wrapper elementor-open-inline\">\n\t\t\t<div class=\"elementor-video\"><\/div>\t\t<\/div>\n\t\t\t\t\t\t<\/div>\n\t\t\t\t<\/div>\n\t\t\t\t<\/div>\n\t\t\t\t\t<\/div>\n\t\t<\/div>\n\t\t\t\t\t\t<\/div>\n\t\t\t\t<\/div>\n\t\t\t\t\t<\/div>\n\t\t\t\t<\/div>\n\t\t\t\t<\/div>","protected":false},"excerpt":{"rendered":"<p>1970-71Vid\u00e1m Sz\u00ednpad Alfonz\u00f3, Levente P\u00e9ter (M\u00f3ka Miki) Csala Zsuzsa feln\u0151tt szerepl\u0151k mellett a gyerek N\u00e1das Gy\u00f6rgy, Zsoldos G\u00e1bor \u00e9s m\u00e1sok t\u00e1rsas\u00e1g\u00e1ban &#8211; Tenkes kapit\u00e1nyk\u00e9nt, &#8211; B\u00e9nik\u00e9nt a Flinstone csal\u00e1db\u00f3l &#8211; \u00e9s Girardi kalapos, csokornyakkend\u0151s zs\u00farfi\u00fak\u00e9nt gyerekszerepl\u0151a Vid\u00e1m Sz\u00ednpad gyerekkabar\u00e9j\u00e1ban, amit Kalm\u00e1r Tibor rendezett.(A n\u00e9vazonoss\u00e1g nem a v\u00e9letlen m\u0171ve.) Vide\u00f3<\/p>","protected":false},"author":1,"featured_media":0,"parent":0,"menu_order":0,"comment_status":"closed","ping_status":"closed","template":"","meta":{"_seopress_robots_primary_cat":"","_seopress_titles_title":"","_seopress_titles_desc":"","_seopress_robots_index":"","footnotes":""},"class_list":["post-1600","page","type-page","status-publish","hentry"],"_links":{"self":[{"href":"https:\/\/kalmarpeter.com\/en\/wp-json\/wp\/v2\/pages\/1600","targetHints":{"allow":["GET"]}}],"collection":[{"href":"https:\/\/kalmarpeter.com\/en\/wp-json\/wp\/v2\/pages"}],"about":[{"href":"https:\/\/kalmarpeter.com\/en\/wp-json\/wp\/v2\/types\/page"}],"author":[{"embeddable":true,"href":"https:\/\/kalmarpeter.com\/en\/wp-json\/wp\/v2\/users\/1"}],"replies":[{"embeddable":true,"href":"https:\/\/kalmarpeter.com\/en\/wp-json\/wp\/v2\/comments?post=1600"}],"version-history":[{"count":5,"href":"https:\/\/kalmarpeter.com\/en\/wp-json\/wp\/v2\/pages\/1600\/revisions"}],"predecessor-version":[{"id":2902,"href":"https:\/\/kalmarpeter.com\/en\/wp-json\/wp\/v2\/pages\/1600\/revisions\/2902"}],"wp:attachment":[{"href":"https:\/\/kalmarpeter.com\/en\/wp-json\/wp\/v2\/media?parent=1600"}],"curies":[{"name":"wp","href":"https:\/\/api.w.org\/{rel}","templated":true}]}}