{"id":2101,"date":"2024-10-16T19:57:58","date_gmt":"2024-10-16T17:57:58","guid":{"rendered":"https:\/\/kalmarpeter.com\/?page_id=2101"},"modified":"2024-10-16T19:59:02","modified_gmt":"2024-10-16T17:59:02","slug":"citibits","status":"publish","type":"page","link":"https:\/\/kalmarpeter.com\/en\/citibits\/","title":{"rendered":"Citibits"},"content":{"rendered":"<div data-elementor-type=\"wp-page\" data-elementor-id=\"2101\" class=\"elementor elementor-2101\" data-elementor-post-type=\"page\">\n\t\t\t\t<div class=\"elementor-element elementor-element-284d0c11 e-flex e-con-boxed e-con e-parent\" data-id=\"284d0c11\" data-element_type=\"container\" data-e-type=\"container\">\n\t\t\t\t\t<div class=\"e-con-inner\">\n\t\t<div class=\"elementor-element elementor-element-58df7e48 e-con-full e-flex e-con e-child\" data-id=\"58df7e48\" data-element_type=\"container\" data-e-type=\"container\">\n\t\t\t\t<div class=\"elementor-element elementor-element-533a4072 elementor-widget elementor-widget-image\" data-id=\"533a4072\" data-element_type=\"widget\" data-e-type=\"widget\" data-widget_type=\"image.default\">\n\t\t\t\t<div class=\"elementor-widget-container\">\n\t\t\t\t\t\t\t\t\t\t\t\t\t\t\t<img fetchpriority=\"high\" decoding=\"async\" width=\"1719\" height=\"1290\" src=\"https:\/\/kalmarpeter.com\/wp-content\/uploads\/2024\/10\/ctibits-oldal-teteje.jpg\" class=\"attachment-full size-full wp-image-2106\" alt=\"\" srcset=\"https:\/\/kalmarpeter.com\/wp-content\/uploads\/2024\/10\/ctibits-oldal-teteje.jpg 1719w, https:\/\/kalmarpeter.com\/wp-content\/uploads\/2024\/10\/ctibits-oldal-teteje-300x225.jpg 300w, https:\/\/kalmarpeter.com\/wp-content\/uploads\/2024\/10\/ctibits-oldal-teteje-1024x768.jpg 1024w, https:\/\/kalmarpeter.com\/wp-content\/uploads\/2024\/10\/ctibits-oldal-teteje-768x576.jpg 768w, https:\/\/kalmarpeter.com\/wp-content\/uploads\/2024\/10\/ctibits-oldal-teteje-1536x1153.jpg 1536w\" sizes=\"(max-width: 1719px) 100vw, 1719px\" \/>\t\t\t\t\t\t\t\t\t\t\t\t\t\t\t<\/div>\n\t\t\t\t<\/div>\n\t\t\t\t<\/div>\n\t\t<div class=\"elementor-element elementor-element-22346688 e-con-full e-flex e-con e-child\" data-id=\"22346688\" data-element_type=\"container\" data-e-type=\"container\">\n\t\t\t\t<div class=\"elementor-element elementor-element-1bb64429 elementor-widget elementor-widget-heading\" data-id=\"1bb64429\" data-element_type=\"widget\" data-e-type=\"widget\" data-widget_type=\"heading.default\">\n\t\t\t\t<div class=\"elementor-widget-container\">\n\t\t\t\t\t<h1 class=\"elementor-heading-title elementor-size-default\">Citibits<\/h1>\t\t\t\t<\/div>\n\t\t\t\t<\/div>\n\t\t\t\t<div class=\"elementor-element elementor-element-12edf61b elementor-widget elementor-widget-text-editor\" data-id=\"12edf61b\" data-element_type=\"widget\" data-e-type=\"widget\" data-widget_type=\"text-editor.default\">\n\t\t\t\t<div class=\"elementor-widget-container\">\n\t\t\t\t\t\t\t\t\t<p>2006<\/p><p>In 2006, as co-owners of a new tourism company, CiTiBiTs, we developed a partly Internet and partly commercial product that presented the \"Hungarikum\" of the Hungarian souvenir industry in a new form.<\/p>\t\t\t\t\t\t\t\t<\/div>\n\t\t\t\t<\/div>\n\t\t\t\t<\/div>\n\t\t\t\t\t<\/div>\n\t\t\t\t<\/div>\n\t\t\t\t<\/div>","protected":false},"excerpt":{"rendered":"<p>2006 2006-ban CiTiBiTs n\u00e9ven egy \u00faj idegenforgalmi v\u00e1llalkoz\u00e1s t\u00e1rstulajdonosak\u00e9nt egy r\u00e9szben Internetes, r\u00e9szben kereskedelmi forgalomra sz\u00e1nt term\u00e9kfejleszt\u00e9st val\u00f3s\u00edtottunk meg, amely \u00fajszer\u0171 form\u00e1ban prezent\u00e1lta a hazai souvenir-ipar \u201eHungarikumait\u201d.<\/p>","protected":false},"author":1,"featured_media":0,"parent":0,"menu_order":0,"comment_status":"closed","ping_status":"closed","template":"","meta":{"_seopress_robots_primary_cat":"","_seopress_titles_title":"","_seopress_titles_desc":"","_seopress_robots_index":"","footnotes":""},"class_list":["post-2101","page","type-page","status-publish","hentry"],"_links":{"self":[{"href":"https:\/\/kalmarpeter.com\/en\/wp-json\/wp\/v2\/pages\/2101","targetHints":{"allow":["GET"]}}],"collection":[{"href":"https:\/\/kalmarpeter.com\/en\/wp-json\/wp\/v2\/pages"}],"about":[{"href":"https:\/\/kalmarpeter.com\/en\/wp-json\/wp\/v2\/types\/page"}],"author":[{"embeddable":true,"href":"https:\/\/kalmarpeter.com\/en\/wp-json\/wp\/v2\/users\/1"}],"replies":[{"embeddable":true,"href":"https:\/\/kalmarpeter.com\/en\/wp-json\/wp\/v2\/comments?post=2101"}],"version-history":[{"count":4,"href":"https:\/\/kalmarpeter.com\/en\/wp-json\/wp\/v2\/pages\/2101\/revisions"}],"predecessor-version":[{"id":2109,"href":"https:\/\/kalmarpeter.com\/en\/wp-json\/wp\/v2\/pages\/2101\/revisions\/2109"}],"wp:attachment":[{"href":"https:\/\/kalmarpeter.com\/en\/wp-json\/wp\/v2\/media?parent=2101"}],"curies":[{"name":"wp","href":"https:\/\/api.w.org\/{rel}","templated":true}]}}