{"id":2128,"date":"2024-10-16T20:02:17","date_gmt":"2024-10-16T18:02:17","guid":{"rendered":"https:\/\/kalmarpeter.com\/?page_id=2128"},"modified":"2024-10-16T22:04:44","modified_gmt":"2024-10-16T20:04:44","slug":"iwelcome2-budapest","status":"publish","type":"page","link":"https:\/\/kalmarpeter.com\/en\/iwelcome2-budapest\/","title":{"rendered":"iWelcome2 Budapest"},"content":{"rendered":"<div data-elementor-type=\"wp-page\" data-elementor-id=\"2128\" class=\"elementor elementor-2128\" data-elementor-post-type=\"page\">\n\t\t\t\t<div class=\"elementor-element elementor-element-230b35d2 e-flex e-con-boxed e-con e-parent\" data-id=\"230b35d2\" data-element_type=\"container\" data-e-type=\"container\">\n\t\t\t\t\t<div class=\"e-con-inner\">\n\t\t<div class=\"elementor-element elementor-element-5fab5147 e-con-full e-flex e-con e-child\" data-id=\"5fab5147\" data-element_type=\"container\" data-e-type=\"container\">\n\t\t\t\t<div class=\"elementor-element elementor-element-354f0071 elementor-widget elementor-widget-image\" data-id=\"354f0071\" data-element_type=\"widget\" data-e-type=\"widget\" data-widget_type=\"image.default\">\n\t\t\t\t<div class=\"elementor-widget-container\">\n\t\t\t\t\t\t\t\t\t\t\t\t\t\t\t<img fetchpriority=\"high\" decoding=\"async\" width=\"800\" height=\"558\" src=\"https:\/\/kalmarpeter.com\/wp-content\/uploads\/2024\/10\/iWelcome-oldal-teteje-1024x714.jpg\" class=\"attachment-large size-large wp-image-2133\" alt=\"\" srcset=\"https:\/\/kalmarpeter.com\/wp-content\/uploads\/2024\/10\/iWelcome-oldal-teteje-1024x714.jpg 1024w, https:\/\/kalmarpeter.com\/wp-content\/uploads\/2024\/10\/iWelcome-oldal-teteje-300x209.jpg 300w, https:\/\/kalmarpeter.com\/wp-content\/uploads\/2024\/10\/iWelcome-oldal-teteje-768x535.jpg 768w, https:\/\/kalmarpeter.com\/wp-content\/uploads\/2024\/10\/iWelcome-oldal-teteje-1536x1071.jpg 1536w, https:\/\/kalmarpeter.com\/wp-content\/uploads\/2024\/10\/iWelcome-oldal-teteje.jpg 1937w\" sizes=\"(max-width: 800px) 100vw, 800px\" \/>\t\t\t\t\t\t\t\t\t\t\t\t\t\t\t<\/div>\n\t\t\t\t<\/div>\n\t\t\t\t<\/div>\n\t\t<div class=\"elementor-element elementor-element-346e8950 e-con-full e-flex e-con e-child\" data-id=\"346e8950\" data-element_type=\"container\" data-e-type=\"container\">\n\t\t\t\t<div class=\"elementor-element elementor-element-50bab8aa elementor-widget elementor-widget-heading\" data-id=\"50bab8aa\" data-element_type=\"widget\" data-e-type=\"widget\" data-widget_type=\"heading.default\">\n\t\t\t\t<div class=\"elementor-widget-container\">\n\t\t\t\t\t<h1 class=\"elementor-heading-title elementor-size-default\">iWelcome2 Budapest<\/h1>\t\t\t\t<\/div>\n\t\t\t\t<\/div>\n\t\t\t\t<div class=\"elementor-element elementor-element-33073f0b elementor-widget elementor-widget-text-editor\" data-id=\"33073f0b\" data-element_type=\"widget\" data-e-type=\"widget\" data-widget_type=\"text-editor.default\">\n\t\t\t\t<div class=\"elementor-widget-container\">\n\t\t\t\t\t\t\t\t\t<p>tourism application<\/p><p>2017-2018<\/p><p>founder: P\u00e9ter Kalm\u00e1r - Tam\u00e1s Flesch - Botond E\u0151ry<\/p><p class=\"translation-block\">A startup which solves the problems on the sales anomalies <br>\nof the domestic tourism industry: <br>\n- the commissions that wander in the black, <br>\n- the opaque and sometimes impenetrable discount systems <br>\nwith a modern, uniform, centralized, transparent IT application.<\/p><p>In iWelcome2, the region's tourist attractions, permanent and seasonal programmes, accommodation, transport and information terminals can all function as cross-promotional selling points, advertising and supporting each other. <\/p>\t\t\t\t\t\t\t\t<\/div>\n\t\t\t\t<\/div>\n\t\t\t\t<\/div>\n\t\t\t\t\t<\/div>\n\t\t\t\t<\/div>\n\t\t<div class=\"elementor-element elementor-element-2bf0a9a7 e-flex e-con-boxed e-con e-parent\" data-id=\"2bf0a9a7\" data-element_type=\"container\" data-e-type=\"container\">\n\t\t\t\t\t<div class=\"e-con-inner\">\n\t\t\t\t<div class=\"elementor-element elementor-element-411b6d64 e-n-tabs-none elementor-widget elementor-widget-n-tabs\" data-id=\"411b6d64\" data-element_type=\"widget\" data-e-type=\"widget\" data-settings=\"{&quot;tabs_justify_horizontal&quot;:&quot;stretch&quot;,&quot;tabs_justify_horizontal_tablet&quot;:&quot;stretch&quot;,&quot;tabs_justify_horizontal_mobile&quot;:&quot;stretch&quot;,&quot;horizontal_scroll&quot;:&quot;disable&quot;}\" data-widget_type=\"nested-tabs.default\">\n\t\t\t\t<div class=\"elementor-widget-container\">\n\t\t\t\t\t\t\t<div class=\"e-n-tabs\" data-widget-number=\"1092316516\" aria-label=\"Tabs. Open items with Enter or Space, close with Escape and navigate using the Arrow keys.\" data-no-translation-aria-label=\"\">\n\t\t\t<div class=\"e-n-tabs-heading\" role=\"tablist\">\n\t\t\t\t\t<button id=\"e-n-tab-title-10923165161\" data-tab-title-id=\"e-n-tab-title-10923165161\" class=\"e-n-tab-title\" aria-selected=\"true\" data-tab-index=\"1\" role=\"tab\" tabindex=\"0\" aria-controls=\"e-n-tab-content-10923165161\" style=\"--n-tabs-title-order: 1;\">\n\t\t\t\t\t\t<span class=\"e-n-tab-title-text\">\n\t\t\t\tPress conference\t\t\t<\/span>\n\t\t<\/button>\n\t\t\t\t<button id=\"e-n-tab-title-10923165162\" data-tab-title-id=\"e-n-tab-title-10923165162\" class=\"e-n-tab-title\" aria-selected=\"false\" data-tab-index=\"2\" role=\"tab\" tabindex=\"-1\" aria-controls=\"e-n-tab-content-10923165162\" style=\"--n-tabs-title-order: 2;\">\n\t\t\t\t\t\t<span class=\"e-n-tab-title-text\">\n\t\t\t\tpromo video\t\t\t<\/span>\n\t\t<\/button>\n\t\t\t\t<button id=\"e-n-tab-title-10923165163\" data-tab-title-id=\"e-n-tab-title-10923165163\" class=\"e-n-tab-title\" aria-selected=\"false\" data-tab-index=\"3\" role=\"tab\" tabindex=\"-1\" aria-controls=\"e-n-tab-content-10923165163\" style=\"--n-tabs-title-order: 3;\">\n\t\t\t\t\t\t<span class=\"e-n-tab-title-text\">\n\t\t\t\tMake a splash!\t\t\t<\/span>\n\t\t<\/button>\n\t\t\t\t\t<\/div>\n\t\t\t<div class=\"e-n-tabs-content\">\n\t\t\t\t<div id=\"e-n-tab-content-10923165161\" role=\"tabpanel\" aria-labelledby=\"e-n-tab-title-10923165161\" data-tab-index=\"1\" style=\"--n-tabs-title-order: 1;\" class=\"e-active elementor-element elementor-element-158965c4 e-con-full e-flex e-con e-child\" data-id=\"158965c4\" data-element_type=\"container\" data-e-type=\"container\">\n\t\t<div class=\"elementor-element elementor-element-7b5e5bab e-flex e-con-boxed e-con e-child\" data-id=\"7b5e5bab\" data-element_type=\"container\" data-e-type=\"container\">\n\t\t\t\t\t<div class=\"e-con-inner\">\n\t\t<div class=\"elementor-element elementor-element-6c40f98a e-con-full e-flex e-con e-child\" data-id=\"6c40f98a\" data-element_type=\"container\" data-e-type=\"container\">\n\t\t\t\t<div class=\"elementor-element elementor-element-29e58a63 elementor-widget elementor-widget-video\" data-id=\"29e58a63\" data-element_type=\"widget\" data-e-type=\"widget\" data-settings=\"{&quot;youtube_url&quot;:&quot;https:\\\/\\\/youtu.be\\\/6Ei5pasflHg&quot;,&quot;video_type&quot;:&quot;youtube&quot;,&quot;controls&quot;:&quot;yes&quot;}\" data-widget_type=\"video.default\">\n\t\t\t\t<div class=\"elementor-widget-container\">\n\t\t\t\t\t\t\t<div class=\"elementor-wrapper elementor-open-inline\">\n\t\t\t<div class=\"elementor-video\"><\/div>\t\t<\/div>\n\t\t\t\t\t\t<\/div>\n\t\t\t\t<\/div>\n\t\t\t\t<\/div>\n\t\t\t\t\t<\/div>\n\t\t\t\t<\/div>\n\t\t\t\t<\/div>\n\t\t<div id=\"e-n-tab-content-10923165162\" role=\"tabpanel\" aria-labelledby=\"e-n-tab-title-10923165162\" data-tab-index=\"2\" style=\"--n-tabs-title-order: 2;\" class=\"elementor-element elementor-element-e20b903 e-flex e-con-boxed e-con e-child\" data-id=\"e20b903\" data-element_type=\"container\" data-e-type=\"container\">\n\t\t\t\t\t<div class=\"e-con-inner\">\n\t\t\t\t<div class=\"elementor-element elementor-element-004b2dd elementor-widget elementor-widget-video\" data-id=\"004b2dd\" data-element_type=\"widget\" data-e-type=\"widget\" data-settings=\"{&quot;youtube_url&quot;:&quot;https:\\\/\\\/youtu.be\\\/f7S1eANlYnI&quot;,&quot;video_type&quot;:&quot;youtube&quot;,&quot;controls&quot;:&quot;yes&quot;}\" data-widget_type=\"video.default\">\n\t\t\t\t<div class=\"elementor-widget-container\">\n\t\t\t\t\t\t\t<div class=\"elementor-wrapper elementor-open-inline\">\n\t\t\t<div class=\"elementor-video\"><\/div>\t\t<\/div>\n\t\t\t\t\t\t<\/div>\n\t\t\t\t<\/div>\n\t\t\t\t\t<\/div>\n\t\t\t\t<\/div>\n\t\t<div id=\"e-n-tab-content-10923165163\" role=\"tabpanel\" aria-labelledby=\"e-n-tab-title-10923165163\" data-tab-index=\"3\" style=\"--n-tabs-title-order: 3;\" class=\"elementor-element elementor-element-525b3f3 e-flex e-con-boxed e-con e-child\" data-id=\"525b3f3\" data-element_type=\"container\" data-e-type=\"container\">\n\t\t\t\t\t<div class=\"e-con-inner\">\n\t\t\t\t<div class=\"elementor-element elementor-element-eca8dbf elementor-widget elementor-widget-video\" data-id=\"eca8dbf\" data-element_type=\"widget\" data-e-type=\"widget\" data-settings=\"{&quot;youtube_url&quot;:&quot;https:\\\/\\\/youtu.be\\\/vrLmX87iN2w&quot;,&quot;video_type&quot;:&quot;youtube&quot;,&quot;controls&quot;:&quot;yes&quot;}\" data-widget_type=\"video.default\">\n\t\t\t\t<div class=\"elementor-widget-container\">\n\t\t\t\t\t\t\t<div class=\"elementor-wrapper elementor-open-inline\">\n\t\t\t<div class=\"elementor-video\"><\/div>\t\t<\/div>\n\t\t\t\t\t\t<\/div>\n\t\t\t\t<\/div>\n\t\t\t\t\t<\/div>\n\t\t\t\t<\/div>\n\t\t\t\t\t<\/div>\n\t\t<\/div>\n\t\t\t\t\t\t<\/div>\n\t\t\t\t<\/div>\n\t\t\t\t\t<\/div>\n\t\t\t\t<\/div>\n\t\t\t\t<\/div>","protected":false},"excerpt":{"rendered":"<p>turisztikai applik\u00e1ci\u00f3 2017-2018 alap\u00edt\u00f3: Kalm\u00e1r P\u00e9ter \u2013 Flesch Tam\u00e1s \u2013 E\u0151ry Botond A startup v\u00e1llalkoz\u00e1s a hazai turisztikai ipar \u00e9rt\u00e9kes\u00edt\u00e9si anom\u00e1li\u00e1i: \u2022 a feket\u00e9n v\u00e1ndorl\u00f3 jutal\u00e9kok, \u2022 az \u00e1tl\u00e1thatatlan \u00e9s n\u00e9ha \u00e1tj\u00e1rhatatlan kedvezm\u00e9ny-rendszerek helyett k\u00edn\u00e1l egy korszer\u0171, egys\u00e9ges, k\u00f6zpontos\u00edtott, transzparens informatikai alkalmaz\u00e1st. Az iWelcome2 alkalmaz\u00e1sban az adott r\u00e9gi\u00f3 turisztikai l\u00e1tnival\u00f3i, az \u00e1lland\u00f3 \u00e9s szezon\u00e1lisan v\u00e1ltoz\u00f3 [&hellip;]<\/p>","protected":false},"author":1,"featured_media":0,"parent":0,"menu_order":0,"comment_status":"closed","ping_status":"closed","template":"","meta":{"_seopress_robots_primary_cat":"","_seopress_titles_title":"","_seopress_titles_desc":"","_seopress_robots_index":"","footnotes":""},"class_list":["post-2128","page","type-page","status-publish","hentry"],"_links":{"self":[{"href":"https:\/\/kalmarpeter.com\/en\/wp-json\/wp\/v2\/pages\/2128","targetHints":{"allow":["GET"]}}],"collection":[{"href":"https:\/\/kalmarpeter.com\/en\/wp-json\/wp\/v2\/pages"}],"about":[{"href":"https:\/\/kalmarpeter.com\/en\/wp-json\/wp\/v2\/types\/page"}],"author":[{"embeddable":true,"href":"https:\/\/kalmarpeter.com\/en\/wp-json\/wp\/v2\/users\/1"}],"replies":[{"embeddable":true,"href":"https:\/\/kalmarpeter.com\/en\/wp-json\/wp\/v2\/comments?post=2128"}],"version-history":[{"count":5,"href":"https:\/\/kalmarpeter.com\/en\/wp-json\/wp\/v2\/pages\/2128\/revisions"}],"predecessor-version":[{"id":2479,"href":"https:\/\/kalmarpeter.com\/en\/wp-json\/wp\/v2\/pages\/2128\/revisions\/2479"}],"wp:attachment":[{"href":"https:\/\/kalmarpeter.com\/en\/wp-json\/wp\/v2\/media?parent=2128"}],"curies":[{"name":"wp","href":"https:\/\/api.w.org\/{rel}","templated":true}]}}