{"id":2140,"date":"2024-10-16T20:07:42","date_gmt":"2024-10-16T18:07:42","guid":{"rendered":"https:\/\/kalmarpeter.com\/?page_id=2140"},"modified":"2024-10-16T22:01:55","modified_gmt":"2024-10-16T20:01:55","slug":"newsystems","status":"publish","type":"page","link":"https:\/\/kalmarpeter.com\/en\/newsystems\/","title":{"rendered":"NewSystems"},"content":{"rendered":"<div data-elementor-type=\"wp-page\" data-elementor-id=\"2140\" class=\"elementor elementor-2140\" data-elementor-post-type=\"page\">\n\t\t\t\t<div class=\"elementor-element elementor-element-11269d22 e-flex e-con-boxed e-con e-parent\" data-id=\"11269d22\" data-element_type=\"container\" data-e-type=\"container\">\n\t\t\t\t\t<div class=\"e-con-inner\">\n\t\t<div class=\"elementor-element elementor-element-212c6c05 e-con-full e-flex e-con e-child\" data-id=\"212c6c05\" data-element_type=\"container\" data-e-type=\"container\">\n\t\t\t\t<div class=\"elementor-element elementor-element-674dc123 elementor-widget elementor-widget-image\" data-id=\"674dc123\" data-element_type=\"widget\" data-e-type=\"widget\" data-widget_type=\"image.default\">\n\t\t\t\t<div class=\"elementor-widget-container\">\n\t\t\t\t\t\t\t\t\t\t\t\t\t\t\t<img fetchpriority=\"high\" decoding=\"async\" width=\"800\" height=\"800\" src=\"https:\/\/kalmarpeter.com\/wp-content\/uploads\/2024\/10\/willB.jpg\" class=\"attachment-large size-large wp-image-639\" alt=\"\" srcset=\"https:\/\/kalmarpeter.com\/wp-content\/uploads\/2024\/10\/willB.jpg 1000w, https:\/\/kalmarpeter.com\/wp-content\/uploads\/2024\/10\/willB-300x300.jpg 300w, https:\/\/kalmarpeter.com\/wp-content\/uploads\/2024\/10\/willB-150x150.jpg 150w, https:\/\/kalmarpeter.com\/wp-content\/uploads\/2024\/10\/willB-768x768.jpg 768w\" sizes=\"(max-width: 800px) 100vw, 800px\" \/>\t\t\t\t\t\t\t\t\t\t\t\t\t\t\t<\/div>\n\t\t\t\t<\/div>\n\t\t\t\t<\/div>\n\t\t<div class=\"elementor-element elementor-element-43d1e372 e-con-full e-flex e-con e-child\" data-id=\"43d1e372\" data-element_type=\"container\" data-e-type=\"container\">\n\t\t\t\t<div class=\"elementor-element elementor-element-44a2557e elementor-widget elementor-widget-heading\" data-id=\"44a2557e\" data-element_type=\"widget\" data-e-type=\"widget\" data-widget_type=\"heading.default\">\n\t\t\t\t<div class=\"elementor-widget-container\">\n\t\t\t\t\t<h1 class=\"elementor-heading-title elementor-size-default\">NewSystems<\/h1>\t\t\t\t<\/div>\n\t\t\t\t<\/div>\n\t\t\t\t<div class=\"elementor-element elementor-element-1cc3c494 elementor-widget elementor-widget-text-editor\" data-id=\"1cc3c494\" data-element_type=\"widget\" data-e-type=\"widget\" data-widget_type=\"text-editor.default\">\n\t\t\t\t<div class=\"elementor-widget-container\">\n\t\t\t\t\t\t\t\t\t<p>startup apps<\/p>\n<p>founder: P\u00e9ter Kalm\u00e1r<\/p>\n<p>2022-2023-&#8230;<\/p>\n<p>willB \u2013 choosly \u2013 Yente<\/p>\n<p>From time to time people have been attracted to three things, three things that have captured everyone's imagination: sex, money and power.<\/p>\n<p class=\"translation-block\">The \"willB\" system symbolises the most abstract concept: power. \nBut on the way to achieving this, to creating this brand new social voting system in which the community can decide as fairly and equitably as possible \nand money, we first need to make the platform attractive; more specifically, we need to recruit users elsewhere and in a different way.  \nThere are two important pillars of this triangle, of very different importance, which lead to the summit, the power, the end goal: \"YENTE\" - sex (matchmaking) - and \"CHOOSLY\" - money (sweepstakes).<\/p>\n<p class=\"translation-block\">willB is a career game (lifeopoly) and social media platform where users can not only play and test a virtual role-playing game, develop their own qualities, but also earn real money - and we are building a new social media with them.<\/p>\n<p class=\"translation-block\">Yente is created with the intention of making the algorithm of the well-known Tinder and other dating apps more accurate, yet fun and enjoyable, with a more sophisticated model. It is not just a few profile pictures that matchmakers \nand age\/size\/occupation\/education\/interests, but rather a fun test developed by psychologists and sociologists, couples therapists, which will be used to create MATCH and of course the \"more\"...\nOur tests do not operate with skill-based questions, but match hopeful matchmakers on the basis of personality-psychological, taste- and behaviour-, worldview-, cultural- and leisure habits, based on the principle of \"like with like\".<\/p>\n<p class=\"translation-block\">Choosly is a witty, fun, totally unique and thought-provoking cash prize game that is NOT a game of chance. It is a game of guessing the answer to a series of toss-up questions, using a bit of strategy to guess the answer of the other players, the majority (or sometimes the minority) - so it is not a game of skill, but blind luck does not play a part in the outcome, i.e. the money the winners will win.<\/p>\t\t\t\t\t\t\t\t<\/div>\n\t\t\t\t<\/div>\n\t\t\t\t<\/div>\n\t\t\t\t\t<\/div>\n\t\t\t\t<\/div>\n\t\t<div class=\"elementor-element elementor-element-3738cee2 e-flex e-con-boxed e-con e-parent\" data-id=\"3738cee2\" data-element_type=\"container\" data-e-type=\"container\">\n\t\t\t\t\t<div class=\"e-con-inner\">\n\t\t\t\t<div class=\"elementor-element elementor-element-601c7269 e-n-tabs-none elementor-widget elementor-widget-n-tabs\" data-id=\"601c7269\" data-element_type=\"widget\" data-e-type=\"widget\" data-settings=\"{&quot;tabs_justify_horizontal&quot;:&quot;stretch&quot;,&quot;tabs_justify_horizontal_tablet&quot;:&quot;stretch&quot;,&quot;tabs_justify_horizontal_mobile&quot;:&quot;stretch&quot;,&quot;horizontal_scroll&quot;:&quot;disable&quot;}\" data-widget_type=\"nested-tabs.default\">\n\t\t\t\t<div class=\"elementor-widget-container\">\n\t\t\t\t\t\t\t<div class=\"e-n-tabs\" data-widget-number=\"1612477033\" aria-label=\"Tabs. Open items with Enter or Space, close with Escape and navigate using the Arrow keys.\">\n\t\t\t<div class=\"e-n-tabs-heading\" role=\"tablist\">\n\t\t\t\t\t<button id=\"e-n-tab-title-16124770331\" data-tab-title-id=\"e-n-tab-title-16124770331\" class=\"e-n-tab-title\" aria-selected=\"true\" data-tab-index=\"1\" role=\"tab\" tabindex=\"0\" aria-controls=\"e-n-tab-content-16124770331\" style=\"--n-tabs-title-order: 1;\">\n\t\t\t\t\t\t<span class=\"e-n-tab-title-text\">\n\t\t\t\twillB\t\t\t<\/span>\n\t\t<\/button>\n\t\t\t\t<button id=\"e-n-tab-title-16124770332\" data-tab-title-id=\"e-n-tab-title-16124770332\" class=\"e-n-tab-title\" aria-selected=\"false\" data-tab-index=\"2\" role=\"tab\" tabindex=\"-1\" aria-controls=\"e-n-tab-content-16124770332\" style=\"--n-tabs-title-order: 2;\">\n\t\t\t\t\t\t<span class=\"e-n-tab-title-text\">\n\t\t\t\tchoosly\t\t\t<\/span>\n\t\t<\/button>\n\t\t\t\t<button id=\"e-n-tab-title-16124770333\" data-tab-title-id=\"e-n-tab-title-16124770333\" class=\"e-n-tab-title\" aria-selected=\"false\" data-tab-index=\"3\" role=\"tab\" tabindex=\"-1\" aria-controls=\"e-n-tab-content-16124770333\" style=\"--n-tabs-title-order: 3;\">\n\t\t\t\t\t\t<span class=\"e-n-tab-title-text\">\n\t\t\t\tYente\t\t\t<\/span>\n\t\t<\/button>\n\t\t\t\t\t<\/div>\n\t\t\t<div class=\"e-n-tabs-content\">\n\t\t\t\t<div id=\"e-n-tab-content-16124770331\" role=\"tabpanel\" aria-labelledby=\"e-n-tab-title-16124770331\" data-tab-index=\"1\" style=\"--n-tabs-title-order: 1;\" class=\"e-active elementor-element elementor-element-21f702fd e-con-full e-flex e-con e-child\" data-id=\"21f702fd\" data-element_type=\"container\" data-e-type=\"container\">\n\t\t\t\t<div class=\"elementor-element elementor-element-3c4008e0 elementor-widget__width-initial elementor-widget elementor-widget-video\" data-id=\"3c4008e0\" data-element_type=\"widget\" data-e-type=\"widget\" data-settings=\"{&quot;youtube_url&quot;:&quot;https:\\\/\\\/youtu.be\\\/cMVKJlghnm4&quot;,&quot;video_type&quot;:&quot;youtube&quot;,&quot;controls&quot;:&quot;yes&quot;}\" data-widget_type=\"video.default\">\n\t\t\t\t<div class=\"elementor-widget-container\">\n\t\t\t\t\t\t\t<div class=\"elementor-wrapper elementor-open-inline\">\n\t\t\t<div class=\"elementor-video\"><\/div>\t\t<\/div>\n\t\t\t\t\t\t<\/div>\n\t\t\t\t<\/div>\n\t\t\t\t<\/div>\n\t\t<div id=\"e-n-tab-content-16124770332\" role=\"tabpanel\" aria-labelledby=\"e-n-tab-title-16124770332\" data-tab-index=\"2\" style=\"--n-tabs-title-order: 2;\" class=\"elementor-element elementor-element-efc5f72 e-con-full e-flex e-con e-child\" data-id=\"efc5f72\" data-element_type=\"container\" data-e-type=\"container\">\n\t\t\t\t<div class=\"elementor-element elementor-element-17e8838 elementor-widget__width-initial elementor-widget elementor-widget-video\" data-id=\"17e8838\" data-element_type=\"widget\" data-e-type=\"widget\" data-settings=\"{&quot;youtube_url&quot;:&quot;https:\\\/\\\/youtu.be\\\/ulkbmJUDtuA&quot;,&quot;video_type&quot;:&quot;youtube&quot;,&quot;controls&quot;:&quot;yes&quot;}\" data-widget_type=\"video.default\">\n\t\t\t\t<div class=\"elementor-widget-container\">\n\t\t\t\t\t\t\t<div class=\"elementor-wrapper elementor-open-inline\">\n\t\t\t<div class=\"elementor-video\"><\/div>\t\t<\/div>\n\t\t\t\t\t\t<\/div>\n\t\t\t\t<\/div>\n\t\t\t\t<\/div>\n\t\t<div id=\"e-n-tab-content-16124770333\" role=\"tabpanel\" aria-labelledby=\"e-n-tab-title-16124770333\" data-tab-index=\"3\" style=\"--n-tabs-title-order: 3;\" class=\"elementor-element elementor-element-35dfc1d e-con-full e-flex e-con e-child\" data-id=\"35dfc1d\" data-element_type=\"container\" data-e-type=\"container\">\n\t\t\t\t<div class=\"elementor-element elementor-element-78ab773 elementor-widget__width-initial elementor-widget elementor-widget-video\" data-id=\"78ab773\" data-element_type=\"widget\" data-e-type=\"widget\" data-settings=\"{&quot;youtube_url&quot;:&quot;https:\\\/\\\/youtu.be\\\/8qn05F3Bxqc&quot;,&quot;video_type&quot;:&quot;youtube&quot;,&quot;controls&quot;:&quot;yes&quot;}\" data-widget_type=\"video.default\">\n\t\t\t\t<div class=\"elementor-widget-container\">\n\t\t\t\t\t\t\t<div class=\"elementor-wrapper elementor-open-inline\">\n\t\t\t<div class=\"elementor-video\"><\/div>\t\t<\/div>\n\t\t\t\t\t\t<\/div>\n\t\t\t\t<\/div>\n\t\t\t\t<\/div>\n\t\t\t\t\t<\/div>\n\t\t<\/div>\n\t\t\t\t\t\t<\/div>\n\t\t\t\t<\/div>\n\t\t\t\t\t<\/div>\n\t\t\t\t<\/div>\n\t\t\t\t<\/div>","protected":false},"excerpt":{"rendered":"<p>startup alkalmaz\u00e1sok alap\u00edt\u00f3: Kalm\u00e1r P\u00e9ter 2022-2023-&#8230; willB \u2013 choosly \u2013 Yente \u0150sid\u0151kt\u00f3l h\u00e1rom dolog vonzza igaz\u00e1n az embereket, h\u00e1rom dolog mozgatja meg mindenkinek a fant\u00e1zi\u00e1j\u00e1t: a szex, a p\u00e9nz \u00e9s a hatalom. A \u201ewillB\u201d rendszer szimboliz\u00e1lja a legelvontabb fogalmat: a hatalmat. De az ehhez vezet\u0151 \u00faton, ahhoz hogy le\u0301trehozzuk ezt a mero\u030bben u\u0301j social voting [&hellip;]<\/p>","protected":false},"author":1,"featured_media":0,"parent":0,"menu_order":0,"comment_status":"closed","ping_status":"closed","template":"","meta":{"_seopress_robots_primary_cat":"","_seopress_titles_title":"","_seopress_titles_desc":"","_seopress_robots_index":"","footnotes":""},"class_list":["post-2140","page","type-page","status-publish","hentry"],"_links":{"self":[{"href":"https:\/\/kalmarpeter.com\/en\/wp-json\/wp\/v2\/pages\/2140","targetHints":{"allow":["GET"]}}],"collection":[{"href":"https:\/\/kalmarpeter.com\/en\/wp-json\/wp\/v2\/pages"}],"about":[{"href":"https:\/\/kalmarpeter.com\/en\/wp-json\/wp\/v2\/types\/page"}],"author":[{"embeddable":true,"href":"https:\/\/kalmarpeter.com\/en\/wp-json\/wp\/v2\/users\/1"}],"replies":[{"embeddable":true,"href":"https:\/\/kalmarpeter.com\/en\/wp-json\/wp\/v2\/comments?post=2140"}],"version-history":[{"count":5,"href":"https:\/\/kalmarpeter.com\/en\/wp-json\/wp\/v2\/pages\/2140\/revisions"}],"predecessor-version":[{"id":2473,"href":"https:\/\/kalmarpeter.com\/en\/wp-json\/wp\/v2\/pages\/2140\/revisions\/2473"}],"wp:attachment":[{"href":"https:\/\/kalmarpeter.com\/en\/wp-json\/wp\/v2\/media?parent=2140"}],"curies":[{"name":"wp","href":"https:\/\/api.w.org\/{rel}","templated":true}]}}