{"id":2151,"date":"2024-10-16T20:12:54","date_gmt":"2024-10-16T18:12:54","guid":{"rendered":"https:\/\/kalmarpeter.com\/?page_id=2151"},"modified":"2024-10-16T20:15:03","modified_gmt":"2024-10-16T18:15:03","slug":"rematia","status":"publish","type":"page","link":"https:\/\/kalmarpeter.com\/en\/rematia\/","title":{"rendered":"REMATIA"},"content":{"rendered":"<div data-elementor-type=\"wp-page\" data-elementor-id=\"2151\" class=\"elementor elementor-2151\" data-elementor-post-type=\"page\">\n\t\t\t\t<div class=\"elementor-element elementor-element-462945d8 e-flex e-con-boxed e-con e-parent\" data-id=\"462945d8\" data-element_type=\"container\" data-e-type=\"container\">\n\t\t\t\t\t<div class=\"e-con-inner\">\n\t\t<div class=\"elementor-element elementor-element-63bc09bb e-con-full e-flex e-con e-child\" data-id=\"63bc09bb\" data-element_type=\"container\" data-e-type=\"container\">\n\t\t\t\t<div class=\"elementor-element elementor-element-2cfd2dcb elementor-widget elementor-widget-image\" data-id=\"2cfd2dcb\" data-element_type=\"widget\" data-e-type=\"widget\" data-widget_type=\"image.default\">\n\t\t\t\t<div class=\"elementor-widget-container\">\n\t\t\t\t\t\t\t\t\t\t\t\t\t\t\t<img fetchpriority=\"high\" decoding=\"async\" width=\"800\" height=\"908\" src=\"https:\/\/kalmarpeter.com\/wp-content\/uploads\/2024\/10\/REMATIA-oldal-teteje-902x1024.jpg\" class=\"attachment-large size-large wp-image-2157\" alt=\"\" srcset=\"https:\/\/kalmarpeter.com\/wp-content\/uploads\/2024\/10\/REMATIA-oldal-teteje-902x1024.jpg 902w, https:\/\/kalmarpeter.com\/wp-content\/uploads\/2024\/10\/REMATIA-oldal-teteje-264x300.jpg 264w, https:\/\/kalmarpeter.com\/wp-content\/uploads\/2024\/10\/REMATIA-oldal-teteje-768x871.jpg 768w, https:\/\/kalmarpeter.com\/wp-content\/uploads\/2024\/10\/REMATIA-oldal-teteje-1354x1536.jpg 1354w, https:\/\/kalmarpeter.com\/wp-content\/uploads\/2024\/10\/REMATIA-oldal-teteje.jpg 1790w\" sizes=\"(max-width: 800px) 100vw, 800px\" \/>\t\t\t\t\t\t\t\t\t\t\t\t\t\t\t<\/div>\n\t\t\t\t<\/div>\n\t\t\t\t<\/div>\n\t\t<div class=\"elementor-element elementor-element-291f3 e-con-full e-flex e-con e-child\" data-id=\"291f3\" data-element_type=\"container\" data-e-type=\"container\">\n\t\t\t\t<div class=\"elementor-element elementor-element-2514a15a elementor-widget elementor-widget-heading\" data-id=\"2514a15a\" data-element_type=\"widget\" data-e-type=\"widget\" data-widget_type=\"heading.default\">\n\t\t\t\t<div class=\"elementor-widget-container\">\n\t\t\t\t\t<h1 class=\"elementor-heading-title elementor-size-default\">REMATIA<\/h1>\t\t\t\t<\/div>\n\t\t\t\t<\/div>\n\t\t\t\t<div class=\"elementor-element elementor-element-e408133 elementor-widget elementor-widget-text-editor\" data-id=\"e408133\" data-element_type=\"widget\" data-e-type=\"widget\" data-widget_type=\"text-editor.default\">\n\t\t\t\t<div class=\"elementor-widget-container\">\n\t\t\t\t\t\t\t\t\t<p>registered performing arts organisations <br \/>to apply for reduced-rate subsidies <br \/>consolidated database<\/p><p>2010-2016<\/p><p>In 2010, I set up a database called REMATIA to mediate the use of the tax incentives provided for in the new Performing Arts Act, and I helped to distribute hundreds of millions of forints to around 30 theatres and other performing arts institutions and companies.<\/p>\t\t\t\t\t\t\t\t<\/div>\n\t\t\t\t<\/div>\n\t\t\t\t<\/div>\n\t\t\t\t\t<\/div>\n\t\t\t\t<\/div>\n\t\t<div class=\"elementor-element elementor-element-339382f3 e-flex e-con-boxed e-con e-parent\" data-id=\"339382f3\" data-element_type=\"container\" data-e-type=\"container\">\n\t\t\t\t\t<div class=\"e-con-inner\">\n\t\t\t\t<div class=\"elementor-element elementor-element-3af68010 e-n-tabs-none elementor-widget elementor-widget-n-tabs\" data-id=\"3af68010\" data-element_type=\"widget\" data-e-type=\"widget\" data-settings=\"{&quot;tabs_justify_horizontal&quot;:&quot;stretch&quot;,&quot;tabs_justify_horizontal_tablet&quot;:&quot;stretch&quot;,&quot;tabs_justify_horizontal_mobile&quot;:&quot;stretch&quot;,&quot;horizontal_scroll&quot;:&quot;disable&quot;}\" data-widget_type=\"nested-tabs.default\">\n\t\t\t\t<div class=\"elementor-widget-container\">\n\t\t\t\t\t\t\t<div class=\"e-n-tabs\" data-widget-number=\"989233168\" aria-label=\"Tabs. Open items with Enter or Space, close with Escape and navigate using the Arrow keys.\">\n\t\t\t<div class=\"e-n-tabs-heading\" role=\"tablist\">\n\t\t\t\t\t<button id=\"e-n-tab-title-9892331681\" data-tab-title-id=\"e-n-tab-title-9892331681\" class=\"e-n-tab-title\" aria-selected=\"true\" data-tab-index=\"1\" role=\"tab\" tabindex=\"0\" aria-controls=\"e-n-tab-content-9892331681\" style=\"--n-tabs-title-order: 1;\">\n\t\t\t\t\t\t<span class=\"e-n-tab-title-text\">\n\t\t\t\tPress\t\t\t<\/span>\n\t\t<\/button>\n\t\t\t\t\t<\/div>\n\t\t\t<div class=\"e-n-tabs-content\">\n\t\t\t\t<div id=\"e-n-tab-content-9892331681\" role=\"tabpanel\" aria-labelledby=\"e-n-tab-title-9892331681\" data-tab-index=\"1\" style=\"--n-tabs-title-order: 1;\" class=\"e-active elementor-element elementor-element-7322a69d e-flex e-con-boxed e-con e-child\" data-id=\"7322a69d\" data-element_type=\"container\" data-e-type=\"container\">\n\t\t\t\t\t<div class=\"e-con-inner\">\n\t\t<div class=\"elementor-element elementor-element-55fdb487 e-con-full e-flex e-con e-child\" data-id=\"55fdb487\" data-element_type=\"container\" data-e-type=\"container\">\n\t\t\t\t<div class=\"elementor-element elementor-element-405b6fe1 elementor-widget elementor-widget-gallery\" data-id=\"405b6fe1\" data-element_type=\"widget\" data-e-type=\"widget\" data-settings=\"{&quot;lazyload&quot;:&quot;yes&quot;,&quot;gallery_layout&quot;:&quot;grid&quot;,&quot;columns&quot;:4,&quot;columns_tablet&quot;:2,&quot;columns_mobile&quot;:1,&quot;gap&quot;:{&quot;unit&quot;:&quot;px&quot;,&quot;size&quot;:10,&quot;sizes&quot;:[]},&quot;gap_tablet&quot;:{&quot;unit&quot;:&quot;px&quot;,&quot;size&quot;:10,&quot;sizes&quot;:[]},&quot;gap_mobile&quot;:{&quot;unit&quot;:&quot;px&quot;,&quot;size&quot;:10,&quot;sizes&quot;:[]},&quot;link_to&quot;:&quot;file&quot;,&quot;aspect_ratio&quot;:&quot;3:2&quot;,&quot;overlay_background&quot;:&quot;yes&quot;,&quot;content_hover_animation&quot;:&quot;fade-in&quot;}\" data-widget_type=\"gallery.default\">\n\t\t\t\t<div class=\"elementor-widget-container\">\n\t\t\t\t\t\t\t<div class=\"elementor-gallery__container\">\n\t\t\t\t\t\t\t<a class=\"e-gallery-item elementor-gallery-item elementor-animated-content\" href=\"https:\/\/kalmarpeter.com\/wp-content\/uploads\/2024\/10\/REMATIA-press.jpeg\" data-elementor-open-lightbox=\"yes\" data-elementor-lightbox-slideshow=\"405b6fe1\" data-elementor-lightbox-title=\"REMATIA-press\" data-e-action-hash=\"#elementor-action%3Aaction%3Dlightbox%26settings%3DeyJpZCI6MjE1NiwidXJsIjoiaHR0cHM6XC9cL2thbG1hcnBldGVyLmNvbVwvd3AtY29udGVudFwvdXBsb2Fkc1wvMjAyNFwvMTBcL1JFTUFUSUEtcHJlc3MuanBlZyIsInNsaWRlc2hvdyI6IjQwNWI2ZmUxIn0%3D\">\n\t\t\t\t\t<div class=\"e-gallery-image elementor-gallery-item__image\" data-thumbnail=\"https:\/\/kalmarpeter.com\/wp-content\/uploads\/2024\/10\/REMATIA-press.jpeg\" data-width=\"800\" data-height=\"669\" aria-label=\"\" role=\"img\" ><\/div>\n\t\t\t\t\t\t\t\t\t\t\t<div class=\"elementor-gallery-item__overlay\"><\/div>\n\t\t\t\t\t\t\t\t\t\t\t\t\t\t<\/a>\n\t\t\t\t\t<\/div>\n\t\t\t\t\t<\/div>\n\t\t\t\t<\/div>\n\t\t\t\t<\/div>\n\t\t\t\t\t<\/div>\n\t\t\t\t<\/div>\n\t\t\t\t\t<\/div>\n\t\t<\/div>\n\t\t\t\t\t\t<\/div>\n\t\t\t\t<\/div>\n\t\t\t\t\t<\/div>\n\t\t\t\t<\/div>\n\t\t\t\t<\/div>","protected":false},"excerpt":{"rendered":"<p>regisztr\u00e1lt el\u0151ad\u00f3m\u0171v\u00e9szeti szervezetek ad\u00f3kedvezm\u00e9nyes t\u00e1mogat\u00e1sok ig\u00e9nyl\u00e9s\u00e9hez egys\u00e9ges\u00edtett adatb\u00e1zisa 2010-2016 2010-ben az \u00faj El\u0151ad\u00f3m\u0171v\u00e9szeti T\u00f6rv\u00e9nyben r\u00f6gz\u00edtett ad\u00f3kedvezm\u00e9nyes t\u00e1mogat\u00e1sok ig\u00e9nybev\u00e9tel\u00e9nek k\u00f6zvet\u00edt\u00e9s\u00e9re l\u00e9trehoztam egy REMATIA nev\u0171 adatb\u00e1zist, \u00e9s kb. 30 sz\u00ednh\u00e1z \u00e9s egy\u00e9b el\u0151ad\u00f3m\u0171v\u00e9szeti int\u00e9zm\u00e9ny \u00e9s t\u00e1rsulat r\u00e9sz\u00e9re t\u00f6bb sz\u00e1zmilli\u00f3 forint eloszt\u00e1s\u00e1ban k\u00f6zrem\u0171k\u00f6dtem, mint t\u00e1mogat\u00e1s-k\u00f6zvet\u00edt\u0151. Sajt\u00f3<\/p>","protected":false},"author":1,"featured_media":0,"parent":0,"menu_order":0,"comment_status":"closed","ping_status":"closed","template":"","meta":{"_seopress_robots_primary_cat":"","_seopress_titles_title":"","_seopress_titles_desc":"","_seopress_robots_index":"","footnotes":""},"class_list":["post-2151","page","type-page","status-publish","hentry"],"_links":{"self":[{"href":"https:\/\/kalmarpeter.com\/en\/wp-json\/wp\/v2\/pages\/2151","targetHints":{"allow":["GET"]}}],"collection":[{"href":"https:\/\/kalmarpeter.com\/en\/wp-json\/wp\/v2\/pages"}],"about":[{"href":"https:\/\/kalmarpeter.com\/en\/wp-json\/wp\/v2\/types\/page"}],"author":[{"embeddable":true,"href":"https:\/\/kalmarpeter.com\/en\/wp-json\/wp\/v2\/users\/1"}],"replies":[{"embeddable":true,"href":"https:\/\/kalmarpeter.com\/en\/wp-json\/wp\/v2\/comments?post=2151"}],"version-history":[{"count":4,"href":"https:\/\/kalmarpeter.com\/en\/wp-json\/wp\/v2\/pages\/2151\/revisions"}],"predecessor-version":[{"id":2160,"href":"https:\/\/kalmarpeter.com\/en\/wp-json\/wp\/v2\/pages\/2151\/revisions\/2160"}],"wp:attachment":[{"href":"https:\/\/kalmarpeter.com\/en\/wp-json\/wp\/v2\/media?parent=2151"}],"curies":[{"name":"wp","href":"https:\/\/api.w.org\/{rel}","templated":true}]}}