{"id":2164,"date":"2024-10-16T20:16:07","date_gmt":"2024-10-16T18:16:07","guid":{"rendered":"https:\/\/kalmarpeter.com\/?page_id=2164"},"modified":"2024-10-18T17:57:33","modified_gmt":"2024-10-18T15:57:33","slug":"simpaticon","status":"publish","type":"page","link":"https:\/\/kalmarpeter.com\/en\/simpaticon\/","title":{"rendered":"simpaticon"},"content":{"rendered":"<div data-elementor-type=\"wp-page\" data-elementor-id=\"2164\" class=\"elementor elementor-2164\" data-elementor-post-type=\"page\">\n\t\t\t\t<div class=\"elementor-element elementor-element-44b1c5d6 e-flex e-con-boxed e-con e-parent\" data-id=\"44b1c5d6\" data-element_type=\"container\" data-e-type=\"container\">\n\t\t\t\t\t<div class=\"e-con-inner\">\n\t\t<div class=\"elementor-element elementor-element-4302ffc1 e-con-full e-flex e-con e-child\" data-id=\"4302ffc1\" data-element_type=\"container\" data-e-type=\"container\">\n\t\t\t\t<div class=\"elementor-element elementor-element-35af11b3 elementor-widget elementor-widget-image\" data-id=\"35af11b3\" data-element_type=\"widget\" data-e-type=\"widget\" data-widget_type=\"image.default\">\n\t\t\t\t<div class=\"elementor-widget-container\">\n\t\t\t\t\t\t\t\t\t\t\t\t\t\t\t<img fetchpriority=\"high\" decoding=\"async\" width=\"800\" height=\"609\" src=\"https:\/\/kalmarpeter.com\/wp-content\/uploads\/2024\/10\/simpaticon-1-1024x779.jpg\" class=\"attachment-large size-large wp-image-2169\" alt=\"\" srcset=\"https:\/\/kalmarpeter.com\/wp-content\/uploads\/2024\/10\/simpaticon-1-1024x779.jpg 1024w, https:\/\/kalmarpeter.com\/wp-content\/uploads\/2024\/10\/simpaticon-1-300x228.jpg 300w, https:\/\/kalmarpeter.com\/wp-content\/uploads\/2024\/10\/simpaticon-1-768x584.jpg 768w, https:\/\/kalmarpeter.com\/wp-content\/uploads\/2024\/10\/simpaticon-1.jpg 1108w\" sizes=\"(max-width: 800px) 100vw, 800px\" \/>\t\t\t\t\t\t\t\t\t\t\t\t\t\t\t<\/div>\n\t\t\t\t<\/div>\n\t\t\t\t<\/div>\n\t\t<div class=\"elementor-element elementor-element-4d07a7d6 e-con-full e-flex e-con e-child\" data-id=\"4d07a7d6\" data-element_type=\"container\" data-e-type=\"container\">\n\t\t\t\t<div class=\"elementor-element elementor-element-67c447c elementor-widget elementor-widget-heading\" data-id=\"67c447c\" data-element_type=\"widget\" data-e-type=\"widget\" data-widget_type=\"heading.default\">\n\t\t\t\t<div class=\"elementor-widget-container\">\n\t\t\t\t\t<h1 class=\"elementor-heading-title elementor-size-default\">simpaticon<\/h1>\t\t\t\t<\/div>\n\t\t\t\t<\/div>\n\t\t\t\t<div class=\"elementor-element elementor-element-4871ad3b elementor-widget elementor-widget-text-editor\" data-id=\"4871ad3b\" data-element_type=\"widget\" data-e-type=\"widget\" data-widget_type=\"text-editor.default\">\n\t\t\t\t<div class=\"elementor-widget-container\">\n\t\t\t\t\t\t\t\t\t<p>2008<\/p><p>Within the framework of NetBiZz Ltd. \na new homepage and community site, \ncalled \"simpaticon\".<\/p><p>The homepage was launched with the support of [origo].<\/p><p>The idea of the site is to allow users to \ntheir most frequently used websites \nvisually into an automatic and attractive icon system, \nand at the same time recommend it to additional users, \nwho are not your usual acquaintances, \nbut will become his \"likes\" with similar interests.<\/p>\t\t\t\t\t\t\t\t<\/div>\n\t\t\t\t<\/div>\n\t\t\t\t<\/div>\n\t\t\t\t\t<\/div>\n\t\t\t\t<\/div>\n\t\t\t\t<\/div>","protected":false},"excerpt":{"rendered":"<p>2008 A NetBiZz Kft. keretein bel\u00fcl ind\u00edtottunk el egy \u00faj kezd\u0151lap \u00e9s k\u00f6z\u00f6ss\u00e9gi oldal fejleszt\u00e9s\u00e9t, amelyet \u201esimpaticon\u201d n\u00e9ven val\u00f3s\u00edtottunk meg. A kezd\u0151lap az [origo] t\u00e1mogat\u00e1s\u00e1val indult el. Az oldal l\u00e9nyege, hogy az egyes felhaszn\u00e1l\u00f3k a leggyakrabban haszn\u00e1lt weboldalaikat vizu\u00e1lisan is egy automatikus attrakt\u00edv ikonrendszerbe foglalj\u00e1k, \u00e9s ezzel egy id\u0151ben olyan tov\u00e1bbi felhaszn\u00e1l\u00f3kat aj\u00e1nlunk neki, akik [&hellip;]<\/p>","protected":false},"author":1,"featured_media":0,"parent":0,"menu_order":0,"comment_status":"closed","ping_status":"closed","template":"","meta":{"_seopress_robots_primary_cat":"","_seopress_titles_title":"","_seopress_titles_desc":"","_seopress_robots_index":"","footnotes":""},"class_list":["post-2164","page","type-page","status-publish","hentry"],"_links":{"self":[{"href":"https:\/\/kalmarpeter.com\/en\/wp-json\/wp\/v2\/pages\/2164","targetHints":{"allow":["GET"]}}],"collection":[{"href":"https:\/\/kalmarpeter.com\/en\/wp-json\/wp\/v2\/pages"}],"about":[{"href":"https:\/\/kalmarpeter.com\/en\/wp-json\/wp\/v2\/types\/page"}],"author":[{"embeddable":true,"href":"https:\/\/kalmarpeter.com\/en\/wp-json\/wp\/v2\/users\/1"}],"replies":[{"embeddable":true,"href":"https:\/\/kalmarpeter.com\/en\/wp-json\/wp\/v2\/comments?post=2164"}],"version-history":[{"count":5,"href":"https:\/\/kalmarpeter.com\/en\/wp-json\/wp\/v2\/pages\/2164\/revisions"}],"predecessor-version":[{"id":3238,"href":"https:\/\/kalmarpeter.com\/en\/wp-json\/wp\/v2\/pages\/2164\/revisions\/3238"}],"wp:attachment":[{"href":"https:\/\/kalmarpeter.com\/en\/wp-json\/wp\/v2\/media?parent=2164"}],"curies":[{"name":"wp","href":"https:\/\/api.w.org\/{rel}","templated":true}]}}