{"id":2198,"date":"2024-10-16T20:25:37","date_gmt":"2024-10-16T18:25:37","guid":{"rendered":"https:\/\/kalmarpeter.com\/?page_id=2198"},"modified":"2024-10-16T20:27:12","modified_gmt":"2024-10-16T18:27:12","slug":"operock-duna-part","status":"publish","type":"page","link":"https:\/\/kalmarpeter.com\/en\/operock-duna-part\/","title":{"rendered":"OperocK \u2013 Duna P\u00aeart"},"content":{"rendered":"<div data-elementor-type=\"wp-page\" data-elementor-id=\"2198\" class=\"elementor elementor-2198\" data-elementor-post-type=\"page\">\n\t\t\t\t<div class=\"elementor-element elementor-element-2d1ba338 e-flex e-con-boxed e-con e-parent\" data-id=\"2d1ba338\" data-element_type=\"container\" data-e-type=\"container\">\n\t\t\t\t\t<div class=\"e-con-inner\">\n\t\t<div class=\"elementor-element elementor-element-1fc74614 e-con-full e-flex e-con e-child\" data-id=\"1fc74614\" data-element_type=\"container\" data-e-type=\"container\">\n\t\t\t\t<div class=\"elementor-element elementor-element-62105888 elementor-widget elementor-widget-image\" data-id=\"62105888\" data-element_type=\"widget\" data-e-type=\"widget\" data-widget_type=\"image.default\">\n\t\t\t\t<div class=\"elementor-widget-container\">\n\t\t\t\t\t\t\t\t\t\t\t\t\t\t\t<img fetchpriority=\"high\" decoding=\"async\" width=\"800\" height=\"627\" src=\"https:\/\/kalmarpeter.com\/wp-content\/uploads\/2024\/10\/Operock-staff-1024x803.png\" class=\"attachment-large size-large wp-image-2203\" alt=\"\" srcset=\"https:\/\/kalmarpeter.com\/wp-content\/uploads\/2024\/10\/Operock-staff-1024x803.png 1024w, https:\/\/kalmarpeter.com\/wp-content\/uploads\/2024\/10\/Operock-staff-300x235.png 300w, https:\/\/kalmarpeter.com\/wp-content\/uploads\/2024\/10\/Operock-staff-768x602.png 768w, https:\/\/kalmarpeter.com\/wp-content\/uploads\/2024\/10\/Operock-staff.png 1200w\" sizes=\"(max-width: 800px) 100vw, 800px\" \/>\t\t\t\t\t\t\t\t\t\t\t\t\t\t\t<\/div>\n\t\t\t\t<\/div>\n\t\t\t\t<div class=\"elementor-element elementor-element-54cc5f84 elementor-arrows-position-inside elementor-pagination-position-outside elementor-widget elementor-widget-image-carousel\" data-id=\"54cc5f84\" data-element_type=\"widget\" data-e-type=\"widget\" data-settings=\"{&quot;slides_to_show&quot;:&quot;1&quot;,&quot;navigation&quot;:&quot;both&quot;,&quot;autoplay&quot;:&quot;yes&quot;,&quot;pause_on_hover&quot;:&quot;yes&quot;,&quot;pause_on_interaction&quot;:&quot;yes&quot;,&quot;autoplay_speed&quot;:5000,&quot;infinite&quot;:&quot;yes&quot;,&quot;effect&quot;:&quot;slide&quot;,&quot;speed&quot;:500}\" data-widget_type=\"image-carousel.default\">\n\t\t\t\t<div class=\"elementor-widget-container\">\n\t\t\t\t\t\t\t<div class=\"elementor-image-carousel-wrapper swiper\" role=\"region\" aria-roledescription=\"carousel\" aria-label=\"Image Carousel\" dir=\"ltr\" data-no-translation-aria-label=\"\">\n\t\t\t<div class=\"elementor-image-carousel swiper-wrapper\" aria-live=\"off\">\n\t\t\t\t\t\t\t\t<div class=\"swiper-slide\" role=\"group\" aria-roledescription=\"slide\" aria-label=\"1 of 1\" data-no-translation-aria-label=\"\"><figure class=\"swiper-slide-inner\"><img decoding=\"async\" class=\"swiper-slide-image\" src=\"https:\/\/kalmarpeter.com\/wp-content\/uploads\/2024\/10\/ad-agency.jpg\" alt=\"ad agency\" \/><\/figure><\/div>\t\t\t<\/div>\n\t\t\t\t\t<\/div>\n\t\t\t\t\t\t<\/div>\n\t\t\t\t<\/div>\n\t\t\t\t<\/div>\n\t\t<div class=\"elementor-element elementor-element-70151645 e-con-full e-flex e-con e-child\" data-id=\"70151645\" data-element_type=\"container\" data-e-type=\"container\">\n\t\t\t\t<div class=\"elementor-element elementor-element-59778b73 elementor-widget elementor-widget-heading\" data-id=\"59778b73\" data-element_type=\"widget\" data-e-type=\"widget\" data-widget_type=\"heading.default\">\n\t\t\t\t<div class=\"elementor-widget-container\">\n\t\t\t\t\t<h1 class=\"elementor-heading-title elementor-size-default\">OperocK \u2013 Duna P\u00aeart<\/h1>\t\t\t\t<\/div>\n\t\t\t\t<\/div>\n\t\t\t\t<div class=\"elementor-element elementor-element-31e1e99f elementor-widget elementor-widget-text-editor\" data-id=\"31e1e99f\" data-element_type=\"widget\" data-e-type=\"widget\" data-widget_type=\"text-editor.default\">\n\t\t\t\t<div class=\"elementor-widget-container\">\n\t\t\t\t\t\t\t\t\t<p>Arts, events and advertising agency<\/p><p>1995-2004<\/p><p class=\"translation-block\">My advertising and events agency, established in 1995, has been responsible for the creative and media planning of several advertising campaigns and has produced several commercials. <br>\n(EasyCall, General Value Bank, AcneStop, Danubius Radio)<\/p><p>Since the launch of Danubius Radio, which was re-launched as a national commercial radio station in 1997, my company has been involved in almost all OFF-Air promotions for the radio station, including the Danubius Road Show, which has been held every summer for 7 years. These huge open-air events brought the most popular acts of the Hungarian popular music scene live to nearly a million people in 24 cities.<\/p><p class=\"translation-block\">My company has also organised many other events and road shows \n(Philips, Nokia, Pannon GSM, Coca-Cola, Hunguest, Axelero, Le Meridian, Air France, the 20th of August celebrations, etc., media events, P.R. campaigns).<\/p><p class=\"translation-block\">Between 2003 and 2004, I was involved as a strategic consultant \nin the sale of Danubius Radio, which was finally acquired in 2004 \nAdvent International as a financial investor from the owner Great Western Radio. <br>\nThe transaction was completed at a record price of \u20ac30 million.<\/p>\t\t\t\t\t\t\t\t<\/div>\n\t\t\t\t<\/div>\n\t\t\t\t<\/div>\n\t\t\t\t\t<\/div>\n\t\t\t\t<\/div>\n\t\t\t\t<\/div>","protected":false},"excerpt":{"rendered":"<p>M\u0171v\u00e9szeti-, rendezv\u00e9ny-, \u00e9s rekl\u00e1m\u00fcgyn\u00f6ks\u00e9g 1995-2004 Az 1995-ben alakult rekl\u00e1m-, \u00e9s rendezv\u00e9ny\u00fcgyn\u00f6ks\u00e9gem t\u00f6bb rekl\u00e1mkamp\u00e1ny kreat\u00edv \u00e9s m\u00e9diatervez\u00e9s\u00e9t v\u00e9gezte, illetve sz\u00e1mos rekl\u00e1mfilmet is gy\u00e1rtottunk. (EasyCall, \u00c1ltal\u00e1nos \u00c9rt\u00e9kforgalmi Bank, AcneStop, Danubius r\u00e1di\u00f3) Az 1997-ben orsz\u00e1gos kereskedelmi r\u00e1di\u00f3k\u00e9nt \u00fajj\u00e1alakult Danubius R\u00e1di\u00f3 elindul\u00e1sa \u00f3ta c\u00e9gemhez tartozott szinte minden OFF-Air megmozdul\u00e1sa a r\u00e1di\u00f3nak, t\u00f6bbek k\u00f6z\u00f6tt a 7 \u00e9ven kereszt\u00fcl minden ny\u00e1ron [&hellip;]<\/p>","protected":false},"author":1,"featured_media":0,"parent":0,"menu_order":0,"comment_status":"closed","ping_status":"closed","template":"","meta":{"_seopress_robots_primary_cat":"","_seopress_titles_title":"","_seopress_titles_desc":"","_seopress_robots_index":"","footnotes":""},"class_list":["post-2198","page","type-page","status-publish","hentry"],"_links":{"self":[{"href":"https:\/\/kalmarpeter.com\/en\/wp-json\/wp\/v2\/pages\/2198","targetHints":{"allow":["GET"]}}],"collection":[{"href":"https:\/\/kalmarpeter.com\/en\/wp-json\/wp\/v2\/pages"}],"about":[{"href":"https:\/\/kalmarpeter.com\/en\/wp-json\/wp\/v2\/types\/page"}],"author":[{"embeddable":true,"href":"https:\/\/kalmarpeter.com\/en\/wp-json\/wp\/v2\/users\/1"}],"replies":[{"embeddable":true,"href":"https:\/\/kalmarpeter.com\/en\/wp-json\/wp\/v2\/comments?post=2198"}],"version-history":[{"count":4,"href":"https:\/\/kalmarpeter.com\/en\/wp-json\/wp\/v2\/pages\/2198\/revisions"}],"predecessor-version":[{"id":2207,"href":"https:\/\/kalmarpeter.com\/en\/wp-json\/wp\/v2\/pages\/2198\/revisions\/2207"}],"wp:attachment":[{"href":"https:\/\/kalmarpeter.com\/en\/wp-json\/wp\/v2\/media?parent=2198"}],"curies":[{"name":"wp","href":"https:\/\/api.w.org\/{rel}","templated":true}]}}