{"id":220,"date":"2024-10-10T12:51:51","date_gmt":"2024-10-10T10:51:51","guid":{"rendered":"https:\/\/kalmarpeter.com\/?page_id=220"},"modified":"2024-10-21T17:27:29","modified_gmt":"2024-10-21T15:27:29","slug":"revue-deja-vu","status":"publish","type":"page","link":"https:\/\/kalmarpeter.com\/en\/revue-deja-vu\/","title":{"rendered":"Revue Deja Vu"},"content":{"rendered":"<div data-elementor-type=\"wp-page\" data-elementor-id=\"220\" class=\"elementor elementor-220\" data-elementor-post-type=\"page\">\n\t\t\t\t<div class=\"elementor-element elementor-element-c23c634 e-flex e-con-boxed e-con e-parent\" data-id=\"c23c634\" data-element_type=\"container\" data-e-type=\"container\">\n\t\t\t\t\t<div class=\"e-con-inner\">\n\t\t<div class=\"elementor-element elementor-element-b24c2e7 e-con-full e-flex e-con e-child\" data-id=\"b24c2e7\" data-element_type=\"container\" data-e-type=\"container\">\n\t\t\t\t<div class=\"elementor-element elementor-element-26350ab elementor-widget elementor-widget-image\" data-id=\"26350ab\" data-element_type=\"widget\" data-e-type=\"widget\" data-widget_type=\"image.default\">\n\t\t\t\t<div class=\"elementor-widget-container\">\n\t\t\t\t\t\t\t\t\t\t\t\t\t\t\t<img fetchpriority=\"high\" decoding=\"async\" width=\"480\" height=\"300\" src=\"https:\/\/kalmarpeter.com\/wp-content\/uploads\/2024\/10\/directorRevueMainPic.jpg\" class=\"attachment-large size-large wp-image-222\" alt=\"\" srcset=\"https:\/\/kalmarpeter.com\/wp-content\/uploads\/2024\/10\/directorRevueMainPic.jpg 480w, https:\/\/kalmarpeter.com\/wp-content\/uploads\/2024\/10\/directorRevueMainPic-300x188.jpg 300w\" sizes=\"(max-width: 480px) 100vw, 480px\" \/>\t\t\t\t\t\t\t\t\t\t\t\t\t\t\t<\/div>\n\t\t\t\t<\/div>\n\t\t\t\t<div class=\"elementor-element elementor-element-2f6eef5 elementor-arrows-position-inside elementor-pagination-position-outside elementor-widget elementor-widget-image-carousel\" data-id=\"2f6eef5\" data-element_type=\"widget\" data-e-type=\"widget\" data-settings=\"{&quot;slides_to_show&quot;:&quot;1&quot;,&quot;navigation&quot;:&quot;both&quot;,&quot;autoplay&quot;:&quot;yes&quot;,&quot;pause_on_hover&quot;:&quot;yes&quot;,&quot;pause_on_interaction&quot;:&quot;yes&quot;,&quot;autoplay_speed&quot;:5000,&quot;infinite&quot;:&quot;yes&quot;,&quot;effect&quot;:&quot;slide&quot;,&quot;speed&quot;:500}\" data-widget_type=\"image-carousel.default\">\n\t\t\t\t<div class=\"elementor-widget-container\">\n\t\t\t\t\t\t\t<div class=\"elementor-image-carousel-wrapper swiper\" role=\"region\" aria-roledescription=\"carousel\" aria-label=\"K\u00e9p k\u00f6rhinta\" dir=\"ltr\">\n\t\t\t<div class=\"elementor-image-carousel swiper-wrapper\" aria-live=\"off\">\n\t\t\t\t\t\t\t\t<div class=\"swiper-slide\" role=\"group\" aria-roledescription=\"slide\" aria-label=\"1 \/ 13\"><figure class=\"swiper-slide-inner\"><img decoding=\"async\" class=\"swiper-slide-image\" src=\"https:\/\/kalmarpeter.com\/wp-content\/uploads\/2024\/10\/revue-01.jpg\" alt=\"revue-01\" \/><\/figure><\/div><div class=\"swiper-slide\" role=\"group\" aria-roledescription=\"slide\" aria-label=\"2 \/ 13\"><figure class=\"swiper-slide-inner\"><img decoding=\"async\" class=\"swiper-slide-image\" src=\"https:\/\/kalmarpeter.com\/wp-content\/uploads\/2024\/10\/revue-02.jpg\" alt=\"revue-02\" \/><\/figure><\/div><div class=\"swiper-slide\" role=\"group\" aria-roledescription=\"slide\" aria-label=\"3 \/ 13\"><figure class=\"swiper-slide-inner\"><img decoding=\"async\" class=\"swiper-slide-image\" src=\"https:\/\/kalmarpeter.com\/wp-content\/uploads\/2024\/10\/revue-03.jpg\" alt=\"revue-03\" \/><\/figure><\/div><div class=\"swiper-slide\" role=\"group\" aria-roledescription=\"slide\" aria-label=\"4 \/ 13\"><figure class=\"swiper-slide-inner\"><img decoding=\"async\" class=\"swiper-slide-image\" src=\"https:\/\/kalmarpeter.com\/wp-content\/uploads\/2024\/10\/revue-04.jpg\" alt=\"revue-04\" \/><\/figure><\/div><div class=\"swiper-slide\" role=\"group\" aria-roledescription=\"slide\" aria-label=\"5 \/ 13\"><figure class=\"swiper-slide-inner\"><img decoding=\"async\" class=\"swiper-slide-image\" src=\"https:\/\/kalmarpeter.com\/wp-content\/uploads\/2024\/10\/revue-05.jpg\" alt=\"revue-05\" \/><\/figure><\/div><div class=\"swiper-slide\" role=\"group\" aria-roledescription=\"slide\" aria-label=\"6 \/ 13\"><figure class=\"swiper-slide-inner\"><img decoding=\"async\" class=\"swiper-slide-image\" src=\"https:\/\/kalmarpeter.com\/wp-content\/uploads\/2024\/10\/revue-06.jpg\" alt=\"revue-06\" \/><\/figure><\/div><div class=\"swiper-slide\" role=\"group\" aria-roledescription=\"slide\" aria-label=\"7 \/ 13\"><figure class=\"swiper-slide-inner\"><img decoding=\"async\" class=\"swiper-slide-image\" src=\"https:\/\/kalmarpeter.com\/wp-content\/uploads\/2024\/10\/revue-07.jpg\" alt=\"revue-07\" \/><\/figure><\/div><div class=\"swiper-slide\" role=\"group\" aria-roledescription=\"slide\" aria-label=\"8 \/ 13\"><figure class=\"swiper-slide-inner\"><img decoding=\"async\" class=\"swiper-slide-image\" src=\"https:\/\/kalmarpeter.com\/wp-content\/uploads\/2024\/10\/revue-08.jpg\" alt=\"revue-08\" \/><\/figure><\/div><div class=\"swiper-slide\" role=\"group\" aria-roledescription=\"slide\" aria-label=\"9 \/ 13\"><figure class=\"swiper-slide-inner\"><img decoding=\"async\" class=\"swiper-slide-image\" src=\"https:\/\/kalmarpeter.com\/wp-content\/uploads\/2024\/10\/revue-09.jpg\" alt=\"revue-09\" \/><\/figure><\/div><div class=\"swiper-slide\" role=\"group\" aria-roledescription=\"slide\" aria-label=\"10 \/ 13\"><figure class=\"swiper-slide-inner\"><img decoding=\"async\" class=\"swiper-slide-image\" src=\"https:\/\/kalmarpeter.com\/wp-content\/uploads\/2024\/10\/revue-10.jpg\" alt=\"revue-10\" \/><\/figure><\/div><div class=\"swiper-slide\" role=\"group\" aria-roledescription=\"slide\" aria-label=\"11 \/ 13\"><figure class=\"swiper-slide-inner\"><img decoding=\"async\" class=\"swiper-slide-image\" src=\"https:\/\/kalmarpeter.com\/wp-content\/uploads\/2024\/10\/revue-11.jpg\" alt=\"revue-11\" \/><\/figure><\/div><div class=\"swiper-slide\" role=\"group\" aria-roledescription=\"slide\" aria-label=\"12 \/ 13\"><figure class=\"swiper-slide-inner\"><img decoding=\"async\" class=\"swiper-slide-image\" src=\"https:\/\/kalmarpeter.com\/wp-content\/uploads\/2024\/10\/revue-12.jpg\" alt=\"revue-12\" \/><\/figure><\/div><div class=\"swiper-slide\" role=\"group\" aria-roledescription=\"slide\" aria-label=\"13 \/ 13\"><figure class=\"swiper-slide-inner\"><img decoding=\"async\" class=\"swiper-slide-image\" src=\"https:\/\/kalmarpeter.com\/wp-content\/uploads\/2024\/10\/revue-13.jpg\" alt=\"revue-13\" \/><\/figure><\/div>\t\t\t<\/div>\n\t\t\t\t\t\t\t\t\t\t\t\t<div class=\"elementor-swiper-button elementor-swiper-button-prev\" role=\"button\" tabindex=\"0\">\n\t\t\t\t\t\t<svg aria-hidden=\"true\" class=\"e-font-icon-svg e-eicon-chevron-left\" viewbox=\"0 0 1000 1000\" xmlns=\"http:\/\/www.w3.org\/2000\/svg\"><path d=\"M646 125C629 125 613 133 604 142L308 442C296 454 292 471 292 487 292 504 296 521 308 533L604 854C617 867 629 875 646 875 663 875 679 871 692 858 704 846 713 829 713 812 713 796 708 779 692 767L438 487 692 225C700 217 708 204 708 187 708 171 704 154 692 142 675 129 663 125 646 125Z\"><\/path><\/svg>\t\t\t\t\t<\/div>\n\t\t\t\t\t<div class=\"elementor-swiper-button elementor-swiper-button-next\" role=\"button\" tabindex=\"0\">\n\t\t\t\t\t\t<svg aria-hidden=\"true\" class=\"e-font-icon-svg e-eicon-chevron-right\" viewbox=\"0 0 1000 1000\" xmlns=\"http:\/\/www.w3.org\/2000\/svg\"><path d=\"M696 533C708 521 713 504 713 487 713 471 708 454 696 446L400 146C388 133 375 125 354 125 338 125 325 129 313 142 300 154 292 171 292 187 292 204 296 221 308 233L563 492 304 771C292 783 288 800 288 817 288 833 296 850 308 863 321 871 338 875 354 875 371 875 388 867 400 854L696 533Z\"><\/path><\/svg>\t\t\t\t\t<\/div>\n\t\t\t\t\n\t\t\t\t\t\t\t\t\t<div class=\"swiper-pagination\"><\/div>\n\t\t\t\t\t\t\t\t\t<\/div>\n\t\t\t\t\t\t<\/div>\n\t\t\t\t<\/div>\n\t\t\t\t<\/div>\n\t\t<div class=\"elementor-element elementor-element-a02ff9a e-con-full e-flex e-con e-child\" data-id=\"a02ff9a\" data-element_type=\"container\" data-e-type=\"container\">\n\t\t\t\t<div class=\"elementor-element elementor-element-7439b26 elementor-widget elementor-widget-heading\" data-id=\"7439b26\" data-element_type=\"widget\" data-e-type=\"widget\" data-widget_type=\"heading.default\">\n\t\t\t\t<div class=\"elementor-widget-container\">\n\t\t\t\t\t<h1 class=\"elementor-heading-title elementor-size-default\">Revue Deja Vu<\/h1>\t\t\t\t<\/div>\n\t\t\t\t<\/div>\n\t\t\t\t<div class=\"elementor-element elementor-element-5836be5 elementor-widget elementor-widget-text-editor\" data-id=\"5836be5\" data-element_type=\"widget\" data-e-type=\"widget\" data-widget_type=\"text-editor.default\">\n\t\t\t\t<div class=\"elementor-widget-container\">\n\t\t\t\t\t\t\t\t\t<p class=\"center\">Kalm\u00e1r P\u00e9ter &#8211; Juh\u00e1sz S\u00e1ndor &#8211; K\u00e1llai Istv\u00e1n<\/p><p class=\"center\"><strong>Date:<\/strong> 2000<br \/><strong>Location:<\/strong> Moulin Rouge Budapest<\/p><p class=\"center\"><strong>Cast:<\/strong>:<\/p><p class=\"center\">Csengeri Ott\u00edlia \u2013 Gabriel \u2013 K\u00f6vesdi \u00c9va<br \/>Kravalik Brigitta \u2013 Kisp\u00e1l Anita<br \/>Tall\u00f3s Andrea \u2013 Zilahy Izabella<br \/>Ga\u00e1l Gy\u00f6rgy \u2013 Papp Csaba<br \/>Koncz Timea \u2013 Mirtse R\u00e9ka \u2013 Ottlik Laura \u2013 Papp Anita<br \/>Gy\u0151ri Helga \u2013 Kiss Kriszta \u2013 Kollarik \u00c1gnes<br \/>Str\u00f3bl Em\u0151ke \u2013 Zoboky Kriszta<br \/>Cserh\u00e1ti Mikl\u00f3s \u2013 Kereszty Andr\u00e1s \u2013 N\u00e9meth Norbert<br \/>N\u00e9met D\u00e1vid \u2013 Plaveczky Ede \u2013 S\u00e1rk\u00e1ny Zsolt<br \/>N\u00e9meth Tibor \u2013 Tam\u00e1si L\u00e1szl\u00f3 \u2013 Zoboky Zolt\u00e1n<\/p><p><span class=\"leftSide\"><strong>Set Design:<\/strong> <\/span><span class=\"leftSide\">Kentaur<\/span><span class=\"rightSide\">Costume Design: Par\u00e1di Gabriella<\/span><\/p><p class=\"center\"><strong>Costume Design:<\/strong> Par\u00e1di Gabriella<\/p><p class=\"center\"><strong>Musical Director:<\/strong> Wolf P\u00e9ter<\/p><p class=\"center\"><strong>Arrangements:<\/strong> N\u00e9meth Zolt\u00e1n, Wolf P\u00e9ter, Fekete M\u00e1ria<\/p><p class=\"center\"><strong>Choreographer: <\/strong>Kov\u00e1ts Tibor<\/p><p class=\"center\"><strong>Production Manager:<\/strong> Juh\u00e1sz S\u00e1ndor<\/p><p class=\"center\"><strong>Producer\/Director:<\/strong> Kalm\u00e1r P\u00e9ter<\/p>\t\t\t\t\t\t\t\t<\/div>\n\t\t\t\t<\/div>\n\t\t\t\t<\/div>\n\t\t\t\t\t<\/div>\n\t\t\t\t<\/div>\n\t\t<div class=\"elementor-element elementor-element-f70ef0e e-flex e-con-boxed e-con e-parent\" data-id=\"f70ef0e\" data-element_type=\"container\" data-e-type=\"container\">\n\t\t\t\t\t<div class=\"e-con-inner\">\n\t\t\t\t<div class=\"elementor-element elementor-element-98ecb1a e-n-tabs-none elementor-widget elementor-widget-n-tabs\" data-id=\"98ecb1a\" data-element_type=\"widget\" data-e-type=\"widget\" data-settings=\"{&quot;tabs_justify_horizontal&quot;:&quot;stretch&quot;,&quot;tabs_justify_horizontal_tablet&quot;:&quot;stretch&quot;,&quot;tabs_justify_horizontal_mobile&quot;:&quot;stretch&quot;,&quot;horizontal_scroll&quot;:&quot;disable&quot;}\" data-widget_type=\"nested-tabs.default\">\n\t\t\t\t<div class=\"elementor-widget-container\">\n\t\t\t\t\t\t\t<div class=\"e-n-tabs\" data-widget-number=\"160353050\" aria-label=\"Tabs. Open items with Enter or Space, close with Escape and navigate using the Arrow keys.\">\n\t\t\t<div class=\"e-n-tabs-heading\" role=\"tablist\">\n\t\t\t\t\t<button id=\"e-n-tab-title-1603530501\" data-tab-title-id=\"e-n-tab-title-1603530501\" class=\"e-n-tab-title\" aria-selected=\"true\" data-tab-index=\"1\" role=\"tab\" tabindex=\"0\" aria-controls=\"e-n-tab-content-1603530501\" style=\"--n-tabs-title-order: 1;\">\n\t\t\t\t\t\t<span class=\"e-n-tab-title-text\">\n\t\t\t\tPress\t\t\t<\/span>\n\t\t<\/button>\n\t\t\t\t<button id=\"e-n-tab-title-1603530502\" data-tab-title-id=\"e-n-tab-title-1603530502\" class=\"e-n-tab-title\" aria-selected=\"false\" data-tab-index=\"2\" role=\"tab\" tabindex=\"-1\" aria-controls=\"e-n-tab-content-1603530502\" style=\"--n-tabs-title-order: 2;\">\n\t\t\t\t\t\t<span class=\"e-n-tab-title-text\">\n\t\t\t\tVideo Trailer\t\t\t<\/span>\n\t\t<\/button>\n\t\t\t\t<button id=\"e-n-tab-title-1603530503\" data-tab-title-id=\"e-n-tab-title-1603530503\" class=\"e-n-tab-title\" aria-selected=\"false\" data-tab-index=\"3\" role=\"tab\" tabindex=\"-1\" aria-controls=\"e-n-tab-content-1603530503\" style=\"--n-tabs-title-order: 3;\">\n\t\t\t\t\t\t<span class=\"e-n-tab-title-text\">\n\t\t\t\tThe Full Show\t\t\t<\/span>\n\t\t<\/button>\n\t\t\t\t\t<\/div>\n\t\t\t<div class=\"e-n-tabs-content\">\n\t\t\t\t<div id=\"e-n-tab-content-1603530501\" role=\"tabpanel\" aria-labelledby=\"e-n-tab-title-1603530501\" data-tab-index=\"1\" style=\"--n-tabs-title-order: 1;\" class=\"e-active elementor-element elementor-element-e0ac7f8 e-flex e-con-boxed e-con e-child\" data-id=\"e0ac7f8\" data-element_type=\"container\" data-e-type=\"container\">\n\t\t\t\t\t<div class=\"e-con-inner\">\n\t\t<div class=\"elementor-element elementor-element-2c8064f e-con-full e-flex e-con e-child\" data-id=\"2c8064f\" data-element_type=\"container\" data-e-type=\"container\">\n\t\t\t\t<div class=\"elementor-element elementor-element-63468ef elementor-widget elementor-widget-gallery\" data-id=\"63468ef\" data-element_type=\"widget\" data-e-type=\"widget\" data-settings=\"{&quot;lazyload&quot;:&quot;yes&quot;,&quot;gallery_layout&quot;:&quot;grid&quot;,&quot;columns&quot;:4,&quot;columns_tablet&quot;:2,&quot;columns_mobile&quot;:1,&quot;gap&quot;:{&quot;unit&quot;:&quot;px&quot;,&quot;size&quot;:10,&quot;sizes&quot;:[]},&quot;gap_tablet&quot;:{&quot;unit&quot;:&quot;px&quot;,&quot;size&quot;:10,&quot;sizes&quot;:[]},&quot;gap_mobile&quot;:{&quot;unit&quot;:&quot;px&quot;,&quot;size&quot;:10,&quot;sizes&quot;:[]},&quot;link_to&quot;:&quot;file&quot;,&quot;aspect_ratio&quot;:&quot;3:2&quot;,&quot;overlay_background&quot;:&quot;yes&quot;,&quot;content_hover_animation&quot;:&quot;fade-in&quot;}\" data-widget_type=\"gallery.default\">\n\t\t\t\t<div class=\"elementor-widget-container\">\n\t\t\t\t\t\t\t<div class=\"elementor-gallery__container\">\n\t\t\t\t\t\t\t<a class=\"e-gallery-item elementor-gallery-item elementor-animated-content\" href=\"https:\/\/kalmarpeter.com\/wp-content\/uploads\/2024\/10\/revue-press-1-1.jpg\" data-elementor-open-lightbox=\"yes\" data-elementor-lightbox-slideshow=\"63468ef\" data-elementor-lightbox-title=\"revue-press-1 (1)\" data-e-action-hash=\"#elementor-action%3Aaction%3Dlightbox%26settings%3DeyJpZCI6MzcwLCJ1cmwiOiJodHRwczpcL1wva2FsbWFycGV0ZXIuY29tXC93cC1jb250ZW50XC91cGxvYWRzXC8yMDI0XC8xMFwvcmV2dWUtcHJlc3MtMS0xLmpwZyIsInNsaWRlc2hvdyI6IjYzNDY4ZWYifQ%3D%3D\">\n\t\t\t\t\t<div class=\"e-gallery-image elementor-gallery-item__image\" data-thumbnail=\"https:\/\/kalmarpeter.com\/wp-content\/uploads\/2024\/10\/revue-press-1-1.jpg\" data-width=\"600\" data-height=\"613\" aria-label=\"\" role=\"img\" ><\/div>\n\t\t\t\t\t\t\t\t\t\t\t<div class=\"elementor-gallery-item__overlay\"><\/div>\n\t\t\t\t\t\t\t\t\t\t\t\t\t\t<\/a>\n\t\t\t\t\t\t\t<a class=\"e-gallery-item elementor-gallery-item elementor-animated-content\" href=\"https:\/\/kalmarpeter.com\/wp-content\/uploads\/2024\/10\/revue-press-2-1.jpg\" data-elementor-open-lightbox=\"yes\" data-elementor-lightbox-slideshow=\"63468ef\" data-elementor-lightbox-title=\"revue-press-2 (1)\" data-e-action-hash=\"#elementor-action%3Aaction%3Dlightbox%26settings%3DeyJpZCI6MzY5LCJ1cmwiOiJodHRwczpcL1wva2FsbWFycGV0ZXIuY29tXC93cC1jb250ZW50XC91cGxvYWRzXC8yMDI0XC8xMFwvcmV2dWUtcHJlc3MtMi0xLmpwZyIsInNsaWRlc2hvdyI6IjYzNDY4ZWYifQ%3D%3D\">\n\t\t\t\t\t<div class=\"e-gallery-image elementor-gallery-item__image\" data-thumbnail=\"https:\/\/kalmarpeter.com\/wp-content\/uploads\/2024\/10\/revue-press-2-1.jpg\" data-width=\"968\" data-height=\"918\" aria-label=\"\" role=\"img\" ><\/div>\n\t\t\t\t\t\t\t\t\t\t\t<div class=\"elementor-gallery-item__overlay\"><\/div>\n\t\t\t\t\t\t\t\t\t\t\t\t\t\t<\/a>\n\t\t\t\t\t\t\t<a class=\"e-gallery-item elementor-gallery-item elementor-animated-content\" href=\"https:\/\/kalmarpeter.com\/wp-content\/uploads\/2024\/10\/revue-press-12.jpg\" data-elementor-open-lightbox=\"yes\" data-elementor-lightbox-slideshow=\"63468ef\" data-elementor-lightbox-title=\"revue-press-12\" data-e-action-hash=\"#elementor-action%3Aaction%3Dlightbox%26settings%3DeyJpZCI6Mzc2LCJ1cmwiOiJodHRwczpcL1wva2FsbWFycGV0ZXIuY29tXC93cC1jb250ZW50XC91cGxvYWRzXC8yMDI0XC8xMFwvcmV2dWUtcHJlc3MtMTIuanBnIiwic2xpZGVzaG93IjoiNjM0NjhlZiJ9\">\n\t\t\t\t\t<div class=\"e-gallery-image elementor-gallery-item__image\" data-thumbnail=\"https:\/\/kalmarpeter.com\/wp-content\/uploads\/2024\/10\/revue-press-12.jpg\" data-width=\"805\" data-height=\"1713\" aria-label=\"\" role=\"img\" ><\/div>\n\t\t\t\t\t\t\t\t\t\t\t<div class=\"elementor-gallery-item__overlay\"><\/div>\n\t\t\t\t\t\t\t\t\t\t\t\t\t\t<\/a>\n\t\t\t\t\t<\/div>\n\t\t\t\t\t<\/div>\n\t\t\t\t<\/div>\n\t\t\t\t<\/div>\n\t\t\t\t\t<\/div>\n\t\t\t\t<\/div>\n\t\t<div id=\"e-n-tab-content-1603530502\" role=\"tabpanel\" aria-labelledby=\"e-n-tab-title-1603530502\" data-tab-index=\"2\" style=\"--n-tabs-title-order: 2;\" class=\"elementor-element elementor-element-17a9618 e-con-full e-flex e-con e-child\" data-id=\"17a9618\" data-element_type=\"container\" data-e-type=\"container\">\n\t\t\t\t<div class=\"elementor-element elementor-element-4af208b elementor-widget__width-initial elementor-widget elementor-widget-video\" data-id=\"4af208b\" data-element_type=\"widget\" data-e-type=\"widget\" data-settings=\"{&quot;youtube_url&quot;:&quot;https:\\\/\\\/www.youtube.com\\\/watch?v=ZT71Lwtv-Qc&amp;ab_channel=PeterKalmar&quot;,&quot;video_type&quot;:&quot;youtube&quot;,&quot;controls&quot;:&quot;yes&quot;}\" data-widget_type=\"video.default\">\n\t\t\t\t<div class=\"elementor-widget-container\">\n\t\t\t\t\t\t\t<div class=\"elementor-wrapper elementor-open-inline\">\n\t\t\t<div class=\"elementor-video\"><\/div>\t\t<\/div>\n\t\t\t\t\t\t<\/div>\n\t\t\t\t<\/div>\n\t\t\t\t<\/div>\n\t\t<div id=\"e-n-tab-content-1603530503\" role=\"tabpanel\" aria-labelledby=\"e-n-tab-title-1603530503\" data-tab-index=\"3\" style=\"--n-tabs-title-order: 3;\" class=\"elementor-element elementor-element-6504974 e-con-full e-flex e-con e-child\" data-id=\"6504974\" data-element_type=\"container\" data-e-type=\"container\">\n\t\t\t\t<div class=\"elementor-element elementor-element-b7a2ff2 elementor-widget__width-initial elementor-widget elementor-widget-video\" data-id=\"b7a2ff2\" data-element_type=\"widget\" data-e-type=\"widget\" data-settings=\"{&quot;youtube_url&quot;:&quot;https:\\\/\\\/youtu.be\\\/mIZr8XNG78U&quot;,&quot;video_type&quot;:&quot;youtube&quot;,&quot;controls&quot;:&quot;yes&quot;}\" data-widget_type=\"video.default\">\n\t\t\t\t<div class=\"elementor-widget-container\">\n\t\t\t\t\t\t\t<div class=\"elementor-wrapper elementor-open-inline\">\n\t\t\t<div class=\"elementor-video\"><\/div>\t\t<\/div>\n\t\t\t\t\t\t<\/div>\n\t\t\t\t<\/div>\n\t\t\t\t<\/div>\n\t\t\t\t\t<\/div>\n\t\t<\/div>\n\t\t\t\t\t\t<\/div>\n\t\t\t\t<\/div>\n\t\t\t\t\t<\/div>\n\t\t\t\t<\/div>\n\t\t\t\t<\/div>","protected":false},"excerpt":{"rendered":"<p>Kalm\u00e1r P\u00e9ter &#8211; Juh\u00e1sz S\u00e1ndor &#8211; K\u00e1llai Istv\u00e1n Id\u0151: 2000Helysz\u00edn: Moulin Rouge Budapest Szerepl\u0151k: Csengeri Ott\u00edlia \u2013 Gabriel \u2013 K\u00f6vesdi \u00c9vaKravalik Brigitta \u2013 Kisp\u00e1l AnitaTall\u00f3s Andrea \u2013 Zilahy IzabellaGa\u00e1l Gy\u00f6rgy \u2013 Papp CsabaKoncz Timea \u2013 Mirtse R\u00e9ka \u2013 Ottlik Laura \u2013 Papp AnitaGy\u0151ri Helga \u2013 Kiss Kriszta \u2013 Kollarik \u00c1gnesStr\u00f3bl Em\u0151ke \u2013 Zoboky KrisztaCserh\u00e1ti Mikl\u00f3s [&hellip;]<\/p>","protected":false},"author":1,"featured_media":0,"parent":0,"menu_order":0,"comment_status":"closed","ping_status":"closed","template":"","meta":{"_seopress_robots_primary_cat":"","_seopress_titles_title":"","_seopress_titles_desc":"","_seopress_robots_index":"","footnotes":""},"class_list":["post-220","page","type-page","status-publish","hentry"],"_links":{"self":[{"href":"https:\/\/kalmarpeter.com\/en\/wp-json\/wp\/v2\/pages\/220","targetHints":{"allow":["GET"]}}],"collection":[{"href":"https:\/\/kalmarpeter.com\/en\/wp-json\/wp\/v2\/pages"}],"about":[{"href":"https:\/\/kalmarpeter.com\/en\/wp-json\/wp\/v2\/types\/page"}],"author":[{"embeddable":true,"href":"https:\/\/kalmarpeter.com\/en\/wp-json\/wp\/v2\/users\/1"}],"replies":[{"embeddable":true,"href":"https:\/\/kalmarpeter.com\/en\/wp-json\/wp\/v2\/comments?post=220"}],"version-history":[{"count":5,"href":"https:\/\/kalmarpeter.com\/en\/wp-json\/wp\/v2\/pages\/220\/revisions"}],"predecessor-version":[{"id":3293,"href":"https:\/\/kalmarpeter.com\/en\/wp-json\/wp\/v2\/pages\/220\/revisions\/3293"}],"wp:attachment":[{"href":"https:\/\/kalmarpeter.com\/en\/wp-json\/wp\/v2\/media?parent=220"}],"curies":[{"name":"wp","href":"https:\/\/api.w.org\/{rel}","templated":true}]}}