{"id":2282,"date":"2024-10-16T21:09:24","date_gmt":"2024-10-16T19:09:24","guid":{"rendered":"https:\/\/kalmarpeter.com\/?page_id=2282"},"modified":"2024-10-17T18:26:19","modified_gmt":"2024-10-17T16:26:19","slug":"premier","status":"publish","type":"page","link":"https:\/\/kalmarpeter.com\/en\/premier\/","title":{"rendered":"Premier"},"content":{"rendered":"<div data-elementor-type=\"wp-page\" data-elementor-id=\"2282\" class=\"elementor elementor-2282\" data-elementor-post-type=\"page\">\n\t\t\t\t<div class=\"elementor-element elementor-element-65e019ac e-flex e-con-boxed e-con e-parent\" data-id=\"65e019ac\" data-element_type=\"container\" data-e-type=\"container\">\n\t\t\t\t\t<div class=\"e-con-inner\">\n\t\t<div class=\"elementor-element elementor-element-2d7660e5 e-con-full e-flex e-con e-child\" data-id=\"2d7660e5\" data-element_type=\"container\" data-e-type=\"container\">\n\t\t\t\t<div class=\"elementor-element elementor-element-2ca6c607 elementor-widget elementor-widget-image\" data-id=\"2ca6c607\" data-element_type=\"widget\" data-e-type=\"widget\" data-widget_type=\"image.default\">\n\t\t\t\t<div class=\"elementor-widget-container\">\n\t\t\t\t\t\t\t\t\t\t\t\t\t\t\t<img fetchpriority=\"high\" decoding=\"async\" width=\"800\" height=\"800\" src=\"https:\/\/kalmarpeter.com\/wp-content\/uploads\/2024\/10\/15Premier.jpg\" class=\"attachment-large size-large wp-image-315\" alt=\"\" srcset=\"https:\/\/kalmarpeter.com\/wp-content\/uploads\/2024\/10\/15Premier.jpg 1000w, https:\/\/kalmarpeter.com\/wp-content\/uploads\/2024\/10\/15Premier-300x300.jpg 300w, https:\/\/kalmarpeter.com\/wp-content\/uploads\/2024\/10\/15Premier-150x150.jpg 150w, https:\/\/kalmarpeter.com\/wp-content\/uploads\/2024\/10\/15Premier-768x768.jpg 768w\" sizes=\"(max-width: 800px) 100vw, 800px\" \/>\t\t\t\t\t\t\t\t\t\t\t\t\t\t\t<\/div>\n\t\t\t\t<\/div>\n\t\t\t\t<\/div>\n\t\t<div class=\"elementor-element elementor-element-7bd044b9 e-con-full e-flex e-con e-child\" data-id=\"7bd044b9\" data-element_type=\"container\" data-e-type=\"container\">\n\t\t\t\t<div class=\"elementor-element elementor-element-5ba5fab5 elementor-widget elementor-widget-heading\" data-id=\"5ba5fab5\" data-element_type=\"widget\" data-e-type=\"widget\" data-widget_type=\"heading.default\">\n\t\t\t\t<div class=\"elementor-widget-container\">\n\t\t\t\t\t<h1 class=\"elementor-heading-title elementor-size-default\">Premier<\/h1>\t\t\t\t<\/div>\n\t\t\t\t<\/div>\n\t\t\t\t<div class=\"elementor-element elementor-element-f81061c elementor-widget elementor-widget-text-editor\" data-id=\"f81061c\" data-element_type=\"widget\" data-e-type=\"widget\" data-widget_type=\"text-editor.default\">\n\t\t\t\t<div class=\"elementor-widget-container\">\n\t\t\t\t\t\t\t\t\t<p>2001 \u2013 2005<\/p><p>The always generous and gallant Tam\u00e1s K\u00e1rp\u00e1ti editor-in-chief \/ newspaper owner \nwas hard to resist when he asked me for an article.<\/p><p>No one has ever been more attractive in promising a fee - \nit was at this magazine that I learnt that \"pro bono\" is not only\nnot only for public defenders, but for commissioned articles \nmeans the same thing: no money.<\/p><p>Nonetheless, at least my vanity was quenched by the fact that Peter Esterh\u00e1zy, \nMih\u00e1ly Kornis, Lajos Party-Nagy, Tam\u00e1s Ungv\u00e1ri and others \nI also wrote articles there from time to time.<\/p>\t\t\t\t\t\t\t\t<\/div>\n\t\t\t\t<\/div>\n\t\t\t\t<\/div>\n\t\t\t\t\t<\/div>\n\t\t\t\t<\/div>\n\t\t<div class=\"elementor-element elementor-element-14f2f598 e-flex e-con-boxed e-con e-parent\" data-id=\"14f2f598\" data-element_type=\"container\" data-e-type=\"container\">\n\t\t\t\t\t<div class=\"e-con-inner\">\n\t\t\t\t<div class=\"elementor-element elementor-element-5a3feec0 e-n-tabs-none elementor-widget elementor-widget-n-tabs\" data-id=\"5a3feec0\" data-element_type=\"widget\" data-e-type=\"widget\" data-settings=\"{&quot;tabs_justify_horizontal&quot;:&quot;stretch&quot;,&quot;tabs_justify_horizontal_tablet&quot;:&quot;stretch&quot;,&quot;tabs_justify_horizontal_mobile&quot;:&quot;stretch&quot;,&quot;horizontal_scroll&quot;:&quot;disable&quot;}\" data-widget_type=\"nested-tabs.default\">\n\t\t\t\t<div class=\"elementor-widget-container\">\n\t\t\t\t\t\t\t<div class=\"e-n-tabs\" data-widget-number=\"1514139328\" aria-label=\"Tabs. Open items with Enter or Space, close with Escape and navigate using the Arrow keys.\" data-no-translation-aria-label=\"\">\n\t\t\t<div class=\"e-n-tabs-heading\" role=\"tablist\">\n\t\t\t\t\t<button id=\"e-n-tab-title-15141393281\" data-tab-title-id=\"e-n-tab-title-15141393281\" class=\"e-n-tab-title\" aria-selected=\"true\" data-tab-index=\"1\" role=\"tab\" tabindex=\"0\" aria-controls=\"e-n-tab-content-15141393281\" style=\"--n-tabs-title-order: 1;\">\n\t\t\t\t\t\t<span class=\"e-n-tab-title-text\">\n\t\t\t\tPremier\t\t\t<\/span>\n\t\t<\/button>\n\t\t\t\t\t<\/div>\n\t\t\t<div class=\"e-n-tabs-content\">\n\t\t\t\t<div id=\"e-n-tab-content-15141393281\" role=\"tabpanel\" aria-labelledby=\"e-n-tab-title-15141393281\" data-tab-index=\"1\" style=\"--n-tabs-title-order: 1;\" class=\"e-active elementor-element elementor-element-4e181f3c e-flex e-con-boxed e-con e-child\" data-id=\"4e181f3c\" data-element_type=\"container\" data-e-type=\"container\">\n\t\t\t\t\t<div class=\"e-con-inner\">\n\t\t<div class=\"elementor-element elementor-element-207a3e81 e-con-full e-flex e-con e-child\" data-id=\"207a3e81\" data-element_type=\"container\" data-e-type=\"container\">\n\t\t\t\t<div class=\"elementor-element elementor-element-71dcbef2 elementor-widget elementor-widget-gallery\" data-id=\"71dcbef2\" data-element_type=\"widget\" data-e-type=\"widget\" data-settings=\"{&quot;lazyload&quot;:&quot;yes&quot;,&quot;gallery_layout&quot;:&quot;grid&quot;,&quot;columns&quot;:4,&quot;columns_tablet&quot;:2,&quot;columns_mobile&quot;:1,&quot;gap&quot;:{&quot;unit&quot;:&quot;px&quot;,&quot;size&quot;:10,&quot;sizes&quot;:[]},&quot;gap_tablet&quot;:{&quot;unit&quot;:&quot;px&quot;,&quot;size&quot;:10,&quot;sizes&quot;:[]},&quot;gap_mobile&quot;:{&quot;unit&quot;:&quot;px&quot;,&quot;size&quot;:10,&quot;sizes&quot;:[]},&quot;link_to&quot;:&quot;file&quot;,&quot;aspect_ratio&quot;:&quot;3:2&quot;,&quot;overlay_background&quot;:&quot;yes&quot;,&quot;content_hover_animation&quot;:&quot;fade-in&quot;}\" data-widget_type=\"gallery.default\">\n\t\t\t\t<div class=\"elementor-widget-container\">\n\t\t\t\t\t\t\t<div class=\"elementor-gallery__container\">\n\t\t\t\t\t\t\t<a class=\"e-gallery-item elementor-gallery-item elementor-animated-content\" href=\"https:\/\/kalmarpeter.com\/wp-content\/uploads\/2024\/10\/Broadway1-1.jpg\" data-elementor-open-lightbox=\"yes\" data-elementor-lightbox-slideshow=\"71dcbef2\" data-elementor-lightbox-title=\"Broadway1\" data-e-action-hash=\"#elementor-action%3Aaction%3Dlightbox%26settings%3DeyJpZCI6MzA4NCwidXJsIjoiaHR0cHM6XC9cL2thbG1hcnBldGVyLmNvbVwvd3AtY29udGVudFwvdXBsb2Fkc1wvMjAyNFwvMTBcL0Jyb2Fkd2F5MS0xLmpwZyIsInNsaWRlc2hvdyI6IjcxZGNiZWYyIn0%3D\">\n\t\t\t\t\t<div class=\"e-gallery-image elementor-gallery-item__image\" data-thumbnail=\"https:\/\/kalmarpeter.com\/wp-content\/uploads\/2024\/10\/Broadway1-1.jpg\" data-width=\"1200\" data-height=\"1693\" aria-label=\"\" role=\"img\" ><\/div>\n\t\t\t\t\t\t\t\t\t\t\t<div class=\"elementor-gallery-item__overlay\"><\/div>\n\t\t\t\t\t\t\t\t\t\t\t\t\t\t<\/a>\n\t\t\t\t\t\t\t<a class=\"e-gallery-item elementor-gallery-item elementor-animated-content\" href=\"https:\/\/kalmarpeter.com\/wp-content\/uploads\/2024\/10\/Broadway2-1.jpg\" data-elementor-open-lightbox=\"yes\" data-elementor-lightbox-slideshow=\"71dcbef2\" data-elementor-lightbox-title=\"Broadway2\" data-e-action-hash=\"#elementor-action%3Aaction%3Dlightbox%26settings%3DeyJpZCI6MzA4NSwidXJsIjoiaHR0cHM6XC9cL2thbG1hcnBldGVyLmNvbVwvd3AtY29udGVudFwvdXBsb2Fkc1wvMjAyNFwvMTBcL0Jyb2Fkd2F5Mi0xLmpwZyIsInNsaWRlc2hvdyI6IjcxZGNiZWYyIn0%3D\">\n\t\t\t\t\t<div class=\"e-gallery-image elementor-gallery-item__image\" data-thumbnail=\"https:\/\/kalmarpeter.com\/wp-content\/uploads\/2024\/10\/Broadway2-1.jpg\" data-width=\"1200\" data-height=\"1693\" aria-label=\"\" role=\"img\" ><\/div>\n\t\t\t\t\t\t\t\t\t\t\t<div class=\"elementor-gallery-item__overlay\"><\/div>\n\t\t\t\t\t\t\t\t\t\t\t\t\t\t<\/a>\n\t\t\t\t\t\t\t<a class=\"e-gallery-item elementor-gallery-item elementor-animated-content\" href=\"https:\/\/kalmarpeter.com\/wp-content\/uploads\/2024\/10\/Broadway3-1.jpg\" data-elementor-open-lightbox=\"yes\" data-elementor-lightbox-slideshow=\"71dcbef2\" data-elementor-lightbox-title=\"Broadway3\" data-e-action-hash=\"#elementor-action%3Aaction%3Dlightbox%26settings%3DeyJpZCI6MzA4NiwidXJsIjoiaHR0cHM6XC9cL2thbG1hcnBldGVyLmNvbVwvd3AtY29udGVudFwvdXBsb2Fkc1wvMjAyNFwvMTBcL0Jyb2Fkd2F5My0xLmpwZyIsInNsaWRlc2hvdyI6IjcxZGNiZWYyIn0%3D\">\n\t\t\t\t\t<div class=\"e-gallery-image elementor-gallery-item__image\" data-thumbnail=\"https:\/\/kalmarpeter.com\/wp-content\/uploads\/2024\/10\/Broadway3-1.jpg\" data-width=\"1200\" data-height=\"1693\" aria-label=\"\" role=\"img\" ><\/div>\n\t\t\t\t\t\t\t\t\t\t\t<div class=\"elementor-gallery-item__overlay\"><\/div>\n\t\t\t\t\t\t\t\t\t\t\t\t\t\t<\/a>\n\t\t\t\t\t\t\t<a class=\"e-gallery-item elementor-gallery-item elementor-animated-content\" href=\"https:\/\/kalmarpeter.com\/wp-content\/uploads\/2024\/10\/Broadway4-1.jpg\" data-elementor-open-lightbox=\"yes\" data-elementor-lightbox-slideshow=\"71dcbef2\" data-elementor-lightbox-title=\"Broadway4\" data-e-action-hash=\"#elementor-action%3Aaction%3Dlightbox%26settings%3DeyJpZCI6MzA4NywidXJsIjoiaHR0cHM6XC9cL2thbG1hcnBldGVyLmNvbVwvd3AtY29udGVudFwvdXBsb2Fkc1wvMjAyNFwvMTBcL0Jyb2Fkd2F5NC0xLmpwZyIsInNsaWRlc2hvdyI6IjcxZGNiZWYyIn0%3D\">\n\t\t\t\t\t<div class=\"e-gallery-image elementor-gallery-item__image\" data-thumbnail=\"https:\/\/kalmarpeter.com\/wp-content\/uploads\/2024\/10\/Broadway4-1.jpg\" data-width=\"1200\" data-height=\"1693\" aria-label=\"\" role=\"img\" ><\/div>\n\t\t\t\t\t\t\t\t\t\t\t<div class=\"elementor-gallery-item__overlay\"><\/div>\n\t\t\t\t\t\t\t\t\t\t\t\t\t\t<\/a>\n\t\t\t\t\t\t\t<a class=\"e-gallery-item elementor-gallery-item elementor-animated-content\" href=\"https:\/\/kalmarpeter.com\/wp-content\/uploads\/2024\/10\/Broadway5-1.jpg\" data-elementor-open-lightbox=\"yes\" data-elementor-lightbox-slideshow=\"71dcbef2\" data-elementor-lightbox-title=\"Broadway5\" data-e-action-hash=\"#elementor-action%3Aaction%3Dlightbox%26settings%3DeyJpZCI6MzA4OCwidXJsIjoiaHR0cHM6XC9cL2thbG1hcnBldGVyLmNvbVwvd3AtY29udGVudFwvdXBsb2Fkc1wvMjAyNFwvMTBcL0Jyb2Fkd2F5NS0xLmpwZyIsInNsaWRlc2hvdyI6IjcxZGNiZWYyIn0%3D\">\n\t\t\t\t\t<div class=\"e-gallery-image elementor-gallery-item__image\" data-thumbnail=\"https:\/\/kalmarpeter.com\/wp-content\/uploads\/2024\/10\/Broadway5-1.jpg\" data-width=\"1200\" data-height=\"1693\" aria-label=\"\" role=\"img\" ><\/div>\n\t\t\t\t\t\t\t\t\t\t\t<div class=\"elementor-gallery-item__overlay\"><\/div>\n\t\t\t\t\t\t\t\t\t\t\t\t\t\t<\/a>\n\t\t\t\t\t\t\t<a class=\"e-gallery-item elementor-gallery-item elementor-animated-content\" href=\"https:\/\/kalmarpeter.com\/wp-content\/uploads\/2024\/10\/Broadway6-1.jpg\" data-elementor-open-lightbox=\"yes\" data-elementor-lightbox-slideshow=\"71dcbef2\" data-elementor-lightbox-title=\"Broadway6\" data-e-action-hash=\"#elementor-action%3Aaction%3Dlightbox%26settings%3DeyJpZCI6MzA4OSwidXJsIjoiaHR0cHM6XC9cL2thbG1hcnBldGVyLmNvbVwvd3AtY29udGVudFwvdXBsb2Fkc1wvMjAyNFwvMTBcL0Jyb2Fkd2F5Ni0xLmpwZyIsInNsaWRlc2hvdyI6IjcxZGNiZWYyIn0%3D\">\n\t\t\t\t\t<div class=\"e-gallery-image elementor-gallery-item__image\" data-thumbnail=\"https:\/\/kalmarpeter.com\/wp-content\/uploads\/2024\/10\/Broadway6-1.jpg\" data-width=\"1200\" data-height=\"1693\" aria-label=\"\" role=\"img\" ><\/div>\n\t\t\t\t\t\t\t\t\t\t\t<div class=\"elementor-gallery-item__overlay\"><\/div>\n\t\t\t\t\t\t\t\t\t\t\t\t\t\t<\/a>\n\t\t\t\t\t\t\t<a class=\"e-gallery-item elementor-gallery-item elementor-animated-content\" href=\"https:\/\/kalmarpeter.com\/wp-content\/uploads\/2024\/10\/Broadway7-1.jpg\" data-elementor-open-lightbox=\"yes\" data-elementor-lightbox-slideshow=\"71dcbef2\" data-elementor-lightbox-title=\"Broadway7\" data-e-action-hash=\"#elementor-action%3Aaction%3Dlightbox%26settings%3DeyJpZCI6MzA5MCwidXJsIjoiaHR0cHM6XC9cL2thbG1hcnBldGVyLmNvbVwvd3AtY29udGVudFwvdXBsb2Fkc1wvMjAyNFwvMTBcL0Jyb2Fkd2F5Ny0xLmpwZyIsInNsaWRlc2hvdyI6IjcxZGNiZWYyIn0%3D\">\n\t\t\t\t\t<div class=\"e-gallery-image elementor-gallery-item__image\" data-thumbnail=\"https:\/\/kalmarpeter.com\/wp-content\/uploads\/2024\/10\/Broadway7-1.jpg\" data-width=\"1200\" data-height=\"1693\" aria-label=\"\" role=\"img\" ><\/div>\n\t\t\t\t\t\t\t\t\t\t\t<div class=\"elementor-gallery-item__overlay\"><\/div>\n\t\t\t\t\t\t\t\t\t\t\t\t\t\t<\/a>\n\t\t\t\t\t\t\t<a class=\"e-gallery-item elementor-gallery-item elementor-animated-content\" href=\"https:\/\/kalmarpeter.com\/wp-content\/uploads\/2024\/10\/Premier-Szikra-2.jpeg\" data-elementor-open-lightbox=\"yes\" data-elementor-lightbox-slideshow=\"71dcbef2\" data-elementor-lightbox-title=\"Premier - Szikra\" data-e-action-hash=\"#elementor-action%3Aaction%3Dlightbox%26settings%3DeyJpZCI6MzA5MSwidXJsIjoiaHR0cHM6XC9cL2thbG1hcnBldGVyLmNvbVwvd3AtY29udGVudFwvdXBsb2Fkc1wvMjAyNFwvMTBcL1ByZW1pZXItU3ppa3JhLTIuanBlZyIsInNsaWRlc2hvdyI6IjcxZGNiZWYyIn0%3D\">\n\t\t\t\t\t<div class=\"e-gallery-image elementor-gallery-item__image\" data-thumbnail=\"https:\/\/kalmarpeter.com\/wp-content\/uploads\/2024\/10\/Premier-Szikra-2.jpeg\" data-width=\"2000\" data-height=\"1746\" aria-label=\"\" role=\"img\" ><\/div>\n\t\t\t\t\t\t\t\t\t\t\t<div class=\"elementor-gallery-item__overlay\"><\/div>\n\t\t\t\t\t\t\t\t\t\t\t\t\t\t<\/a>\n\t\t\t\t\t\t\t<a class=\"e-gallery-item elementor-gallery-item elementor-animated-content\" href=\"https:\/\/kalmarpeter.com\/wp-content\/uploads\/2024\/10\/Premier-Howard-2.jpg\" data-elementor-open-lightbox=\"yes\" data-elementor-lightbox-slideshow=\"71dcbef2\" data-elementor-lightbox-title=\"Premier-Howard\" data-e-action-hash=\"#elementor-action%3Aaction%3Dlightbox%26settings%3DeyJpZCI6MzA5MiwidXJsIjoiaHR0cHM6XC9cL2thbG1hcnBldGVyLmNvbVwvd3AtY29udGVudFwvdXBsb2Fkc1wvMjAyNFwvMTBcL1ByZW1pZXItSG93YXJkLTIuanBnIiwic2xpZGVzaG93IjoiNzFkY2JlZjIifQ%3D%3D\">\n\t\t\t\t\t<div class=\"e-gallery-image elementor-gallery-item__image\" data-thumbnail=\"https:\/\/kalmarpeter.com\/wp-content\/uploads\/2024\/10\/Premier-Howard-2.jpg\" data-width=\"1200\" data-height=\"1701\" aria-label=\"\" role=\"img\" ><\/div>\n\t\t\t\t\t\t\t\t\t\t\t<div class=\"elementor-gallery-item__overlay\"><\/div>\n\t\t\t\t\t\t\t\t\t\t\t\t\t\t<\/a>\n\t\t\t\t\t\t\t<a class=\"e-gallery-item elementor-gallery-item elementor-animated-content\" href=\"https:\/\/kalmarpeter.com\/wp-content\/uploads\/2024\/10\/Premier-Muveszbejaro-2.jpg\" data-elementor-open-lightbox=\"yes\" data-elementor-lightbox-slideshow=\"71dcbef2\" data-elementor-lightbox-title=\"Premier-M\u0171v\u00e9szbej\u00e1r\u00f3\" data-e-action-hash=\"#elementor-action%3Aaction%3Dlightbox%26settings%3DeyJpZCI6MzA5MywidXJsIjoiaHR0cHM6XC9cL2thbG1hcnBldGVyLmNvbVwvd3AtY29udGVudFwvdXBsb2Fkc1wvMjAyNFwvMTBcL1ByZW1pZXItTXV2ZXN6YmVqYXJvLTIuanBnIiwic2xpZGVzaG93IjoiNzFkY2JlZjIifQ%3D%3D\">\n\t\t\t\t\t<div class=\"e-gallery-image elementor-gallery-item__image\" data-thumbnail=\"https:\/\/kalmarpeter.com\/wp-content\/uploads\/2024\/10\/Premier-Muveszbejaro-2.jpg\" data-width=\"487\" data-height=\"416\" aria-label=\"\" role=\"img\" ><\/div>\n\t\t\t\t\t\t\t\t\t\t\t<div class=\"elementor-gallery-item__overlay\"><\/div>\n\t\t\t\t\t\t\t\t\t\t\t\t\t\t<\/a>\n\t\t\t\t\t\t\t<a class=\"e-gallery-item elementor-gallery-item elementor-animated-content\" href=\"https:\/\/kalmarpeter.com\/wp-content\/uploads\/2024\/10\/Premier-Prince-2.jpg\" data-elementor-open-lightbox=\"yes\" data-elementor-lightbox-slideshow=\"71dcbef2\" data-elementor-lightbox-title=\"Premier-Prince\" data-e-action-hash=\"#elementor-action%3Aaction%3Dlightbox%26settings%3DeyJpZCI6MzA5NCwidXJsIjoiaHR0cHM6XC9cL2thbG1hcnBldGVyLmNvbVwvd3AtY29udGVudFwvdXBsb2Fkc1wvMjAyNFwvMTBcL1ByZW1pZXItUHJpbmNlLTIuanBnIiwic2xpZGVzaG93IjoiNzFkY2JlZjIifQ%3D%3D\">\n\t\t\t\t\t<div class=\"e-gallery-image elementor-gallery-item__image\" data-thumbnail=\"https:\/\/kalmarpeter.com\/wp-content\/uploads\/2024\/10\/Premier-Prince-2.jpg\" data-width=\"900\" data-height=\"1276\" aria-label=\"\" role=\"img\" ><\/div>\n\t\t\t\t\t\t\t\t\t\t\t<div class=\"elementor-gallery-item__overlay\"><\/div>\n\t\t\t\t\t\t\t\t\t\t\t\t\t\t<\/a>\n\t\t\t\t\t\t\t<a class=\"e-gallery-item elementor-gallery-item elementor-animated-content\" href=\"https:\/\/kalmarpeter.com\/wp-content\/uploads\/2024\/10\/Zsuti1-1.jpg\" data-elementor-open-lightbox=\"yes\" data-elementor-lightbox-slideshow=\"71dcbef2\" data-elementor-lightbox-title=\"Zsuti1\" data-e-action-hash=\"#elementor-action%3Aaction%3Dlightbox%26settings%3DeyJpZCI6MzA5NSwidXJsIjoiaHR0cHM6XC9cL2thbG1hcnBldGVyLmNvbVwvd3AtY29udGVudFwvdXBsb2Fkc1wvMjAyNFwvMTBcL1pzdXRpMS0xLmpwZyIsInNsaWRlc2hvdyI6IjcxZGNiZWYyIn0%3D\">\n\t\t\t\t\t<div class=\"e-gallery-image elementor-gallery-item__image\" data-thumbnail=\"https:\/\/kalmarpeter.com\/wp-content\/uploads\/2024\/10\/Zsuti1-1.jpg\" data-width=\"1600\" data-height=\"1705\" aria-label=\"\" role=\"img\" ><\/div>\n\t\t\t\t\t\t\t\t\t\t\t<div class=\"elementor-gallery-item__overlay\"><\/div>\n\t\t\t\t\t\t\t\t\t\t\t\t\t\t<\/a>\n\t\t\t\t\t\t\t<a class=\"e-gallery-item elementor-gallery-item elementor-animated-content\" href=\"https:\/\/kalmarpeter.com\/wp-content\/uploads\/2024\/10\/Zsuti2-1.jpg\" data-elementor-open-lightbox=\"yes\" data-elementor-lightbox-slideshow=\"71dcbef2\" data-elementor-lightbox-title=\"Zsuti2\" data-e-action-hash=\"#elementor-action%3Aaction%3Dlightbox%26settings%3DeyJpZCI6MzA5NiwidXJsIjoiaHR0cHM6XC9cL2thbG1hcnBldGVyLmNvbVwvd3AtY29udGVudFwvdXBsb2Fkc1wvMjAyNFwvMTBcL1pzdXRpMi0xLmpwZyIsInNsaWRlc2hvdyI6IjcxZGNiZWYyIn0%3D\">\n\t\t\t\t\t<div class=\"e-gallery-image elementor-gallery-item__image\" data-thumbnail=\"https:\/\/kalmarpeter.com\/wp-content\/uploads\/2024\/10\/Zsuti2-1.jpg\" data-width=\"1600\" data-height=\"1705\" aria-label=\"\" role=\"img\" ><\/div>\n\t\t\t\t\t\t\t\t\t\t\t<div class=\"elementor-gallery-item__overlay\"><\/div>\n\t\t\t\t\t\t\t\t\t\t\t\t\t\t<\/a>\n\t\t\t\t\t<\/div>\n\t\t\t\t\t<\/div>\n\t\t\t\t<\/div>\n\t\t\t\t<\/div>\n\t\t\t\t\t<\/div>\n\t\t\t\t<\/div>\n\t\t\t\t\t<\/div>\n\t\t<\/div>\n\t\t\t\t\t\t<\/div>\n\t\t\t\t<\/div>\n\t\t\t\t\t<\/div>\n\t\t\t\t<\/div>\n\t\t\t\t<\/div>","protected":false},"excerpt":{"rendered":"<p>2001 \u2013 2005 A mindig b\u0151kez\u0171en fizet\u0151 \u00e9s g\u00e1l\u00e1ns K\u00e1rp\u00e1ti Tam\u00e1s f\u0151szerkeszt\u0151 \/ laptulajdonos cs\u00e1b\u00edt\u00e1s\u00e1nak neh\u00e9z volt ellen\u00e1llnom, amikor cikket k\u00e9rt t\u0151lem. N\u00e1la vonz\u00f3bban soha senki nem tudott p\u00e9nzt \u00edg\u00e9rni \u2013 \u00e9n enn\u00e9l a magazinn\u00e1l tanultam meg, hogy a \u201epro bono\u201d nemcsak a kirendelt v\u00e9d\u0151\u00fcgyv\u00e9dekn\u00e9l, hanem a megrendelt cikkekn\u00e9l is ugyanazt jel\u00f6li: honor\u00e1rium nuku. Ennek [&hellip;]<\/p>","protected":false},"author":1,"featured_media":0,"parent":0,"menu_order":0,"comment_status":"closed","ping_status":"closed","template":"","meta":{"_seopress_robots_primary_cat":"","_seopress_titles_title":"","_seopress_titles_desc":"","_seopress_robots_index":"","footnotes":""},"class_list":["post-2282","page","type-page","status-publish","hentry"],"_links":{"self":[{"href":"https:\/\/kalmarpeter.com\/en\/wp-json\/wp\/v2\/pages\/2282","targetHints":{"allow":["GET"]}}],"collection":[{"href":"https:\/\/kalmarpeter.com\/en\/wp-json\/wp\/v2\/pages"}],"about":[{"href":"https:\/\/kalmarpeter.com\/en\/wp-json\/wp\/v2\/types\/page"}],"author":[{"embeddable":true,"href":"https:\/\/kalmarpeter.com\/en\/wp-json\/wp\/v2\/users\/1"}],"replies":[{"embeddable":true,"href":"https:\/\/kalmarpeter.com\/en\/wp-json\/wp\/v2\/comments?post=2282"}],"version-history":[{"count":5,"href":"https:\/\/kalmarpeter.com\/en\/wp-json\/wp\/v2\/pages\/2282\/revisions"}],"predecessor-version":[{"id":3099,"href":"https:\/\/kalmarpeter.com\/en\/wp-json\/wp\/v2\/pages\/2282\/revisions\/3099"}],"wp:attachment":[{"href":"https:\/\/kalmarpeter.com\/en\/wp-json\/wp\/v2\/media?parent=2282"}],"curies":[{"name":"wp","href":"https:\/\/api.w.org\/{rel}","templated":true}]}}