{"id":25,"date":"2024-10-09T15:36:21","date_gmt":"2024-10-09T15:36:21","guid":{"rendered":"https:\/\/kalmarpeter.com\/?page_id=25"},"modified":"2024-10-21T18:20:04","modified_gmt":"2024-10-21T16:20:04","slug":"kezdolap","status":"publish","type":"page","link":"https:\/\/kalmarpeter.com\/en\/","title":{"rendered":"Kezd\u0151lap"},"content":{"rendered":"<div data-elementor-type=\"wp-page\" data-elementor-id=\"25\" class=\"elementor elementor-25\" data-elementor-post-type=\"page\">\n\t\t\t\t<div class=\"elementor-element elementor-element-a2e9804 e-flex e-con-boxed e-con e-parent\" data-id=\"a2e9804\" data-element_type=\"container\" data-e-type=\"container\">\n\t\t\t\t\t<div class=\"e-con-inner\">\n\t\t<a class=\"elementor-element elementor-element-0342753 e-con-full e-transform e-flex e-con e-child\" data-id=\"0342753\" data-element_type=\"container\" data-e-type=\"container\" data-settings=\"{&quot;background_background&quot;:&quot;classic&quot;,&quot;_transform_scale_effect_hover&quot;:{&quot;unit&quot;:&quot;px&quot;,&quot;size&quot;:1.0500000000000000444089209850062616169452667236328125,&quot;sizes&quot;:[]},&quot;_transform_scale_effect_hover_tablet&quot;:{&quot;unit&quot;:&quot;px&quot;,&quot;size&quot;:&quot;&quot;,&quot;sizes&quot;:[]},&quot;_transform_scale_effect_hover_mobile&quot;:{&quot;unit&quot;:&quot;px&quot;,&quot;size&quot;:&quot;&quot;,&quot;sizes&quot;:[]}}\" href=\"https:\/\/kalmarpeter.com\/en\/bio\/\">\n\t\t\t\t<div class=\"elementor-element elementor-element-a8f7414 elementor-widget elementor-widget-heading\" data-id=\"a8f7414\" data-element_type=\"widget\" data-e-type=\"widget\" data-widget_type=\"heading.default\">\n\t\t\t\t<div class=\"elementor-widget-container\">\n\t\t\t\t\t<h2 class=\"elementor-heading-title elementor-size-default\">BIO<\/h2>\t\t\t\t<\/div>\n\t\t\t\t<\/div>\n\t\t\t\t<\/a>\n\t\t<a class=\"elementor-element elementor-element-3a3819c e-con-full e-transform e-flex e-con e-child\" data-id=\"3a3819c\" data-element_type=\"container\" data-e-type=\"container\" data-settings=\"{&quot;background_background&quot;:&quot;classic&quot;,&quot;_transform_scale_effect_hover&quot;:{&quot;unit&quot;:&quot;px&quot;,&quot;size&quot;:1.0500000000000000444089209850062616169452667236328125,&quot;sizes&quot;:[]},&quot;_transform_scale_effect_hover_tablet&quot;:{&quot;unit&quot;:&quot;px&quot;,&quot;size&quot;:&quot;&quot;,&quot;sizes&quot;:[]},&quot;_transform_scale_effect_hover_mobile&quot;:{&quot;unit&quot;:&quot;px&quot;,&quot;size&quot;:&quot;&quot;,&quot;sizes&quot;:[]}}\" href=\"https:\/\/kalmarpeter.com\/en\/theater\/\">\n\t\t\t\t<div class=\"elementor-element elementor-element-432f91d elementor-widget elementor-widget-heading\" data-id=\"432f91d\" data-element_type=\"widget\" data-e-type=\"widget\" data-widget_type=\"heading.default\">\n\t\t\t\t<div class=\"elementor-widget-container\">\n\t\t\t\t\t<h2 class=\"elementor-heading-title elementor-size-default\">THEATER<\/h2>\t\t\t\t<\/div>\n\t\t\t\t<\/div>\n\t\t\t\t<\/a>\n\t\t<a class=\"elementor-element elementor-element-866e3fa e-con-full e-transform e-flex e-con e-child\" data-id=\"866e3fa\" data-element_type=\"container\" data-e-type=\"container\" data-settings=\"{&quot;background_background&quot;:&quot;classic&quot;,&quot;_transform_scale_effect_hover&quot;:{&quot;unit&quot;:&quot;px&quot;,&quot;size&quot;:1.0500000000000000444089209850062616169452667236328125,&quot;sizes&quot;:[]},&quot;_transform_scale_effect_hover_tablet&quot;:{&quot;unit&quot;:&quot;px&quot;,&quot;size&quot;:&quot;&quot;,&quot;sizes&quot;:[]},&quot;_transform_scale_effect_hover_mobile&quot;:{&quot;unit&quot;:&quot;px&quot;,&quot;size&quot;:&quot;&quot;,&quot;sizes&quot;:[]}}\" href=\"https:\/\/kalmarpeter.com\/en\/show\/\">\n\t\t\t\t<div class=\"elementor-element elementor-element-7117c59 elementor-widget elementor-widget-heading\" data-id=\"7117c59\" data-element_type=\"widget\" data-e-type=\"widget\" data-widget_type=\"heading.default\">\n\t\t\t\t<div class=\"elementor-widget-container\">\n\t\t\t\t\t<h2 class=\"elementor-heading-title elementor-size-default\">Show<\/h2>\t\t\t\t<\/div>\n\t\t\t\t<\/div>\n\t\t\t\t<\/a>\n\t\t<a class=\"elementor-element elementor-element-40b2bac e-con-full e-transform e-flex e-con e-child\" data-id=\"40b2bac\" data-element_type=\"container\" data-e-type=\"container\" data-settings=\"{&quot;background_background&quot;:&quot;classic&quot;,&quot;_transform_scale_effect_hover&quot;:{&quot;unit&quot;:&quot;px&quot;,&quot;size&quot;:1.0500000000000000444089209850062616169452667236328125,&quot;sizes&quot;:[]},&quot;_transform_scale_effect_hover_tablet&quot;:{&quot;unit&quot;:&quot;px&quot;,&quot;size&quot;:&quot;&quot;,&quot;sizes&quot;:[]},&quot;_transform_scale_effect_hover_mobile&quot;:{&quot;unit&quot;:&quot;px&quot;,&quot;size&quot;:&quot;&quot;,&quot;sizes&quot;:[]}}\" href=\"https:\/\/kalmarpeter.com\/en\/tv-film\/\">\n\t\t\t\t<div class=\"elementor-element elementor-element-40b1408 elementor-widget elementor-widget-heading\" data-id=\"40b1408\" data-element_type=\"widget\" data-e-type=\"widget\" data-widget_type=\"heading.default\">\n\t\t\t\t<div class=\"elementor-widget-container\">\n\t\t\t\t\t<h2 class=\"elementor-heading-title elementor-size-default\">TV\/FILM<\/h2>\t\t\t\t<\/div>\n\t\t\t\t<\/div>\n\t\t\t\t<\/a>\n\t\t\t\t\t<\/div>\n\t\t\t\t<\/div>\n\t\t<div class=\"elementor-element elementor-element-42f1629 e-flex e-con-boxed e-con e-parent\" data-id=\"42f1629\" data-element_type=\"container\" data-e-type=\"container\">\n\t\t\t\t\t<div class=\"e-con-inner\">\n\t\t<a class=\"elementor-element elementor-element-d0b17ca e-con-full e-transform e-flex e-con e-child\" data-id=\"d0b17ca\" data-element_type=\"container\" data-e-type=\"container\" data-settings=\"{&quot;background_background&quot;:&quot;classic&quot;,&quot;_transform_scale_effect_hover&quot;:{&quot;unit&quot;:&quot;px&quot;,&quot;size&quot;:1.0500000000000000444089209850062616169452667236328125,&quot;sizes&quot;:[]},&quot;_transform_scale_effect_hover_tablet&quot;:{&quot;unit&quot;:&quot;px&quot;,&quot;size&quot;:&quot;&quot;,&quot;sizes&quot;:[]},&quot;_transform_scale_effect_hover_mobile&quot;:{&quot;unit&quot;:&quot;px&quot;,&quot;size&quot;:&quot;&quot;,&quot;sizes&quot;:[]}}\" href=\"https:\/\/kalmarpeter.com\/en\/enterprises\/\">\n\t\t\t\t<div class=\"elementor-element elementor-element-574ebb8 elementor-widget elementor-widget-heading\" data-id=\"574ebb8\" data-element_type=\"widget\" data-e-type=\"widget\" data-widget_type=\"heading.default\">\n\t\t\t\t<div class=\"elementor-widget-container\">\n\t\t\t\t\t<h2 class=\"elementor-heading-title elementor-size-default\">ENTERPRISES<\/h2>\t\t\t\t<\/div>\n\t\t\t\t<\/div>\n\t\t\t\t<\/a>\n\t\t<a class=\"elementor-element elementor-element-6cc4048 e-con-full e-transform e-flex e-con e-child\" data-id=\"6cc4048\" data-element_type=\"container\" data-e-type=\"container\" data-settings=\"{&quot;background_background&quot;:&quot;classic&quot;,&quot;_transform_scale_effect_hover&quot;:{&quot;unit&quot;:&quot;px&quot;,&quot;size&quot;:1.0500000000000000444089209850062616169452667236328125,&quot;sizes&quot;:[]},&quot;_transform_scale_effect_hover_tablet&quot;:{&quot;unit&quot;:&quot;px&quot;,&quot;size&quot;:&quot;&quot;,&quot;sizes&quot;:[]},&quot;_transform_scale_effect_hover_mobile&quot;:{&quot;unit&quot;:&quot;px&quot;,&quot;size&quot;:&quot;&quot;,&quot;sizes&quot;:[]}}\" href=\"https:\/\/kalmarpeter.com\/en\/publications\/\">\n\t\t\t\t<div class=\"elementor-element elementor-element-8b0b0f3 elementor-widget elementor-widget-heading\" data-id=\"8b0b0f3\" data-element_type=\"widget\" data-e-type=\"widget\" data-widget_type=\"heading.default\">\n\t\t\t\t<div class=\"elementor-widget-container\">\n\t\t\t\t\t<h2 class=\"elementor-heading-title elementor-size-default\">publications<\/h2>\t\t\t\t<\/div>\n\t\t\t\t<\/div>\n\t\t\t\t<\/a>\n\t\t<a class=\"elementor-element elementor-element-85ad151 e-con-full e-transform e-flex e-con e-child\" data-id=\"85ad151\" data-element_type=\"container\" data-e-type=\"container\" data-settings=\"{&quot;background_background&quot;:&quot;classic&quot;,&quot;_transform_scale_effect_hover&quot;:{&quot;unit&quot;:&quot;px&quot;,&quot;size&quot;:1.0500000000000000444089209850062616169452667236328125,&quot;sizes&quot;:[]},&quot;_transform_scale_effect_hover_tablet&quot;:{&quot;unit&quot;:&quot;px&quot;,&quot;size&quot;:&quot;&quot;,&quot;sizes&quot;:[]},&quot;_transform_scale_effect_hover_mobile&quot;:{&quot;unit&quot;:&quot;px&quot;,&quot;size&quot;:&quot;&quot;,&quot;sizes&quot;:[]}}\" href=\"https:\/\/kalmarpeter.com\/en\/music\/\">\n\t\t\t\t<div class=\"elementor-element elementor-element-e44d74f elementor-widget elementor-widget-heading\" data-id=\"e44d74f\" data-element_type=\"widget\" data-e-type=\"widget\" data-widget_type=\"heading.default\">\n\t\t\t\t<div class=\"elementor-widget-container\">\n\t\t\t\t\t<h2 class=\"elementor-heading-title elementor-size-default\">MUSIC<\/h2>\t\t\t\t<\/div>\n\t\t\t\t<\/div>\n\t\t\t\t<\/a>\n\t\t<a class=\"elementor-element elementor-element-017afd4 e-con-full e-transform e-flex e-con e-child\" data-id=\"017afd4\" data-element_type=\"container\" data-e-type=\"container\" data-settings=\"{&quot;background_background&quot;:&quot;classic&quot;,&quot;_transform_scale_effect_hover&quot;:{&quot;unit&quot;:&quot;px&quot;,&quot;size&quot;:1.0500000000000000444089209850062616169452667236328125,&quot;sizes&quot;:[]},&quot;_transform_scale_effect_hover_tablet&quot;:{&quot;unit&quot;:&quot;px&quot;,&quot;size&quot;:&quot;&quot;,&quot;sizes&quot;:[]},&quot;_transform_scale_effect_hover_mobile&quot;:{&quot;unit&quot;:&quot;px&quot;,&quot;size&quot;:&quot;&quot;,&quot;sizes&quot;:[]}}\" href=\"https:\/\/kalmarpeter.com\/en\/miscellaneous\/\">\n\t\t\t\t<div class=\"elementor-element elementor-element-102fde7 elementor-widget elementor-widget-heading\" data-id=\"102fde7\" data-element_type=\"widget\" data-e-type=\"widget\" data-widget_type=\"heading.default\">\n\t\t\t\t<div class=\"elementor-widget-container\">\n\t\t\t\t\t<h2 class=\"elementor-heading-title elementor-size-default\">MISCELLANEOUS<\/h2>\t\t\t\t<\/div>\n\t\t\t\t<\/div>\n\t\t\t\t<\/a>\n\t\t\t\t\t<\/div>\n\t\t\t\t<\/div>\n\t\t<div class=\"elementor-element elementor-element-707f17f e-flex e-con-boxed e-con e-parent\" data-id=\"707f17f\" data-element_type=\"container\" data-e-type=\"container\">\n\t\t\t\t\t<div class=\"e-con-inner\">\n\t\t\t\t<div class=\"elementor-element elementor-element-686c089 elementor-widget elementor-widget-html\" data-id=\"686c089\" data-element_type=\"widget\" data-e-type=\"widget\" data-widget_type=\"html.default\">\n\t\t\t\t<div class=\"elementor-widget-container\">\n\t\t\t\t\t<div id=\"intro-video-container\" style=\"position: fixed; top: 0; left: 0; width: 100%; height: 100%; background: black; z-index: 9999; opacity: 1; overflow: hidden;\">\r\n    <video id=\"intro-video\" autoplay muted playsinline style=\"object-fit: cover; height: 100%; position: absolute; top: 50%; left: 50%; transform: translate(-50%, -50%);\">\r\n        <source id=\"video-source\" src=\"https:\/\/kalmarpeter.com\/wp-content\/uploads\/2024\/10\/00-Intro-Final-1.mp4\" type=\"video\/mp4\">\r\n        A b\u00f6ng\u00e9sz\u0151d nem t\u00e1mogatja a vide\u00f3lej\u00e1tsz\u00e1st.\r\n    <\/video>\r\n    <div id=\"controls\" style=\"position: absolute; bottom: 20px; right: 20px; display: flex; gap: 10px;\">\r\n        <div id=\"mute-btn\" style=\"background-color: transparent; color: white; padding: 10px; cursor: pointer;\">\r\n            <img decoding=\"async\" id=\"mute-icon\" src=\"https:\/\/img.icons8.com\/ios-filled\/50\/ffffff\/mute.png\" alt=\"Mute\" style=\"width: 30px;\">\r\n        <\/div>\r\n        <div id=\"skip-btn\" style=\"background-color: red; color: white; padding: 10px 15px; font-weight: bold; border-radius: 5px; cursor: pointer; display: flex; justify-content: center; align-items: center;\">CLOSE<\/div>\r\n    <\/div>\r\n<\/div>\r\n\r\n<script>\r\ndocument.addEventListener(\"DOMContentLoaded\", function() {\r\n    var introVideo = document.getElementById('intro-video');\r\n    var videoSource = document.getElementById('video-source');\r\n    var skipButton = document.getElementById('skip-btn');\r\n    var muteButton = document.getElementById('mute-btn');\r\n    var muteIcon = document.getElementById('mute-icon');\r\n    var introContainer = document.getElementById('intro-video-container');\r\n    var bodyElement = document.body;\r\n\r\n    \/\/ Ellen\u0151rizze, hogy a vide\u00f3 m\u00e1r meg lett-e n\u00e9zve\r\n    if (localStorage.getItem('videoWatched') !== 'true') {\r\n        loadCorrectVideo(); \/\/ H\u00edv\u00e1s az oldal bet\u00f6lt\u00e9sekor\r\n        introContainer.style.display = 'block'; \/\/ Megjelen\u00edti a vide\u00f3t\r\n    } else {\r\n        introContainer.style.display = 'none'; \/\/ Elrejti a vide\u00f3t\r\n        bodyElement.style.opacity = \"1\"; \/\/ Az Elementor tartalom megjelenik\r\n    }\r\n\r\n    \/\/ Vide\u00f3 bet\u00f6lt\u00e9se a k\u00e9perny\u0151 sz\u00e9less\u00e9ge alapj\u00e1n\r\n    function loadCorrectVideo() {\r\n        if (window.innerWidth <= 768) { \/\/ Mobil\r\n            videoSource.src = \"https:\/\/kalmarpeter.com\/wp-content\/uploads\/2024\/10\/Intro-Mobil10mp-1.mp4\";\r\n        } else { \/\/ Asztali \u00e9s tablet\r\n            videoSource.src = \"https:\/\/kalmarpeter.com\/wp-content\/uploads\/2024\/10\/Intro-Web10mp-1.mp4\";\r\n        }\r\n        introVideo.load(); \/\/ Vide\u00f3 \u00fajrat\u00f6lt\u00e9se\r\n    }\r\n\r\n    \/\/ Amikor a vide\u00f3 v\u00e9get \u00e9r\r\n    introVideo.addEventListener('ended', function() {\r\n        fadeOutIntro();\r\n    });\r\n\r\n    \/\/ BEZ\u00c1R\u00c1S gomb m\u0171k\u00f6d\u00e9se\r\n    skipButton.addEventListener('click', function() {\r\n        fadeOutIntro();\r\n    });\r\n\r\n    \/\/ Hang n\u00e9m\u00edt\u00e1s\/kiold\u00e1s gomb m\u0171k\u00f6d\u00e9se\r\n    muteButton.addEventListener('click', function() {\r\n        if (introVideo.muted) {\r\n            introVideo.muted = false; \/\/ Hang be\r\n            introVideo.volume = 1.0;  \/\/ Maximum hanger\u0151re \u00e1ll\u00edtjuk\r\n            muteIcon.src = \"https:\/\/img.icons8.com\/ios-filled\/50\/ffffff\/speaker.png\"; \/\/ Hangsz\u00f3r\u00f3 ikon\r\n        } else {\r\n            introVideo.muted = true; \/\/ N\u00e9m\u00edt\u00e1s\r\n            muteIcon.src = \"https:\/\/img.icons8.com\/ios-filled\/50\/ffffff\/mute.png\"; \/\/ N\u00e9m\u00edtott ikon\r\n        }\r\n    });\r\n\r\n    \/\/ Halv\u00e1ny\u00edtsa el a vide\u00f3t \u00e9s jelen\u00edtse meg az oldalt\r\n    function fadeOutIntro() {\r\n        introContainer.style.transition = \"opacity 1s ease\";\r\n        introContainer.style.opacity = \"0\";\r\n        setTimeout(function() {\r\n            introContainer.style.display = \"none\";\r\n            bodyElement.style.opacity = \"1\"; \/\/ Az Elementor tartalom megjelenik\r\n            localStorage.setItem('videoWatched', 'true'); \/\/ Be\u00e1ll\u00edtja, hogy a vide\u00f3t m\u00e1r megn\u00e9zt\u00e9k\r\n        }, 1000); \/\/ 1 m\u00e1sodperc k\u00e9sleltet\u00e9s a halv\u00e1nyod\u00e1s idej\u00e9re\r\n    }\r\n\r\n    \/\/ Ha a vide\u00f3 nem l\u00e1that\u00f3, fekete h\u00e1tt\u00e9r mutat\u00e1sa\r\n    introContainer.style.backgroundColor = \"black\"; \/\/ Fekete h\u00e1tt\u00e9r\r\n});\r\n<\/script>\r\n\r\n<!-- CSS a mobil \u00e9s tablet m\u00e9retekhez -->\r\n<style>\r\n    @media (max-width: 1024px) { \/* Tablet \u00e9s mobil *\/\r\n        #intro-video {\r\n            object-position: 80% center; \/* A vide\u00f3 jobbra tol\u00f3dik, hogy az arc k\u00f6z\u00e9pre ker\u00fclj\u00f6n *\/\r\n            width: 100%;\r\n            height: auto;\r\n        }\r\n    }\r\n<\/style>\r\n\t\t\t\t<\/div>\n\t\t\t\t<\/div>\n\t\t\t\t\t<\/div>\n\t\t\t\t<\/div>\n\t\t\t\t<\/div>","protected":false},"excerpt":{"rendered":"<p>BIO Sz\u00ednh\u00e1z Show TV\/Film V\u00e1llalkoz\u00e1sok Publik\u00e1ci\u00f3 Zene Ez+Az A b\u00f6ng\u00e9sz\u0151d nem t\u00e1mogatja a vide\u00f3lej\u00e1tsz\u00e1st. BEZ\u00c1R\u00c1S<\/p>","protected":false},"author":1,"featured_media":0,"parent":0,"menu_order":0,"comment_status":"closed","ping_status":"closed","template":"","meta":{"_seopress_robots_primary_cat":"","_seopress_titles_title":"%%post_title%% %%sep%% %%sitetitle%%","_seopress_titles_desc":"","_seopress_robots_index":"","footnotes":""},"class_list":["post-25","page","type-page","status-publish","hentry"],"_links":{"self":[{"href":"https:\/\/kalmarpeter.com\/en\/wp-json\/wp\/v2\/pages\/25","targetHints":{"allow":["GET"]}}],"collection":[{"href":"https:\/\/kalmarpeter.com\/en\/wp-json\/wp\/v2\/pages"}],"about":[{"href":"https:\/\/kalmarpeter.com\/en\/wp-json\/wp\/v2\/types\/page"}],"author":[{"embeddable":true,"href":"https:\/\/kalmarpeter.com\/en\/wp-json\/wp\/v2\/users\/1"}],"replies":[{"embeddable":true,"href":"https:\/\/kalmarpeter.com\/en\/wp-json\/wp\/v2\/comments?post=25"}],"version-history":[{"count":5,"href":"https:\/\/kalmarpeter.com\/en\/wp-json\/wp\/v2\/pages\/25\/revisions"}],"predecessor-version":[{"id":3498,"href":"https:\/\/kalmarpeter.com\/en\/wp-json\/wp\/v2\/pages\/25\/revisions\/3498"}],"wp:attachment":[{"href":"https:\/\/kalmarpeter.com\/en\/wp-json\/wp\/v2\/media?parent=25"}],"curies":[{"name":"wp","href":"https:\/\/api.w.org\/{rel}","templated":true}]}}