{"id":2601,"date":"2024-10-16T22:30:41","date_gmt":"2024-10-16T20:30:41","guid":{"rendered":"https:\/\/kalmarpeter.com\/?page_id=2601"},"modified":"2024-10-18T15:16:29","modified_gmt":"2024-10-18T13:16:29","slug":"trebitsch","status":"publish","type":"page","link":"https:\/\/kalmarpeter.com\/en\/trebitsch\/","title":{"rendered":"IN THE FOOTSTEPS OF TREBITSCH"},"content":{"rendered":"<div data-elementor-type=\"wp-page\" data-elementor-id=\"2601\" class=\"elementor elementor-2601\" data-elementor-post-type=\"page\">\n\t\t\t\t<div class=\"elementor-element elementor-element-5e6f5bbd e-flex e-con-boxed e-con e-parent\" data-id=\"5e6f5bbd\" data-element_type=\"container\" data-e-type=\"container\">\n\t\t\t\t\t<div class=\"e-con-inner\">\n\t\t<div class=\"elementor-element elementor-element-5a67a734 e-con-full e-flex e-con e-child\" data-id=\"5a67a734\" data-element_type=\"container\" data-e-type=\"container\">\n\t\t\t\t<div class=\"elementor-element elementor-element-27bc60a elementor-widget elementor-widget-image\" data-id=\"27bc60a\" data-element_type=\"widget\" data-e-type=\"widget\" data-widget_type=\"image.default\">\n\t\t\t\t<div class=\"elementor-widget-container\">\n\t\t\t\t\t\t\t\t\t\t\t\t\t\t\t<img fetchpriority=\"high\" decoding=\"async\" width=\"791\" height=\"1024\" src=\"https:\/\/kalmarpeter.com\/wp-content\/uploads\/2024\/10\/image-791x1024.png\" class=\"attachment-large size-large wp-image-3101\" alt=\"\" srcset=\"https:\/\/kalmarpeter.com\/wp-content\/uploads\/2024\/10\/image-791x1024.png 791w, https:\/\/kalmarpeter.com\/wp-content\/uploads\/2024\/10\/image-232x300.png 232w, https:\/\/kalmarpeter.com\/wp-content\/uploads\/2024\/10\/image-768x994.png 768w, https:\/\/kalmarpeter.com\/wp-content\/uploads\/2024\/10\/image.png 1000w\" sizes=\"(max-width: 791px) 100vw, 791px\" \/>\t\t\t\t\t\t\t\t\t\t\t\t\t\t\t<\/div>\n\t\t\t\t<\/div>\n\t\t\t\t<\/div>\n\t\t<div class=\"elementor-element elementor-element-17c9de9e e-con-full e-flex e-con e-child\" data-id=\"17c9de9e\" data-element_type=\"container\" data-e-type=\"container\">\n\t\t\t\t<div class=\"elementor-element elementor-element-3b13f946 elementor-widget elementor-widget-heading\" data-id=\"3b13f946\" data-element_type=\"widget\" data-e-type=\"widget\" data-widget_type=\"heading.default\">\n\t\t\t\t<div class=\"elementor-widget-container\">\n\t\t\t\t\t<h1 class=\"elementor-heading-title elementor-size-default\">IN THE FOOTSTEPS OF TREBITSCH<\/h1>\t\t\t\t<\/div>\n\t\t\t\t<\/div>\n\t\t\t\t<div class=\"elementor-element elementor-element-4cf3746 elementor-widget elementor-widget-text-editor\" data-id=\"4cf3746\" data-element_type=\"widget\" data-e-type=\"widget\" data-widget_type=\"text-editor.default\">\n\t\t\t\t<div class=\"elementor-widget-container\">\n\t\t\t\t\t\t\t\t\t<p>the real king<\/p><p>- documentary series about the most famous Hungarian adventurer -<\/p><p class=\"translation-block\">\"Then you should know that I am the real Trebitsch.\nBut please keep this between us!\"<\/p><p>After Trebitsch's death in Shanghai, a member of the Reuters news agency, \nmet a European-looking monk in a Tibetan monastery, \nand asked his name. The answer was that his name was Chow Kung, \nknown in Europe as Trebitsch-Lincoln.<\/p><p>Perhaps the great machinator had one more twist in store at the end of his life?<\/p><p>The Trebitsch story, which can't really be described as boring, is what really got us hooked.<\/p><p>His life story would almost naturally fit in with the faking of his own death, which\n\"coincidentally\" just before the end of World War II...<\/p><p>But what could have been behind the disappearance?<\/p><p>Aunt Lin Chen, the only daughter of Ign\u00e1c Trebitsch living in China \nhas the birth documents from the institute, \nand she repeatedly mentioned a metal box from 1947, \nin which, as far as she knows, there is also a filmstrip: the Hungarian Holy Crown \nof the Hungarian Holy Monarch was documented quite thoroughly, which \nThe documents are kept by her daughter, and, according to her aunt, the real Holy Crown \nis still hidden in a Tibetan monastery...<\/p>\t\t\t\t\t\t\t\t<\/div>\n\t\t\t\t<\/div>\n\t\t\t\t<\/div>\n\t\t\t\t\t<\/div>\n\t\t\t\t<\/div>\n\t\t<div class=\"elementor-element elementor-element-e99b83e e-flex e-con-boxed e-con e-parent\" data-id=\"e99b83e\" data-element_type=\"container\" data-e-type=\"container\">\n\t\t\t\t\t<div class=\"e-con-inner\">\n\t\t\t\t<div class=\"elementor-element elementor-element-5acc33c e-n-tabs-none elementor-widget elementor-widget-n-tabs\" data-id=\"5acc33c\" data-element_type=\"widget\" data-e-type=\"widget\" data-settings=\"{&quot;tabs_justify_horizontal&quot;:&quot;stretch&quot;,&quot;tabs_justify_horizontal_tablet&quot;:&quot;stretch&quot;,&quot;tabs_justify_horizontal_mobile&quot;:&quot;stretch&quot;,&quot;horizontal_scroll&quot;:&quot;disable&quot;}\" data-widget_type=\"nested-tabs.default\">\n\t\t\t\t<div class=\"elementor-widget-container\">\n\t\t\t\t\t\t\t<div class=\"e-n-tabs\" data-widget-number=\"95208252\" aria-label=\"Tabs. Open items with Enter or Space, close with Escape and navigate using the Arrow keys.\">\n\t\t\t<div class=\"e-n-tabs-heading\" role=\"tablist\">\n\t\t\t\t\t<button id=\"e-n-tab-title-952082521\" data-tab-title-id=\"e-n-tab-title-952082521\" class=\"e-n-tab-title\" aria-selected=\"true\" data-tab-index=\"1\" role=\"tab\" tabindex=\"0\" aria-controls=\"e-n-tab-content-952082521\" style=\"--n-tabs-title-order: 1;\">\n\t\t\t\t\t\t<span class=\"e-n-tab-title-text\">\n\t\t\t\tTRAILER\t\t\t<\/span>\n\t\t<\/button>\n\t\t\t\t\t<\/div>\n\t\t\t<div class=\"e-n-tabs-content\">\n\t\t\t\t<div id=\"e-n-tab-content-952082521\" role=\"tabpanel\" aria-labelledby=\"e-n-tab-title-952082521\" data-tab-index=\"1\" style=\"--n-tabs-title-order: 1;\" class=\"e-active elementor-element elementor-element-19ade85 e-flex e-con-boxed e-con e-child\" data-id=\"19ade85\" data-element_type=\"container\" data-e-type=\"container\">\n\t\t\t\t\t<div class=\"e-con-inner\">\n\t\t<div class=\"elementor-element elementor-element-c80e297 e-con-full e-flex e-con e-child\" data-id=\"c80e297\" data-element_type=\"container\" data-e-type=\"container\">\n\t\t\t\t<div class=\"elementor-element elementor-element-93c9de8 elementor-widget elementor-widget-video\" data-id=\"93c9de8\" data-element_type=\"widget\" data-e-type=\"widget\" data-settings=\"{&quot;youtube_url&quot;:&quot;https:\\\/\\\/youtu.be\\\/IFN9X6iZAfM&quot;,&quot;video_type&quot;:&quot;youtube&quot;,&quot;controls&quot;:&quot;yes&quot;}\" data-widget_type=\"video.default\">\n\t\t\t\t<div class=\"elementor-widget-container\">\n\t\t\t\t\t\t\t<div class=\"elementor-wrapper elementor-open-inline\">\n\t\t\t<div class=\"elementor-video\"><\/div>\t\t<\/div>\n\t\t\t\t\t\t<\/div>\n\t\t\t\t<\/div>\n\t\t\t\t<\/div>\n\t\t\t\t\t<\/div>\n\t\t\t\t<\/div>\n\t\t\t\t\t<\/div>\n\t\t<\/div>\n\t\t\t\t\t\t<\/div>\n\t\t\t\t<\/div>\n\t\t\t\t\t<\/div>\n\t\t\t\t<\/div>\n\t\t\t\t<\/div>","protected":false},"excerpt":{"rendered":"<p>avagy az igazi kir\u00e1ly &#8211; dokumentumfilm-sorozat a legh\u00edresebb magyar kalandorr\u00f3l &#8211; \u201eAkkor h\u00e1t tudja meg, hogy \u00e9n is az igazi Trebitsch vagyok.De k\u00e9rem, hogy ez maradjon k\u00f6zt\u00fcnk!\u201d Trebitsch sanghaji hal\u00e1la ut\u00e1n a Reuters h\u00edr\u00fcgyn\u00f6ks\u00e9g egyik tagja, egy tibeti kolostorban tal\u00e1lkozott egy eur\u00f3pai kin\u00e9zet\u0171 szerzetessel, akinek megk\u00e9rdezte a nev\u00e9t. A v\u00e1lasz az volt, hogy Csao Kungnak [&hellip;]<\/p>","protected":false},"author":1,"featured_media":0,"parent":0,"menu_order":0,"comment_status":"closed","ping_status":"closed","template":"","meta":{"_seopress_robots_primary_cat":"","_seopress_titles_title":"","_seopress_titles_desc":"","_seopress_robots_index":"","footnotes":""},"class_list":["post-2601","page","type-page","status-publish","hentry"],"_links":{"self":[{"href":"https:\/\/kalmarpeter.com\/en\/wp-json\/wp\/v2\/pages\/2601","targetHints":{"allow":["GET"]}}],"collection":[{"href":"https:\/\/kalmarpeter.com\/en\/wp-json\/wp\/v2\/pages"}],"about":[{"href":"https:\/\/kalmarpeter.com\/en\/wp-json\/wp\/v2\/types\/page"}],"author":[{"embeddable":true,"href":"https:\/\/kalmarpeter.com\/en\/wp-json\/wp\/v2\/users\/1"}],"replies":[{"embeddable":true,"href":"https:\/\/kalmarpeter.com\/en\/wp-json\/wp\/v2\/comments?post=2601"}],"version-history":[{"count":5,"href":"https:\/\/kalmarpeter.com\/en\/wp-json\/wp\/v2\/pages\/2601\/revisions"}],"predecessor-version":[{"id":3104,"href":"https:\/\/kalmarpeter.com\/en\/wp-json\/wp\/v2\/pages\/2601\/revisions\/3104"}],"wp:attachment":[{"href":"https:\/\/kalmarpeter.com\/en\/wp-json\/wp\/v2\/media?parent=2601"}],"curies":[{"name":"wp","href":"https:\/\/api.w.org\/{rel}","templated":true}]}}