{"id":2665,"date":"2024-10-16T23:03:27","date_gmt":"2024-10-16T21:03:27","guid":{"rendered":"https:\/\/kalmarpeter.com\/?page_id=2665"},"modified":"2024-10-18T16:58:01","modified_gmt":"2024-10-18T14:58:01","slug":"kabare-utca","status":"publish","type":"page","link":"https:\/\/kalmarpeter.com\/en\/kabare-utca\/","title":{"rendered":"CABARET STREET"},"content":{"rendered":"<div data-elementor-type=\"wp-page\" data-elementor-id=\"2665\" class=\"elementor elementor-2665\" data-elementor-post-type=\"page\">\n\t\t\t\t<div class=\"elementor-element elementor-element-28549cdd e-flex e-con-boxed e-con e-parent\" data-id=\"28549cdd\" data-element_type=\"container\" data-e-type=\"container\">\n\t\t\t\t\t<div class=\"e-con-inner\">\n\t\t<div class=\"elementor-element elementor-element-756d7d6e e-con-full e-flex e-con e-child\" data-id=\"756d7d6e\" data-element_type=\"container\" data-e-type=\"container\">\n\t\t\t\t<div class=\"elementor-element elementor-element-4b1e5ff2 elementor-widget elementor-widget-image\" data-id=\"4b1e5ff2\" data-element_type=\"widget\" data-e-type=\"widget\" data-widget_type=\"image.default\">\n\t\t\t\t<div class=\"elementor-widget-container\">\n\t\t\t\t\t\t\t\t\t\t\t\t\t\t\t<img fetchpriority=\"high\" decoding=\"async\" width=\"800\" height=\"800\" src=\"https:\/\/kalmarpeter.com\/wp-content\/uploads\/2024\/10\/Kabare-utca.jpg\" class=\"attachment-large size-large wp-image-859\" alt=\"\" srcset=\"https:\/\/kalmarpeter.com\/wp-content\/uploads\/2024\/10\/Kabare-utca.jpg 1000w, https:\/\/kalmarpeter.com\/wp-content\/uploads\/2024\/10\/Kabare-utca-300x300.jpg 300w, https:\/\/kalmarpeter.com\/wp-content\/uploads\/2024\/10\/Kabare-utca-150x150.jpg 150w, https:\/\/kalmarpeter.com\/wp-content\/uploads\/2024\/10\/Kabare-utca-768x768.jpg 768w\" sizes=\"(max-width: 800px) 100vw, 800px\" \/>\t\t\t\t\t\t\t\t\t\t\t\t\t\t\t<\/div>\n\t\t\t\t<\/div>\n\t\t\t\t<\/div>\n\t\t<div class=\"elementor-element elementor-element-21d2b10a e-con-full e-flex e-con e-child\" data-id=\"21d2b10a\" data-element_type=\"container\" data-e-type=\"container\">\n\t\t\t\t<div class=\"elementor-element elementor-element-60d3916c elementor-widget elementor-widget-heading\" data-id=\"60d3916c\" data-element_type=\"widget\" data-e-type=\"widget\" data-widget_type=\"heading.default\">\n\t\t\t\t<div class=\"elementor-widget-container\">\n\t\t\t\t\t<h1 class=\"elementor-heading-title elementor-size-default\">CABARET STREET<\/h1>\t\t\t\t<\/div>\n\t\t\t\t<\/div>\n\t\t\t\t<div class=\"elementor-element elementor-element-36c6f545 elementor-widget elementor-widget-text-editor\" data-id=\"36c6f545\" data-element_type=\"widget\" data-e-type=\"widget\" data-widget_type=\"text-editor.default\">\n\t\t\t\t<div class=\"elementor-widget-container\">\n\t\t\t\t\t\t\t\t\t<p>1969<\/p><p class=\"translation-block\">In the clips you can see TV presenter J\u00f3zsef Varga, <br>\nAndr\u00e1s Csonka (as a small child: \"\u00d6csi, who cheats!\")<br> \nthe little girl in the bathtub Kiss K\u00e1tya,<br>\nand J\u00e1nos G\u00e1lcsiki as the father...<\/p><p>The chubby little boy would be me, and it's all my father's fault, \nthe director of this TV special: Tibor Kalm\u00e1r<\/p>\t\t\t\t\t\t\t\t<\/div>\n\t\t\t\t<\/div>\n\t\t\t\t<\/div>\n\t\t\t\t\t<\/div>\n\t\t\t\t<\/div>\n\t\t<div class=\"elementor-element elementor-element-28db963e e-flex e-con-boxed e-con e-parent\" data-id=\"28db963e\" data-element_type=\"container\" data-e-type=\"container\">\n\t\t\t\t\t<div class=\"e-con-inner\">\n\t\t\t\t<div class=\"elementor-element elementor-element-477c21a4 e-n-tabs-none elementor-widget elementor-widget-n-tabs\" data-id=\"477c21a4\" data-element_type=\"widget\" data-e-type=\"widget\" data-settings=\"{&quot;tabs_justify_horizontal&quot;:&quot;stretch&quot;,&quot;tabs_justify_horizontal_tablet&quot;:&quot;stretch&quot;,&quot;tabs_justify_horizontal_mobile&quot;:&quot;stretch&quot;,&quot;horizontal_scroll&quot;:&quot;disable&quot;}\" data-widget_type=\"nested-tabs.default\">\n\t\t\t\t<div class=\"elementor-widget-container\">\n\t\t\t\t\t\t\t<div class=\"e-n-tabs\" data-widget-number=\"1199317412\" aria-label=\"Tabs. Open items with Enter or Space, close with Escape and navigate using the Arrow keys.\" data-no-translation-aria-label=\"\">\n\t\t\t<div class=\"e-n-tabs-heading\" role=\"tablist\">\n\t\t\t\t\t<button id=\"e-n-tab-title-11993174121\" data-tab-title-id=\"e-n-tab-title-11993174121\" class=\"e-n-tab-title\" aria-selected=\"true\" data-tab-index=\"1\" role=\"tab\" tabindex=\"0\" aria-controls=\"e-n-tab-content-11993174121\" style=\"--n-tabs-title-order: 1;\">\n\t\t\t\t\t\t<span class=\"e-n-tab-title-text\">\n\t\t\t\tvideo snippets\t\t\t<\/span>\n\t\t<\/button>\n\t\t\t\t\t<\/div>\n\t\t\t<div class=\"e-n-tabs-content\">\n\t\t\t\t<div id=\"e-n-tab-content-11993174121\" role=\"tabpanel\" aria-labelledby=\"e-n-tab-title-11993174121\" data-tab-index=\"1\" style=\"--n-tabs-title-order: 1;\" class=\"e-active elementor-element elementor-element-1e59598d e-con-full e-flex e-con e-child\" data-id=\"1e59598d\" data-element_type=\"container\" data-e-type=\"container\">\n\t\t\t\t<div class=\"elementor-element elementor-element-680eaec1 elementor-widget__width-initial elementor-widget elementor-widget-video\" data-id=\"680eaec1\" data-element_type=\"widget\" data-e-type=\"widget\" data-settings=\"{&quot;youtube_url&quot;:&quot;https:\\\/\\\/youtu.be\\\/QFkbtjQ91MA&quot;,&quot;video_type&quot;:&quot;youtube&quot;,&quot;controls&quot;:&quot;yes&quot;}\" data-widget_type=\"video.default\">\n\t\t\t\t<div class=\"elementor-widget-container\">\n\t\t\t\t\t\t\t<div class=\"elementor-wrapper elementor-open-inline\">\n\t\t\t<div class=\"elementor-video\"><\/div>\t\t<\/div>\n\t\t\t\t\t\t<\/div>\n\t\t\t\t<\/div>\n\t\t\t\t<div class=\"elementor-element elementor-element-617f557 elementor-widget__width-initial elementor-widget elementor-widget-video\" data-id=\"617f557\" data-element_type=\"widget\" data-e-type=\"widget\" data-settings=\"{&quot;youtube_url&quot;:&quot;https:\\\/\\\/www.youtube.com\\\/watch?v=_zjptbJg2zw&amp;ab_channel=PeterKalmar&quot;,&quot;video_type&quot;:&quot;youtube&quot;,&quot;controls&quot;:&quot;yes&quot;}\" data-widget_type=\"video.default\">\n\t\t\t\t<div class=\"elementor-widget-container\">\n\t\t\t\t\t\t\t<div class=\"elementor-wrapper elementor-open-inline\">\n\t\t\t<div class=\"elementor-video\"><\/div>\t\t<\/div>\n\t\t\t\t\t\t<\/div>\n\t\t\t\t<\/div>\n\t\t\t\t<\/div>\n\t\t\t\t\t<\/div>\n\t\t<\/div>\n\t\t\t\t\t\t<\/div>\n\t\t\t\t<\/div>\n\t\t\t\t\t<\/div>\n\t\t\t\t<\/div>\n\t\t\t\t<\/div>","protected":false},"excerpt":{"rendered":"<p>1969 A r\u00e9szletekben l\u00e1that\u00f3 Varga J\u00f3zsef t\u00e9v\u00e9bemond\u00f3,Csonka Andr\u00e1s (mint kisgyerek: \u201e\u00d6csi, aki csal!\u201d)a kisl\u00e1ny a k\u00e1dban Kiss K\u00e1tya,valamint G\u00e1lcsiki J\u00e1nos, mint apuka&#8230; A puf\u00f3k kisfi\u00fa \u00e9n lenn\u00e9k, az eg\u00e9szr\u0151l pedig ap\u00e1m tehet, aki megfert\u0151z\u00f6tt \u00e9s rendezte ezt a t\u00e9v\u00e9kabar\u00e9t: Kalm\u00e1r Tibor Vide\u00f3 r\u00e9szletek https:\/\/youtu.be\/QFkbtjQ91MAhttps:\/\/www.youtube.com\/watch?v=_zjptbJg2zw&#038;ab_channel=PeterKalmar<\/p>","protected":false},"author":1,"featured_media":0,"parent":0,"menu_order":0,"comment_status":"closed","ping_status":"closed","template":"","meta":{"_seopress_robots_primary_cat":"","_seopress_titles_title":"","_seopress_titles_desc":"","_seopress_robots_index":"","footnotes":""},"class_list":["post-2665","page","type-page","status-publish","hentry"],"_links":{"self":[{"href":"https:\/\/kalmarpeter.com\/en\/wp-json\/wp\/v2\/pages\/2665","targetHints":{"allow":["GET"]}}],"collection":[{"href":"https:\/\/kalmarpeter.com\/en\/wp-json\/wp\/v2\/pages"}],"about":[{"href":"https:\/\/kalmarpeter.com\/en\/wp-json\/wp\/v2\/types\/page"}],"author":[{"embeddable":true,"href":"https:\/\/kalmarpeter.com\/en\/wp-json\/wp\/v2\/users\/1"}],"replies":[{"embeddable":true,"href":"https:\/\/kalmarpeter.com\/en\/wp-json\/wp\/v2\/comments?post=2665"}],"version-history":[{"count":5,"href":"https:\/\/kalmarpeter.com\/en\/wp-json\/wp\/v2\/pages\/2665\/revisions"}],"predecessor-version":[{"id":3223,"href":"https:\/\/kalmarpeter.com\/en\/wp-json\/wp\/v2\/pages\/2665\/revisions\/3223"}],"wp:attachment":[{"href":"https:\/\/kalmarpeter.com\/en\/wp-json\/wp\/v2\/media?parent=2665"}],"curies":[{"name":"wp","href":"https:\/\/api.w.org\/{rel}","templated":true}]}}