{"id":2691,"date":"2024-10-16T23:09:46","date_gmt":"2024-10-16T21:09:46","guid":{"rendered":"https:\/\/kalmarpeter.com\/?page_id=2691"},"modified":"2024-10-16T23:12:18","modified_gmt":"2024-10-16T21:12:18","slug":"procession","status":"publish","type":"page","link":"https:\/\/kalmarpeter.com\/en\/procession\/","title":{"rendered":"PROCESSION"},"content":{"rendered":"<div data-elementor-type=\"wp-page\" data-elementor-id=\"2691\" class=\"elementor elementor-2691\" data-elementor-post-type=\"page\">\n\t\t\t\t<div class=\"elementor-element elementor-element-672bce4c e-flex e-con-boxed e-con e-parent\" data-id=\"672bce4c\" data-element_type=\"container\" data-e-type=\"container\">\n\t\t\t\t\t<div class=\"e-con-inner\">\n\t\t<div class=\"elementor-element elementor-element-1b1ab812 e-con-full e-flex e-con e-child\" data-id=\"1b1ab812\" data-element_type=\"container\" data-e-type=\"container\">\n\t\t\t\t<div class=\"elementor-element elementor-element-5696e2d7 elementor-widget elementor-widget-image\" data-id=\"5696e2d7\" data-element_type=\"widget\" data-e-type=\"widget\" data-widget_type=\"image.default\">\n\t\t\t\t<div class=\"elementor-widget-container\">\n\t\t\t\t\t\t\t\t\t\t\t\t\t\t\t<img fetchpriority=\"high\" decoding=\"async\" width=\"800\" height=\"800\" src=\"https:\/\/kalmarpeter.com\/wp-content\/uploads\/2024\/10\/KORMENET.jpg\" class=\"attachment-large size-large wp-image-2696\" alt=\"\" srcset=\"https:\/\/kalmarpeter.com\/wp-content\/uploads\/2024\/10\/KORMENET.jpg 1000w, https:\/\/kalmarpeter.com\/wp-content\/uploads\/2024\/10\/KORMENET-300x300.jpg 300w, https:\/\/kalmarpeter.com\/wp-content\/uploads\/2024\/10\/KORMENET-150x150.jpg 150w, https:\/\/kalmarpeter.com\/wp-content\/uploads\/2024\/10\/KORMENET-768x768.jpg 768w\" sizes=\"(max-width: 800px) 100vw, 800px\" \/>\t\t\t\t\t\t\t\t\t\t\t\t\t\t\t<\/div>\n\t\t\t\t<\/div>\n\t\t\t\t<\/div>\n\t\t<div class=\"elementor-element elementor-element-2107145a e-con-full e-flex e-con e-child\" data-id=\"2107145a\" data-element_type=\"container\" data-e-type=\"container\">\n\t\t\t\t<div class=\"elementor-element elementor-element-5a1d8644 elementor-widget elementor-widget-heading\" data-id=\"5a1d8644\" data-element_type=\"widget\" data-e-type=\"widget\" data-widget_type=\"heading.default\">\n\t\t\t\t<div class=\"elementor-widget-container\">\n\t\t\t\t\t<h1 class=\"elementor-heading-title elementor-size-default\">PROCESSION<\/h1>\t\t\t\t<\/div>\n\t\t\t\t<\/div>\n\t\t\t\t<div class=\"elementor-element elementor-element-8176871 elementor-widget elementor-widget-text-editor\" data-id=\"8176871\" data-element_type=\"widget\" data-e-type=\"widget\" data-widget_type=\"text-editor.default\">\n\t\t\t\t<div class=\"elementor-widget-container\">\n\t\t\t\t\t\t\t\t\t<p>2022 &#8211; &#8230;<\/p><p>film and TV mini-series<\/p><p>script \/ producer: P\u00e9ter Kalm\u00e1r<\/p><p class=\"translation-block\">Arthur Schnitzler wrote his most famous play \"La Ronde\", It was considered\n\u201cpornographic\u201d by the critics of the time.  The Berlin premiere was initially blocked \nby the censors - and it was a resounding success. \nSince then, the play has been adapted several times, \nincluding musicals and film and television adaptations.<\/p><p class=\"translation-block\">This time, a new screenplay, PROCESSION (K\u00d6RMENET ) written by Peter Kalmar, \nuses current social and societal conditions in Hungary.  \nReplacing the biblical  \u201cTen Commandments\u201d, there are ten \"Tinder\" scenes: \nvirtual relationships, bleak pleasures, hasty marriages, spiritual deviancy,  \nhypocrisy, perverse homophobia, lustful revenge - and in the background, \npreparations for a dictatorial government takeover \nin right-wing populist Hungary in 2025.<\/p><p>A video report by the 24-hu portal, published in 2022, \nsummarises the aims of the film and its creators, \nand discusses the topicality of the subject. \n(In recent years, due to the failure of funding, \nmost of the film's creators have changed.)<\/p>\t\t\t\t\t\t\t\t<\/div>\n\t\t\t\t<\/div>\n\t\t\t\t<\/div>\n\t\t\t\t\t<\/div>\n\t\t\t\t<\/div>\n\t\t<div class=\"elementor-element elementor-element-67aaf59f e-flex e-con-boxed e-con e-parent\" data-id=\"67aaf59f\" data-element_type=\"container\" data-e-type=\"container\">\n\t\t\t\t\t<div class=\"e-con-inner\">\n\t\t\t\t<div class=\"elementor-element elementor-element-4b39d513 e-n-tabs-none elementor-widget elementor-widget-n-tabs\" data-id=\"4b39d513\" data-element_type=\"widget\" data-e-type=\"widget\" data-settings=\"{&quot;tabs_justify_horizontal&quot;:&quot;stretch&quot;,&quot;tabs_justify_horizontal_tablet&quot;:&quot;stretch&quot;,&quot;tabs_justify_horizontal_mobile&quot;:&quot;stretch&quot;,&quot;horizontal_scroll&quot;:&quot;disable&quot;}\" data-widget_type=\"nested-tabs.default\">\n\t\t\t\t<div class=\"elementor-widget-container\">\n\t\t\t\t\t\t\t<div class=\"e-n-tabs\" data-widget-number=\"1262081299\" aria-label=\"Tabs. Open items with Enter or Space, close with Escape and navigate using the Arrow keys.\" data-no-translation-aria-label=\"\">\n\t\t\t<div class=\"e-n-tabs-heading\" role=\"tablist\">\n\t\t\t\t\t<button id=\"e-n-tab-title-12620812991\" data-tab-title-id=\"e-n-tab-title-12620812991\" class=\"e-n-tab-title\" aria-selected=\"true\" data-tab-index=\"1\" role=\"tab\" tabindex=\"0\" aria-controls=\"e-n-tab-content-12620812991\" style=\"--n-tabs-title-order: 1;\">\n\t\t\t\t\t\t<span class=\"e-n-tab-title-text\">\n\t\t\t\tMood\t\t\t<\/span>\n\t\t<\/button>\n\t\t\t\t<button id=\"e-n-tab-title-12620812992\" data-tab-title-id=\"e-n-tab-title-12620812992\" class=\"e-n-tab-title\" aria-selected=\"false\" data-tab-index=\"2\" role=\"tab\" tabindex=\"-1\" aria-controls=\"e-n-tab-content-12620812992\" style=\"--n-tabs-title-order: 2;\">\n\t\t\t\t\t\t<span class=\"e-n-tab-title-text\">\n\t\t\t\t24.hu video\t\t\t<\/span>\n\t\t<\/button>\n\t\t\t\t\t<\/div>\n\t\t\t<div class=\"e-n-tabs-content\">\n\t\t\t\t<div id=\"e-n-tab-content-12620812991\" role=\"tabpanel\" aria-labelledby=\"e-n-tab-title-12620812991\" data-tab-index=\"1\" style=\"--n-tabs-title-order: 1;\" class=\"e-active elementor-element elementor-element-ad1ab73 e-con-full e-flex e-con e-child\" data-id=\"ad1ab73\" data-element_type=\"container\" data-e-type=\"container\">\n\t\t\t\t<div class=\"elementor-element elementor-element-70ad809 elementor-widget__width-initial elementor-widget elementor-widget-video\" data-id=\"70ad809\" data-element_type=\"widget\" data-e-type=\"widget\" data-settings=\"{&quot;youtube_url&quot;:&quot;https:\\\/\\\/youtu.be\\\/dusUFaSXFkk&quot;,&quot;video_type&quot;:&quot;youtube&quot;,&quot;controls&quot;:&quot;yes&quot;}\" data-widget_type=\"video.default\">\n\t\t\t\t<div class=\"elementor-widget-container\">\n\t\t\t\t\t\t\t<div class=\"elementor-wrapper elementor-open-inline\">\n\t\t\t<div class=\"elementor-video\"><\/div>\t\t<\/div>\n\t\t\t\t\t\t<\/div>\n\t\t\t\t<\/div>\n\t\t\t\t<\/div>\n\t\t<div id=\"e-n-tab-content-12620812992\" role=\"tabpanel\" aria-labelledby=\"e-n-tab-title-12620812992\" data-tab-index=\"2\" style=\"--n-tabs-title-order: 2;\" class=\"elementor-element elementor-element-5fe29a74 e-con-full e-flex e-con e-child\" data-id=\"5fe29a74\" data-element_type=\"container\" data-e-type=\"container\">\n\t\t\t\t<div class=\"elementor-element elementor-element-708a8c87 elementor-widget__width-initial elementor-widget elementor-widget-video\" data-id=\"708a8c87\" data-element_type=\"widget\" data-e-type=\"widget\" data-settings=\"{&quot;youtube_url&quot;:&quot;https:\\\/\\\/youtu.be\\\/rEBvQ3K-158&quot;,&quot;video_type&quot;:&quot;youtube&quot;,&quot;controls&quot;:&quot;yes&quot;}\" data-widget_type=\"video.default\">\n\t\t\t\t<div class=\"elementor-widget-container\">\n\t\t\t\t\t\t\t<div class=\"elementor-wrapper elementor-open-inline\">\n\t\t\t<div class=\"elementor-video\"><\/div>\t\t<\/div>\n\t\t\t\t\t\t<\/div>\n\t\t\t\t<\/div>\n\t\t\t\t<\/div>\n\t\t\t\t\t<\/div>\n\t\t<\/div>\n\t\t\t\t\t\t<\/div>\n\t\t\t\t<\/div>\n\t\t\t\t\t<\/div>\n\t\t\t\t<\/div>\n\t\t\t\t<\/div>","protected":false},"excerpt":{"rendered":"<p>2022 &#8211; &#8230; film \u00e9s TV mini-series forgat\u00f3k\u00f6nyv \/ producer: Kalm\u00e1r P\u00e9ter A Sigmund Freud bar\u00e1ti k\u00f6r\u00e9hez tartoz\u00f3 &#8211; eredetileg orvos &#8211; Arthur Schnitzler \u201eK\u00f6rbe-k\u00f6rbe\u201d c\u00edm\u0171 kom\u00e9di\u00e1j\u00e1t a korabeli kritik\u00e1k pornogr\u00e1fnak \u00edt\u00e9lt\u00e9k, a berlini \u0151sbemutat\u00f3t is el\u0151sz\u00f6r megakad\u00e1lyozta a cenz\u00fara &#8211; de a hangos siker nem maradt el. Az\u00f3ta a m\u0171vet t\u00f6bb \u00edzben dolgozt\u00e1k m\u00e1r [&hellip;]<\/p>","protected":false},"author":1,"featured_media":0,"parent":0,"menu_order":0,"comment_status":"closed","ping_status":"closed","template":"","meta":{"_seopress_robots_primary_cat":"","_seopress_titles_title":"","_seopress_titles_desc":"","_seopress_robots_index":"","footnotes":""},"class_list":["post-2691","page","type-page","status-publish","hentry"],"_links":{"self":[{"href":"https:\/\/kalmarpeter.com\/en\/wp-json\/wp\/v2\/pages\/2691","targetHints":{"allow":["GET"]}}],"collection":[{"href":"https:\/\/kalmarpeter.com\/en\/wp-json\/wp\/v2\/pages"}],"about":[{"href":"https:\/\/kalmarpeter.com\/en\/wp-json\/wp\/v2\/types\/page"}],"author":[{"embeddable":true,"href":"https:\/\/kalmarpeter.com\/en\/wp-json\/wp\/v2\/users\/1"}],"replies":[{"embeddable":true,"href":"https:\/\/kalmarpeter.com\/en\/wp-json\/wp\/v2\/comments?post=2691"}],"version-history":[{"count":4,"href":"https:\/\/kalmarpeter.com\/en\/wp-json\/wp\/v2\/pages\/2691\/revisions"}],"predecessor-version":[{"id":2699,"href":"https:\/\/kalmarpeter.com\/en\/wp-json\/wp\/v2\/pages\/2691\/revisions\/2699"}],"wp:attachment":[{"href":"https:\/\/kalmarpeter.com\/en\/wp-json\/wp\/v2\/media?parent=2691"}],"curies":[{"name":"wp","href":"https:\/\/api.w.org\/{rel}","templated":true}]}}