{"id":2703,"date":"2024-10-16T23:13:54","date_gmt":"2024-10-16T21:13:54","guid":{"rendered":"https:\/\/kalmarpeter.com\/?page_id=2703"},"modified":"2024-10-16T23:15:17","modified_gmt":"2024-10-16T21:15:17","slug":"the-lovable-investor","status":"publish","type":"page","link":"https:\/\/kalmarpeter.com\/en\/the-lovable-investor\/","title":{"rendered":"The lovable investor"},"content":{"rendered":"<div data-elementor-type=\"wp-page\" data-elementor-id=\"2703\" class=\"elementor elementor-2703\" data-elementor-post-type=\"page\">\n\t\t\t\t<div class=\"elementor-element elementor-element-7be90834 e-flex e-con-boxed e-con e-parent\" data-id=\"7be90834\" data-element_type=\"container\" data-e-type=\"container\">\n\t\t\t\t\t<div class=\"e-con-inner\">\n\t\t<div class=\"elementor-element elementor-element-312312c8 e-con-full e-flex e-con e-child\" data-id=\"312312c8\" data-element_type=\"container\" data-e-type=\"container\">\n\t\t\t\t<div class=\"elementor-element elementor-element-659d5377 elementor-widget elementor-widget-image\" data-id=\"659d5377\" data-element_type=\"widget\" data-e-type=\"widget\" data-widget_type=\"image.default\">\n\t\t\t\t<div class=\"elementor-widget-container\">\n\t\t\t\t\t\t\t\t\t\t\t\t\t\t\t<img fetchpriority=\"high\" decoding=\"async\" width=\"800\" height=\"800\" src=\"https:\/\/kalmarpeter.com\/wp-content\/uploads\/2024\/10\/12Szeretheto.jpg\" class=\"attachment-large size-large wp-image-739\" alt=\"\" srcset=\"https:\/\/kalmarpeter.com\/wp-content\/uploads\/2024\/10\/12Szeretheto.jpg 1000w, https:\/\/kalmarpeter.com\/wp-content\/uploads\/2024\/10\/12Szeretheto-300x300.jpg 300w, https:\/\/kalmarpeter.com\/wp-content\/uploads\/2024\/10\/12Szeretheto-150x150.jpg 150w, https:\/\/kalmarpeter.com\/wp-content\/uploads\/2024\/10\/12Szeretheto-768x768.jpg 768w\" sizes=\"(max-width: 800px) 100vw, 800px\" \/>\t\t\t\t\t\t\t\t\t\t\t\t\t\t\t<\/div>\n\t\t\t\t<\/div>\n\t\t\t\t<\/div>\n\t\t<div class=\"elementor-element elementor-element-173e9653 e-con-full e-flex e-con e-child\" data-id=\"173e9653\" data-element_type=\"container\" data-e-type=\"container\">\n\t\t\t\t<div class=\"elementor-element elementor-element-759d363f elementor-widget elementor-widget-heading\" data-id=\"759d363f\" data-element_type=\"widget\" data-e-type=\"widget\" data-widget_type=\"heading.default\">\n\t\t\t\t<div class=\"elementor-widget-container\">\n\t\t\t\t\t<h1 class=\"elementor-heading-title elementor-size-default\">The lovable investor<\/h1>\t\t\t\t<\/div>\n\t\t\t\t<\/div>\n\t\t\t\t<div class=\"elementor-element elementor-element-7ce663af elementor-widget elementor-widget-text-editor\" data-id=\"7ce663af\" data-element_type=\"widget\" data-e-type=\"widget\" data-widget_type=\"text-editor.default\">\n\t\t\t\t<div class=\"elementor-widget-container\">\n\t\t\t\t\t\t\t\t\t<p>film script<\/p><p>2023<\/p><p>written by: Peter Kalm\u00e1r<\/p><p class=\"translation-block\">Oliver is from a good family, handsome, and a good economics graduate,\nHe is a young man from good family background, a good education and a good student. \nHis father immediately disowned him, but that didn't stop Olivier, \nfrom getting on the Th\u00e1lia bandwagon, but that was the problem, \nwas that the chariot got stuck in Ny\u00edregyh\u00e1za, where in a deserted actor's apartment \nliving the life of an assistant actor... Acting is not exactly what he imagined it to be, \nand his debts are sky high when an evening news report about the PEBA\n(Pan-European Investment Fund) - a huge multinational holding billions of euros\nowned by a multinational.<\/p><p>Oliver learns from the news that the new managing director of PEBA \nis his former high school classmate, Botond, a gruff, precise, obsequious, eager-to-please brat, so our hero decides to become his accomplice \nto carry out his plan, which is to get his father's attention: \nHe's become a good actor...<br \/>Oliver simply has no desire to be embarrassed in front of his father, \nand admit that he was right, and that he wants to do something like that, \n...to take him back, to make him believe, \nthat he's fit to be an actor - and pay off his debts, of course...<\/p>\t\t\t\t\t\t\t\t<\/div>\n\t\t\t\t<\/div>\n\t\t\t\t<\/div>\n\t\t\t\t\t<\/div>\n\t\t\t\t<\/div>\n\t\t\t\t<\/div>","protected":false},"excerpt":{"rendered":"<p>film forgat\u00f3k\u00f6nyv 2023 \u00edrta: Kalm\u00e1r P\u00e9ter Oliv\u00e9r egy j\u00f3 csal\u00e1db\u00f3l sz\u00e1rmaz\u00f3, j\u00f3k\u00e9p\u0171, \u00e9s a k\u00f6zgazdas\u00e1gi egyetemet j\u00f3l otthagy\u00f3, majd sz\u00edn\u00e9sznek felcsap\u00f3 fiatalember. Apja r\u00f6gvest ki is tagadta ez\u00e9rt, de Oliv\u00e9rt ez sem g\u00e1tolta meg abban, hogy fel\u00fclj\u00f6n Th\u00e1lia szeker\u00e9re, csak az a b\u00f6kken\u0151, hogy a szek\u00e9r elakadt Ny\u00edregyh\u00e1z\u00e1n, ahol egy kietlen sz\u00edn\u00e9szlak\u00e1sban tengeti seg\u00e9dsz\u00edn\u00e9sz \u00e9let\u00e9t&#8230; [&hellip;]<\/p>","protected":false},"author":1,"featured_media":0,"parent":0,"menu_order":0,"comment_status":"closed","ping_status":"closed","template":"","meta":{"_seopress_robots_primary_cat":"","_seopress_titles_title":"","_seopress_titles_desc":"","_seopress_robots_index":"","footnotes":""},"class_list":["post-2703","page","type-page","status-publish","hentry"],"_links":{"self":[{"href":"https:\/\/kalmarpeter.com\/en\/wp-json\/wp\/v2\/pages\/2703","targetHints":{"allow":["GET"]}}],"collection":[{"href":"https:\/\/kalmarpeter.com\/en\/wp-json\/wp\/v2\/pages"}],"about":[{"href":"https:\/\/kalmarpeter.com\/en\/wp-json\/wp\/v2\/types\/page"}],"author":[{"embeddable":true,"href":"https:\/\/kalmarpeter.com\/en\/wp-json\/wp\/v2\/users\/1"}],"replies":[{"embeddable":true,"href":"https:\/\/kalmarpeter.com\/en\/wp-json\/wp\/v2\/comments?post=2703"}],"version-history":[{"count":4,"href":"https:\/\/kalmarpeter.com\/en\/wp-json\/wp\/v2\/pages\/2703\/revisions"}],"predecessor-version":[{"id":2710,"href":"https:\/\/kalmarpeter.com\/en\/wp-json\/wp\/v2\/pages\/2703\/revisions\/2710"}],"wp:attachment":[{"href":"https:\/\/kalmarpeter.com\/en\/wp-json\/wp\/v2\/media?parent=2703"}],"curies":[{"name":"wp","href":"https:\/\/api.w.org\/{rel}","templated":true}]}}