{"id":2714,"date":"2024-10-16T23:16:20","date_gmt":"2024-10-16T21:16:20","guid":{"rendered":"https:\/\/kalmarpeter.com\/?page_id=2714"},"modified":"2024-10-16T23:19:11","modified_gmt":"2024-10-16T21:19:11","slug":"king-of-broadway","status":"publish","type":"page","link":"https:\/\/kalmarpeter.com\/en\/king-of-broadway\/","title":{"rendered":"King of Broadway"},"content":{"rendered":"<div data-elementor-type=\"wp-page\" data-elementor-id=\"2714\" class=\"elementor elementor-2714\" data-elementor-post-type=\"page\">\n\t\t\t\t<div class=\"elementor-element elementor-element-5dab6c22 e-flex e-con-boxed e-con e-parent\" data-id=\"5dab6c22\" data-element_type=\"container\" data-e-type=\"container\">\n\t\t\t\t\t<div class=\"e-con-inner\">\n\t\t<div class=\"elementor-element elementor-element-2f1bdcd1 e-con-full e-flex e-con e-child\" data-id=\"2f1bdcd1\" data-element_type=\"container\" data-e-type=\"container\">\n\t\t\t\t<div class=\"elementor-element elementor-element-212e30d0 elementor-widget elementor-widget-image\" data-id=\"212e30d0\" data-element_type=\"widget\" data-e-type=\"widget\" data-widget_type=\"image.default\">\n\t\t\t\t<div class=\"elementor-widget-container\">\n\t\t\t\t\t\t\t\t\t\t\t\t\t\t\t<img fetchpriority=\"high\" decoding=\"async\" width=\"800\" height=\"800\" src=\"https:\/\/kalmarpeter.com\/wp-content\/uploads\/2024\/10\/6Hal-Prince.jpg\" class=\"attachment-large size-large wp-image-698\" alt=\"\" srcset=\"https:\/\/kalmarpeter.com\/wp-content\/uploads\/2024\/10\/6Hal-Prince.jpg 1000w, https:\/\/kalmarpeter.com\/wp-content\/uploads\/2024\/10\/6Hal-Prince-300x300.jpg 300w, https:\/\/kalmarpeter.com\/wp-content\/uploads\/2024\/10\/6Hal-Prince-150x150.jpg 150w, https:\/\/kalmarpeter.com\/wp-content\/uploads\/2024\/10\/6Hal-Prince-768x768.jpg 768w\" sizes=\"(max-width: 800px) 100vw, 800px\" \/>\t\t\t\t\t\t\t\t\t\t\t\t\t\t\t<\/div>\n\t\t\t\t<\/div>\n\t\t\t\t<\/div>\n\t\t<div class=\"elementor-element elementor-element-51cef6d8 e-con-full e-flex e-con e-child\" data-id=\"51cef6d8\" data-element_type=\"container\" data-e-type=\"container\">\n\t\t\t\t<div class=\"elementor-element elementor-element-37fcdbc2 elementor-widget elementor-widget-heading\" data-id=\"37fcdbc2\" data-element_type=\"widget\" data-e-type=\"widget\" data-widget_type=\"heading.default\">\n\t\t\t\t<div class=\"elementor-widget-container\">\n\t\t\t\t\t<h1 class=\"elementor-heading-title elementor-size-default\">King of Broadway<\/h1>\t\t\t\t<\/div>\n\t\t\t\t<\/div>\n\t\t\t\t<div class=\"elementor-element elementor-element-44c5d460 elementor-widget elementor-widget-text-editor\" data-id=\"44c5d460\" data-element_type=\"widget\" data-e-type=\"widget\" data-widget_type=\"text-editor.default\">\n\t\t\t\t<div class=\"elementor-widget-container\">\n\t\t\t\t\t\t\t\t\t<p>\u2013 Harold Prince in Budapest \u2013<\/p><p>MTV<br \/>2005<\/p><p>Producer-Director:<br \/>Kalm\u00e1r P\u00e9ter<\/p><p>Cinematographer: Farkas Csaba<\/p><p>Reporter: M\u00e1rton Andr\u00e1s<\/p><p>Contributors:<br \/>Harold Prince<\/p><p>And also:<\/p><p>Farkas G\u00e1bor &#8222;G\u00e1briel&#8221;<br \/>Berkes Gabriella<br \/>Dorogi Barbara<br \/>B\u00edr\u00f3 Eszter<br \/>Borb\u00e9ly L\u00e1szl\u00f3<br \/>M\u00e1ga Zolt\u00e1n and his band<\/p>\t\t\t\t\t\t\t\t<\/div>\n\t\t\t\t<\/div>\n\t\t\t\t<\/div>\n\t\t\t\t\t<\/div>\n\t\t\t\t<\/div>\n\t\t<div class=\"elementor-element elementor-element-35fd1093 e-flex e-con-boxed e-con e-parent\" data-id=\"35fd1093\" data-element_type=\"container\" data-e-type=\"container\">\n\t\t\t\t\t<div class=\"e-con-inner\">\n\t\t\t\t<div class=\"elementor-element elementor-element-587e2f5d e-n-tabs-none elementor-widget elementor-widget-n-tabs\" data-id=\"587e2f5d\" data-element_type=\"widget\" data-e-type=\"widget\" data-settings=\"{&quot;tabs_justify_horizontal&quot;:&quot;stretch&quot;,&quot;tabs_justify_horizontal_tablet&quot;:&quot;stretch&quot;,&quot;tabs_justify_horizontal_mobile&quot;:&quot;stretch&quot;,&quot;horizontal_scroll&quot;:&quot;disable&quot;}\" data-widget_type=\"nested-tabs.default\">\n\t\t\t\t<div class=\"elementor-widget-container\">\n\t\t\t\t\t\t\t<div class=\"e-n-tabs\" data-widget-number=\"1484664669\" aria-label=\"Tabs. Open items with Enter or Space, close with Escape and navigate using the Arrow keys.\" data-no-translation-aria-label=\"\">\n\t\t\t<div class=\"e-n-tabs-heading\" role=\"tablist\">\n\t\t\t\t\t<button id=\"e-n-tab-title-14846646691\" data-tab-title-id=\"e-n-tab-title-14846646691\" class=\"e-n-tab-title\" aria-selected=\"true\" data-tab-index=\"1\" role=\"tab\" tabindex=\"0\" aria-controls=\"e-n-tab-content-14846646691\" style=\"--n-tabs-title-order: 1;\">\n\t\t\t\t\t\t<span class=\"e-n-tab-title-text\">\n\t\t\t\tVideo Trailer\t\t\t<\/span>\n\t\t<\/button>\n\t\t\t\t<button id=\"e-n-tab-title-14846646692\" data-tab-title-id=\"e-n-tab-title-14846646692\" class=\"e-n-tab-title\" aria-selected=\"false\" data-tab-index=\"2\" role=\"tab\" tabindex=\"-1\" aria-controls=\"e-n-tab-content-14846646692\" style=\"--n-tabs-title-order: 2;\">\n\t\t\t\t\t\t<span class=\"e-n-tab-title-text\">\n\t\t\t\tFull Program\t\t\t<\/span>\n\t\t<\/button>\n\t\t\t\t\t<\/div>\n\t\t\t<div class=\"e-n-tabs-content\">\n\t\t\t\t<div id=\"e-n-tab-content-14846646691\" role=\"tabpanel\" aria-labelledby=\"e-n-tab-title-14846646691\" data-tab-index=\"1\" style=\"--n-tabs-title-order: 1;\" class=\"e-active elementor-element elementor-element-61f54e37 e-con-full e-flex e-con e-child\" data-id=\"61f54e37\" data-element_type=\"container\" data-e-type=\"container\">\n\t\t\t\t<div class=\"elementor-element elementor-element-5dc8b733 elementor-widget__width-initial elementor-widget elementor-widget-video\" data-id=\"5dc8b733\" data-element_type=\"widget\" data-e-type=\"widget\" data-settings=\"{&quot;youtube_url&quot;:&quot;https:\\\/\\\/youtu.be\\\/5l0l94s60Qk&quot;,&quot;video_type&quot;:&quot;youtube&quot;,&quot;controls&quot;:&quot;yes&quot;}\" data-widget_type=\"video.default\">\n\t\t\t\t<div class=\"elementor-widget-container\">\n\t\t\t\t\t\t\t<div class=\"elementor-wrapper elementor-open-inline\">\n\t\t\t<div class=\"elementor-video\"><\/div>\t\t<\/div>\n\t\t\t\t\t\t<\/div>\n\t\t\t\t<\/div>\n\t\t\t\t<\/div>\n\t\t<div id=\"e-n-tab-content-14846646692\" role=\"tabpanel\" aria-labelledby=\"e-n-tab-title-14846646692\" data-tab-index=\"2\" style=\"--n-tabs-title-order: 2;\" class=\"elementor-element elementor-element-75f78287 e-con-full e-flex e-con e-child\" data-id=\"75f78287\" data-element_type=\"container\" data-e-type=\"container\">\n\t\t\t\t<div class=\"elementor-element elementor-element-48538d88 elementor-widget__width-initial elementor-widget elementor-widget-video\" data-id=\"48538d88\" data-element_type=\"widget\" data-e-type=\"widget\" data-settings=\"{&quot;youtube_url&quot;:&quot;https:\\\/\\\/youtu.be\\\/HPqIX8vz524&quot;,&quot;video_type&quot;:&quot;youtube&quot;,&quot;controls&quot;:&quot;yes&quot;}\" data-widget_type=\"video.default\">\n\t\t\t\t<div class=\"elementor-widget-container\">\n\t\t\t\t\t\t\t<div class=\"elementor-wrapper elementor-open-inline\">\n\t\t\t<div class=\"elementor-video\"><\/div>\t\t<\/div>\n\t\t\t\t\t\t<\/div>\n\t\t\t\t<\/div>\n\t\t\t\t<\/div>\n\t\t\t\t\t<\/div>\n\t\t<\/div>\n\t\t\t\t\t\t<\/div>\n\t\t\t\t<\/div>\n\t\t\t\t\t<\/div>\n\t\t\t\t<\/div>\n\t\t\t\t<\/div>","protected":false},"excerpt":{"rendered":"<p>&#8211; Harold Prince Budapesten \u2013 MTV2005 producer-rendez\u0151:Kalm\u00e1r P\u00e9ter operat\u0151r: Farkas Csaba riporter: M\u00e1rton Andr\u00e1s k\u00f6zrem\u0171k\u00f6d\u00f6tt:Harold Prince valamint Farkas G\u00e1bor &#8222;G\u00e1briel&#8221;Berkes GabriellaDorogi BarbaraB\u00edr\u00f3 EszterBorb\u00e9ly L\u00e1szl\u00f3M\u00e1ga Zolt\u00e1n \u00e9s zenekara Vide\u00f3 trailer teljes m\u0171sor https:\/\/youtu.be\/5l0l94s60Qkhttps:\/\/youtu.be\/HPqIX8vz524<\/p>","protected":false},"author":1,"featured_media":0,"parent":0,"menu_order":0,"comment_status":"closed","ping_status":"closed","template":"","meta":{"_seopress_robots_primary_cat":"","_seopress_titles_title":"","_seopress_titles_desc":"","_seopress_robots_index":"","footnotes":""},"class_list":["post-2714","page","type-page","status-publish","hentry"],"_links":{"self":[{"href":"https:\/\/kalmarpeter.com\/en\/wp-json\/wp\/v2\/pages\/2714","targetHints":{"allow":["GET"]}}],"collection":[{"href":"https:\/\/kalmarpeter.com\/en\/wp-json\/wp\/v2\/pages"}],"about":[{"href":"https:\/\/kalmarpeter.com\/en\/wp-json\/wp\/v2\/types\/page"}],"author":[{"embeddable":true,"href":"https:\/\/kalmarpeter.com\/en\/wp-json\/wp\/v2\/users\/1"}],"replies":[{"embeddable":true,"href":"https:\/\/kalmarpeter.com\/en\/wp-json\/wp\/v2\/comments?post=2714"}],"version-history":[{"count":4,"href":"https:\/\/kalmarpeter.com\/en\/wp-json\/wp\/v2\/pages\/2714\/revisions"}],"predecessor-version":[{"id":2721,"href":"https:\/\/kalmarpeter.com\/en\/wp-json\/wp\/v2\/pages\/2714\/revisions\/2721"}],"wp:attachment":[{"href":"https:\/\/kalmarpeter.com\/en\/wp-json\/wp\/v2\/media?parent=2714"}],"curies":[{"name":"wp","href":"https:\/\/api.w.org\/{rel}","templated":true}]}}