{"id":2728,"date":"2024-10-16T23:20:12","date_gmt":"2024-10-16T21:20:12","guid":{"rendered":"https:\/\/kalmarpeter.com\/?page_id=2728"},"modified":"2024-10-16T23:21:56","modified_gmt":"2024-10-16T21:21:56","slug":"class-reunion","status":"publish","type":"page","link":"https:\/\/kalmarpeter.com\/en\/class-reunion\/","title":{"rendered":"Class reunion"},"content":{"rendered":"<div data-elementor-type=\"wp-page\" data-elementor-id=\"2728\" class=\"elementor elementor-2728\" data-elementor-post-type=\"page\">\n\t\t\t\t<div class=\"elementor-element elementor-element-9f6c11c e-flex e-con-boxed e-con e-parent\" data-id=\"9f6c11c\" data-element_type=\"container\" data-e-type=\"container\">\n\t\t\t\t\t<div class=\"e-con-inner\">\n\t\t<div class=\"elementor-element elementor-element-5472d695 e-con-full e-flex e-con e-child\" data-id=\"5472d695\" data-element_type=\"container\" data-e-type=\"container\">\n\t\t\t\t<div class=\"elementor-element elementor-element-72b3b0bb e-n-tabs-none elementor-widget elementor-widget-n-tabs\" data-id=\"72b3b0bb\" data-element_type=\"widget\" data-e-type=\"widget\" data-settings=\"{&quot;tabs_justify_horizontal&quot;:&quot;stretch&quot;,&quot;tabs_justify_horizontal_tablet&quot;:&quot;stretch&quot;,&quot;tabs_justify_horizontal_mobile&quot;:&quot;stretch&quot;,&quot;horizontal_scroll&quot;:&quot;disable&quot;}\" data-widget_type=\"nested-tabs.default\">\n\t\t\t\t<div class=\"elementor-widget-container\">\n\t\t\t\t\t\t\t<div class=\"e-n-tabs\" data-widget-number=\"1924378811\" aria-label=\"Tabs. Open items with Enter or Space, close with Escape and navigate using the Arrow keys.\" data-no-translation-aria-label=\"\">\n\t\t\t<div class=\"e-n-tabs-heading\" role=\"tablist\">\n\t\t\t\t\t<button id=\"e-n-tab-title-19243788111\" data-tab-title-id=\"e-n-tab-title-19243788111\" class=\"e-n-tab-title\" aria-selected=\"true\" data-tab-index=\"1\" role=\"tab\" tabindex=\"0\" aria-controls=\"e-n-tab-content-19243788111\" style=\"--n-tabs-title-order: 1;\">\n\t\t\t\t\t\t<span class=\"e-n-tab-title-text\">\n\t\t\t\tFull Documentary Film\t\t\t<\/span>\n\t\t<\/button>\n\t\t\t\t\t<\/div>\n\t\t\t<div class=\"e-n-tabs-content\">\n\t\t\t\t<div id=\"e-n-tab-content-19243788111\" role=\"tabpanel\" aria-labelledby=\"e-n-tab-title-19243788111\" data-tab-index=\"1\" style=\"--n-tabs-title-order: 1;\" class=\"e-active elementor-element elementor-element-3731d6be e-con-full e-flex e-con e-child\" data-id=\"3731d6be\" data-element_type=\"container\" data-e-type=\"container\">\n\t\t\t\t<div class=\"elementor-element elementor-element-7ae262bc elementor-widget__width-initial elementor-widget elementor-widget-video\" data-id=\"7ae262bc\" data-element_type=\"widget\" data-e-type=\"widget\" data-settings=\"{&quot;youtube_url&quot;:&quot;https:\\\/\\\/youtu.be\\\/sAN6QRU4G2Q&quot;,&quot;video_type&quot;:&quot;youtube&quot;,&quot;controls&quot;:&quot;yes&quot;}\" data-widget_type=\"video.default\">\n\t\t\t\t<div class=\"elementor-widget-container\">\n\t\t\t\t\t\t\t<div class=\"elementor-wrapper elementor-open-inline\">\n\t\t\t<div class=\"elementor-video\"><\/div>\t\t<\/div>\n\t\t\t\t\t\t<\/div>\n\t\t\t\t<\/div>\n\t\t\t\t<\/div>\n\t\t\t\t\t<\/div>\n\t\t<\/div>\n\t\t\t\t\t\t<\/div>\n\t\t\t\t<\/div>\n\t\t\t\t<\/div>\n\t\t<div class=\"elementor-element elementor-element-25d9c496 e-con-full e-flex e-con e-child\" data-id=\"25d9c496\" data-element_type=\"container\" data-e-type=\"container\">\n\t\t\t\t<div class=\"elementor-element elementor-element-49fa8c90 elementor-widget elementor-widget-heading\" data-id=\"49fa8c90\" data-element_type=\"widget\" data-e-type=\"widget\" data-widget_type=\"heading.default\">\n\t\t\t\t<div class=\"elementor-widget-container\">\n\t\t\t\t\t<h1 class=\"elementor-heading-title elementor-size-default\">Class reunion<\/h1>\t\t\t\t<\/div>\n\t\t\t\t<\/div>\n\t\t\t\t<div class=\"elementor-element elementor-element-47a54b20 elementor-widget elementor-widget-text-editor\" data-id=\"47a54b20\" data-element_type=\"widget\" data-e-type=\"widget\" data-widget_type=\"text-editor.default\">\n\t\t\t\t<div class=\"elementor-widget-container\">\n\t\t\t\t\t\t\t\t\t<p>MTV - Studio of Young Artists<\/p><p>Editor-Director:<br \/>Kalm\u00e1r P\u00e9ter<\/p><p>Cinematographers:<br \/>P\u00e9nzes Istv\u00e1n, Bornyi Gyula<\/p><p>Contributors:<br \/>Bacs\u00f3 P\u00e9ter<br \/>G\u00e1lv\u00f6lgyi J\u00e1nos<br \/>Szinet\u00e1r Mikl\u00f3s<br \/>Verebes Istv\u00e1n<br \/>Pitti Katalin<br \/>Kir\u00e1lyhegyi P\u00e1l<br \/>Szakonyi K\u00e1roly<br \/>Vas Zolt\u00e1n<br \/>Szegv\u00e1ri Katalin<br \/>Gallai P\u00e9ter<\/p>\t\t\t\t\t\t\t\t<\/div>\n\t\t\t\t<\/div>\n\t\t\t\t<\/div>\n\t\t\t\t\t<\/div>\n\t\t\t\t<\/div>\n\t\t\t\t<\/div>","protected":false},"excerpt":{"rendered":"<p>Teljes dokumentumfilm https:\/\/youtu.be\/sAN6QRU4G2Q MTV &#8211; Fiatal M\u0171v\u00e9szek St\u00fadi\u00f3ja szerkeszt\u0151-rendez\u0151:Kalm\u00e1r P\u00e9ter operat\u0151r:P\u00e9nzes Istv\u00e1n, Bornyi Gyula k\u00f6zrem\u0171k\u00f6d\u00f6tt:Bacs\u00f3 P\u00e9terG\u00e1lv\u00f6lgyi J\u00e1nosSzinet\u00e1r Mikl\u00f3sVerebes Istv\u00e1nPitti KatalinKir\u00e1lyhegyi P\u00e1lSzakonyi K\u00e1rolyVas Zolt\u00e1nSzegv\u00e1ri KatalinGallai P\u00e9ter<\/p>","protected":false},"author":1,"featured_media":0,"parent":0,"menu_order":0,"comment_status":"closed","ping_status":"closed","template":"","meta":{"_seopress_robots_primary_cat":"","_seopress_titles_title":"","_seopress_titles_desc":"","_seopress_robots_index":"","footnotes":""},"class_list":["post-2728","page","type-page","status-publish","hentry"],"_links":{"self":[{"href":"https:\/\/kalmarpeter.com\/en\/wp-json\/wp\/v2\/pages\/2728","targetHints":{"allow":["GET"]}}],"collection":[{"href":"https:\/\/kalmarpeter.com\/en\/wp-json\/wp\/v2\/pages"}],"about":[{"href":"https:\/\/kalmarpeter.com\/en\/wp-json\/wp\/v2\/types\/page"}],"author":[{"embeddable":true,"href":"https:\/\/kalmarpeter.com\/en\/wp-json\/wp\/v2\/users\/1"}],"replies":[{"embeddable":true,"href":"https:\/\/kalmarpeter.com\/en\/wp-json\/wp\/v2\/comments?post=2728"}],"version-history":[{"count":4,"href":"https:\/\/kalmarpeter.com\/en\/wp-json\/wp\/v2\/pages\/2728\/revisions"}],"predecessor-version":[{"id":2735,"href":"https:\/\/kalmarpeter.com\/en\/wp-json\/wp\/v2\/pages\/2728\/revisions\/2735"}],"wp:attachment":[{"href":"https:\/\/kalmarpeter.com\/en\/wp-json\/wp\/v2\/media?parent=2728"}],"curies":[{"name":"wp","href":"https:\/\/api.w.org\/{rel}","templated":true}]}}