{"id":2736,"date":"2024-10-16T23:22:25","date_gmt":"2024-10-16T21:22:25","guid":{"rendered":"https:\/\/kalmarpeter.com\/?page_id=2736"},"modified":"2024-10-18T15:19:31","modified_gmt":"2024-10-18T13:19:31","slug":"paudits-show","status":"publish","type":"page","link":"https:\/\/kalmarpeter.com\/en\/paudits-show\/","title":{"rendered":"Paudits show"},"content":{"rendered":"<div data-elementor-type=\"wp-page\" data-elementor-id=\"2736\" class=\"elementor elementor-2736\" data-elementor-post-type=\"page\">\n\t\t\t\t<div class=\"elementor-element elementor-element-1e392bc e-flex e-con-boxed e-con e-parent\" data-id=\"1e392bc\" data-element_type=\"container\" data-e-type=\"container\">\n\t\t\t\t\t<div class=\"e-con-inner\">\n\t\t<div class=\"elementor-element elementor-element-2071dead e-con-full e-flex e-con e-child\" data-id=\"2071dead\" data-element_type=\"container\" data-e-type=\"container\">\n\t\t\t\t<div class=\"elementor-element elementor-element-5c3705a9 elementor-widget elementor-widget-image\" data-id=\"5c3705a9\" data-element_type=\"widget\" data-e-type=\"widget\" data-widget_type=\"image.default\">\n\t\t\t\t<div class=\"elementor-widget-container\">\n\t\t\t\t\t\t\t\t\t\t\t\t\t\t\t<img fetchpriority=\"high\" decoding=\"async\" width=\"800\" height=\"499\" src=\"https:\/\/kalmarpeter.com\/wp-content\/uploads\/2024\/10\/Paudits-oldal-teteje-1024x639.jpg\" class=\"attachment-large size-large wp-image-2741\" alt=\"\" srcset=\"https:\/\/kalmarpeter.com\/wp-content\/uploads\/2024\/10\/Paudits-oldal-teteje-1024x639.jpg 1024w, https:\/\/kalmarpeter.com\/wp-content\/uploads\/2024\/10\/Paudits-oldal-teteje-300x187.jpg 300w, https:\/\/kalmarpeter.com\/wp-content\/uploads\/2024\/10\/Paudits-oldal-teteje-768x479.jpg 768w, https:\/\/kalmarpeter.com\/wp-content\/uploads\/2024\/10\/Paudits-oldal-teteje-1536x958.jpg 1536w, https:\/\/kalmarpeter.com\/wp-content\/uploads\/2024\/10\/Paudits-oldal-teteje.jpg 1600w\" sizes=\"(max-width: 800px) 100vw, 800px\" \/>\t\t\t\t\t\t\t\t\t\t\t\t\t\t\t<\/div>\n\t\t\t\t<\/div>\n\t\t\t\t<\/div>\n\t\t<div class=\"elementor-element elementor-element-796e7fde e-con-full e-flex e-con e-child\" data-id=\"796e7fde\" data-element_type=\"container\" data-e-type=\"container\">\n\t\t\t\t<div class=\"elementor-element elementor-element-6173d009 elementor-widget elementor-widget-heading\" data-id=\"6173d009\" data-element_type=\"widget\" data-e-type=\"widget\" data-widget_type=\"heading.default\">\n\t\t\t\t<div class=\"elementor-widget-container\">\n\t\t\t\t\t<h1 class=\"elementor-heading-title elementor-size-default\">Paudits show<\/h1>\t\t\t\t<\/div>\n\t\t\t\t<\/div>\n\t\t\t\t<div class=\"elementor-element elementor-element-1f6e299e elementor-widget elementor-widget-text-editor\" data-id=\"1f6e299e\" data-element_type=\"widget\" data-e-type=\"widget\" data-widget_type=\"text-editor.default\">\n\t\t\t\t<div class=\"elementor-widget-container\">\n\t\t\t\t\t\t\t\t\t<p>HALLOD, TE L\u00d3?!<br \/><strong>&#8211; Paudits Show &#8211;<\/strong><br \/>MTV<\/p><p>Director: P\u00e9ter Kalm\u00e1r<\/p><p>Cinematographer: B. Marton Frigyes<\/p><p>Editor: Weber Bea<\/p><p>Music Director: Wolf P\u00e9ter<\/p><p>Producer: Felber Gy\u00f6rgy<\/p><p>Costume Design: K\u00f3nya Andr\u00e1s<\/p><p>Choreographer: Gajdos J\u00f3zsef<\/p><p>Contributors:<br \/>Paudits B\u00e9la<br \/>Hern\u00e1di Judit<br \/>Mik\u00f3 Istv\u00e1n<br \/>B\u00edr\u00f3 Krisztina<\/p>\t\t\t\t\t\t\t\t<\/div>\n\t\t\t\t<\/div>\n\t\t\t\t<\/div>\n\t\t\t\t\t<\/div>\n\t\t\t\t<\/div>\n\t\t<div class=\"elementor-element elementor-element-3e383ff3 e-flex e-con-boxed e-con e-parent\" data-id=\"3e383ff3\" data-element_type=\"container\" data-e-type=\"container\">\n\t\t\t\t\t<div class=\"e-con-inner\">\n\t\t\t\t<div class=\"elementor-element elementor-element-3f0c4f59 e-n-tabs-none elementor-widget elementor-widget-n-tabs\" data-id=\"3f0c4f59\" data-element_type=\"widget\" data-e-type=\"widget\" data-settings=\"{&quot;tabs_justify_horizontal&quot;:&quot;stretch&quot;,&quot;tabs_justify_horizontal_tablet&quot;:&quot;stretch&quot;,&quot;tabs_justify_horizontal_mobile&quot;:&quot;stretch&quot;,&quot;horizontal_scroll&quot;:&quot;disable&quot;}\" data-widget_type=\"nested-tabs.default\">\n\t\t\t\t<div class=\"elementor-widget-container\">\n\t\t\t\t\t\t\t<div class=\"e-n-tabs\" data-widget-number=\"1057771353\" aria-label=\"Tabs. Open items with Enter or Space, close with Escape and navigate using the Arrow keys.\">\n\t\t\t<div class=\"e-n-tabs-heading\" role=\"tablist\">\n\t\t\t\t\t<button id=\"e-n-tab-title-10577713531\" data-tab-title-id=\"e-n-tab-title-10577713531\" class=\"e-n-tab-title\" aria-selected=\"true\" data-tab-index=\"1\" role=\"tab\" tabindex=\"0\" aria-controls=\"e-n-tab-content-10577713531\" style=\"--n-tabs-title-order: 1;\">\n\t\t\t\t\t\t<span class=\"e-n-tab-title-text\">\n\t\t\t\tThe Full Show\t\t\t<\/span>\n\t\t<\/button>\n\t\t\t\t\t<\/div>\n\t\t\t<div class=\"e-n-tabs-content\">\n\t\t\t\t<div id=\"e-n-tab-content-10577713531\" role=\"tabpanel\" aria-labelledby=\"e-n-tab-title-10577713531\" data-tab-index=\"1\" style=\"--n-tabs-title-order: 1;\" class=\"e-active elementor-element elementor-element-8e65582 e-con-full e-flex e-con e-child\" data-id=\"8e65582\" data-element_type=\"container\" data-e-type=\"container\">\n\t\t\t\t<div class=\"elementor-element elementor-element-5b3925dd elementor-widget__width-initial elementor-widget elementor-widget-video\" data-id=\"5b3925dd\" data-element_type=\"widget\" data-e-type=\"widget\" data-settings=\"{&quot;youtube_url&quot;:&quot;https:\\\/\\\/youtu.be\\\/LwAyTYAesPQ&quot;,&quot;video_type&quot;:&quot;youtube&quot;,&quot;controls&quot;:&quot;yes&quot;}\" data-widget_type=\"video.default\">\n\t\t\t\t<div class=\"elementor-widget-container\">\n\t\t\t\t\t\t\t<div class=\"elementor-wrapper elementor-open-inline\">\n\t\t\t<div class=\"elementor-video\"><\/div>\t\t<\/div>\n\t\t\t\t\t\t<\/div>\n\t\t\t\t<\/div>\n\t\t\t\t<\/div>\n\t\t\t\t\t<\/div>\n\t\t<\/div>\n\t\t\t\t\t\t<\/div>\n\t\t\t\t<\/div>\n\t\t\t\t\t<\/div>\n\t\t\t\t<\/div>\n\t\t\t\t<\/div>","protected":false},"excerpt":{"rendered":"<p>HALLOD, TE L\u00d3?!&#8211; Paudits Show &#8211;MTV rendez\u0151: Kalm\u00e1r P\u00e9ter operat\u0151r: B. Marton Frigyes szerkeszt\u0151: Weber Bea zenei vezet\u0151: Wolf P\u00e9ter producer: Felber Gy\u00f6rgy jelmez: K\u00f3nya Andr\u00e1s koreogr\u00e1fus: Gajdos J\u00f3zsef k\u00f6zrem\u0171k\u00f6d\u00f6tt:Paudits B\u00e9laHern\u00e1di JuditMik\u00f3 Istv\u00e1nB\u00edr\u00f3 Krisztina A teljes show<\/p>","protected":false},"author":1,"featured_media":0,"parent":0,"menu_order":0,"comment_status":"closed","ping_status":"closed","template":"","meta":{"_seopress_robots_primary_cat":"","_seopress_titles_title":"","_seopress_titles_desc":"","_seopress_robots_index":"","footnotes":""},"class_list":["post-2736","page","type-page","status-publish","hentry"],"_links":{"self":[{"href":"https:\/\/kalmarpeter.com\/en\/wp-json\/wp\/v2\/pages\/2736","targetHints":{"allow":["GET"]}}],"collection":[{"href":"https:\/\/kalmarpeter.com\/en\/wp-json\/wp\/v2\/pages"}],"about":[{"href":"https:\/\/kalmarpeter.com\/en\/wp-json\/wp\/v2\/types\/page"}],"author":[{"embeddable":true,"href":"https:\/\/kalmarpeter.com\/en\/wp-json\/wp\/v2\/users\/1"}],"replies":[{"embeddable":true,"href":"https:\/\/kalmarpeter.com\/en\/wp-json\/wp\/v2\/comments?post=2736"}],"version-history":[{"count":5,"href":"https:\/\/kalmarpeter.com\/en\/wp-json\/wp\/v2\/pages\/2736\/revisions"}],"predecessor-version":[{"id":3142,"href":"https:\/\/kalmarpeter.com\/en\/wp-json\/wp\/v2\/pages\/2736\/revisions\/3142"}],"wp:attachment":[{"href":"https:\/\/kalmarpeter.com\/en\/wp-json\/wp\/v2\/media?parent=2736"}],"curies":[{"name":"wp","href":"https:\/\/api.w.org\/{rel}","templated":true}]}}