{"id":2759,"date":"2024-10-16T23:29:51","date_gmt":"2024-10-16T21:29:51","guid":{"rendered":"https:\/\/kalmarpeter.com\/?page_id=2759"},"modified":"2024-10-17T11:21:00","modified_gmt":"2024-10-17T09:21:00","slug":"the-dog-whose-name-was-mr-bozzi","status":"publish","type":"page","link":"https:\/\/kalmarpeter.com\/en\/the-dog-whose-name-was-mr-bozzi\/","title":{"rendered":"The dog whose name was Mr Bozzi"},"content":{"rendered":"<div data-elementor-type=\"wp-page\" data-elementor-id=\"2759\" class=\"elementor elementor-2759\" data-elementor-post-type=\"page\">\n\t\t\t\t<div class=\"elementor-element elementor-element-7b54b57 e-flex e-con-boxed e-con e-parent\" data-id=\"7b54b57\" data-element_type=\"container\" data-e-type=\"container\">\n\t\t\t\t\t<div class=\"e-con-inner\">\n\t\t<div class=\"elementor-element elementor-element-72c49060 e-con-full e-flex e-con e-child\" data-id=\"72c49060\" data-element_type=\"container\" data-e-type=\"container\">\n\t\t\t\t<div class=\"elementor-element elementor-element-7e8d3985 elementor-widget elementor-widget-image\" data-id=\"7e8d3985\" data-element_type=\"widget\" data-e-type=\"widget\" data-widget_type=\"image.default\">\n\t\t\t\t<div class=\"elementor-widget-container\">\n\t\t\t\t\t\t\t\t\t\t\t\t\t\t\t<img fetchpriority=\"high\" decoding=\"async\" width=\"800\" height=\"800\" src=\"https:\/\/kalmarpeter.com\/wp-content\/uploads\/2024\/10\/Bozzi-2.jpg\" class=\"attachment-large size-large wp-image-929\" alt=\"\" srcset=\"https:\/\/kalmarpeter.com\/wp-content\/uploads\/2024\/10\/Bozzi-2.jpg 1000w, https:\/\/kalmarpeter.com\/wp-content\/uploads\/2024\/10\/Bozzi-2-300x300.jpg 300w, https:\/\/kalmarpeter.com\/wp-content\/uploads\/2024\/10\/Bozzi-2-150x150.jpg 150w, https:\/\/kalmarpeter.com\/wp-content\/uploads\/2024\/10\/Bozzi-2-768x768.jpg 768w\" sizes=\"(max-width: 800px) 100vw, 800px\" \/>\t\t\t\t\t\t\t\t\t\t\t\t\t\t\t<\/div>\n\t\t\t\t<\/div>\n\t\t\t\t<\/div>\n\t\t<div class=\"elementor-element elementor-element-4e9b7df9 e-con-full e-flex e-con e-child\" data-id=\"4e9b7df9\" data-element_type=\"container\" data-e-type=\"container\">\n\t\t\t\t<div class=\"elementor-element elementor-element-6d6f7541 elementor-widget elementor-widget-heading\" data-id=\"6d6f7541\" data-element_type=\"widget\" data-e-type=\"widget\" data-widget_type=\"heading.default\">\n\t\t\t\t<div class=\"elementor-widget-container\">\n\t\t\t\t\t<h1 class=\"elementor-heading-title elementor-size-default\">The dog whose name was Mr Bozzi<\/h1>\t\t\t\t<\/div>\n\t\t\t\t<\/div>\n\t\t\t\t<div class=\"elementor-element elementor-element-16be4af elementor-widget elementor-widget-text-editor\" data-id=\"16be4af\" data-element_type=\"widget\" data-e-type=\"widget\" data-widget_type=\"text-editor.default\">\n\t\t\t\t<div class=\"elementor-widget-container\">\n\t\t\t\t\t\t\t\t\t<p>F\u00e9nyes - G.D\u00e9nes - B\u00e9kefi:<br \/><strong>The dog whose name was Mr Bozzi<\/strong><\/p><p>1976<br \/>Budapest Operetta Theatre<\/p><p>directed by: L\u00e1szl\u00f3 V\u00e1mos<\/p><p>Zolt\u00e1n Latinovits - in the last role of his life - and<br \/>P\u00e9ter Kert\u00e9sz, Frigyes Hars\u00e1nyi, Kata Csongr\u00e1di, <br \/>Zolt\u00e1n Benk\u00f3czi, S\u00e1ndor Suka,<br \/>and child actors Kriszti\u00e1n Kov\u00e1cs and Dani Lad\u00e1nyi<\/p><p>Gioco, child actor: P\u00e9ter Kalm\u00e1r<\/p>\t\t\t\t\t\t\t\t<\/div>\n\t\t\t\t<\/div>\n\t\t\t\t<\/div>\n\t\t\t\t\t<\/div>\n\t\t\t\t<\/div>\n\t\t\t\t<\/div>","protected":false},"excerpt":{"rendered":"<p>F\u00e9nyes &#8211; G.D\u00e9nes &#8211; B\u00e9kefi:A kutya, akit Bozzi \u00farnak h\u00edvtak 1976F\u0151v\u00e1rosi Operett Sz\u00ednh\u00e1z rendezte: V\u00e1mos L\u00e1szl\u00f3 Latinovits Zolt\u00e1n &#8211; \u00e9lete utols\u00f3 szerep\u00e9ben \u2013 valamintKert\u00e9sz P\u00e9ter, Hars\u00e1nyi Frigyes, Csongr\u00e1di Kata, Benk\u00f3czi Zolt\u00e1n, Suka S\u00e1ndor,\u00e9s a gyereksz\u00edn\u00e9sz Kov\u00e1cs Kriszti\u00e1n \u00e9s Lad\u00e1nyi Dani mellett Gioco, gyerekszerepl\u0151: Kalm\u00e1r P\u00e9ter<\/p>","protected":false},"author":1,"featured_media":0,"parent":0,"menu_order":0,"comment_status":"closed","ping_status":"closed","template":"","meta":{"_seopress_robots_primary_cat":"","_seopress_titles_title":"","_seopress_titles_desc":"","_seopress_robots_index":"","footnotes":""},"class_list":["post-2759","page","type-page","status-publish","hentry"],"_links":{"self":[{"href":"https:\/\/kalmarpeter.com\/en\/wp-json\/wp\/v2\/pages\/2759","targetHints":{"allow":["GET"]}}],"collection":[{"href":"https:\/\/kalmarpeter.com\/en\/wp-json\/wp\/v2\/pages"}],"about":[{"href":"https:\/\/kalmarpeter.com\/en\/wp-json\/wp\/v2\/types\/page"}],"author":[{"embeddable":true,"href":"https:\/\/kalmarpeter.com\/en\/wp-json\/wp\/v2\/users\/1"}],"replies":[{"embeddable":true,"href":"https:\/\/kalmarpeter.com\/en\/wp-json\/wp\/v2\/comments?post=2759"}],"version-history":[{"count":5,"href":"https:\/\/kalmarpeter.com\/en\/wp-json\/wp\/v2\/pages\/2759\/revisions"}],"predecessor-version":[{"id":2911,"href":"https:\/\/kalmarpeter.com\/en\/wp-json\/wp\/v2\/pages\/2759\/revisions\/2911"}],"wp:attachment":[{"href":"https:\/\/kalmarpeter.com\/en\/wp-json\/wp\/v2\/media?parent=2759"}],"curies":[{"name":"wp","href":"https:\/\/api.w.org\/{rel}","templated":true}]}}