{"id":2776,"date":"2024-10-16T23:38:42","date_gmt":"2024-10-16T21:38:42","guid":{"rendered":"https:\/\/kalmarpeter.com\/?page_id=2776"},"modified":"2024-10-16T23:39:31","modified_gmt":"2024-10-16T21:39:31","slug":"mizantrop","status":"publish","type":"page","link":"https:\/\/kalmarpeter.com\/en\/mizantrop\/","title":{"rendered":"The Misanthrope"},"content":{"rendered":"<div data-elementor-type=\"wp-page\" data-elementor-id=\"2776\" class=\"elementor elementor-2776\" data-elementor-post-type=\"page\">\n\t\t\t\t<div class=\"elementor-element elementor-element-18d8737c e-flex e-con-boxed e-con e-parent\" data-id=\"18d8737c\" data-element_type=\"container\" data-e-type=\"container\">\n\t\t\t\t\t<div class=\"e-con-inner\">\n\t\t<div class=\"elementor-element elementor-element-2873b06b e-con-full e-flex e-con e-child\" data-id=\"2873b06b\" data-element_type=\"container\" data-e-type=\"container\">\n\t\t\t\t<div class=\"elementor-element elementor-element-6dc6d144 elementor-widget elementor-widget-image\" data-id=\"6dc6d144\" data-element_type=\"widget\" data-e-type=\"widget\" data-widget_type=\"image.default\">\n\t\t\t\t<div class=\"elementor-widget-container\">\n\t\t\t\t\t\t\t\t\t\t\t\t\t\t\t<img fetchpriority=\"high\" decoding=\"async\" width=\"800\" height=\"800\" src=\"https:\/\/kalmarpeter.com\/wp-content\/uploads\/2024\/10\/Mizantrop.jpg\" class=\"attachment-large size-large wp-image-893\" alt=\"\" srcset=\"https:\/\/kalmarpeter.com\/wp-content\/uploads\/2024\/10\/Mizantrop.jpg 1000w, https:\/\/kalmarpeter.com\/wp-content\/uploads\/2024\/10\/Mizantrop-300x300.jpg 300w, https:\/\/kalmarpeter.com\/wp-content\/uploads\/2024\/10\/Mizantrop-150x150.jpg 150w, https:\/\/kalmarpeter.com\/wp-content\/uploads\/2024\/10\/Mizantrop-768x768.jpg 768w\" sizes=\"(max-width: 800px) 100vw, 800px\" \/>\t\t\t\t\t\t\t\t\t\t\t\t\t\t\t<\/div>\n\t\t\t\t<\/div>\n\t\t\t\t<\/div>\n\t\t<div class=\"elementor-element elementor-element-3e588cc4 e-con-full e-flex e-con e-child\" data-id=\"3e588cc4\" data-element_type=\"container\" data-e-type=\"container\">\n\t\t\t\t<div class=\"elementor-element elementor-element-2a1ea179 elementor-widget elementor-widget-heading\" data-id=\"2a1ea179\" data-element_type=\"widget\" data-e-type=\"widget\" data-widget_type=\"heading.default\">\n\t\t\t\t<div class=\"elementor-widget-container\">\n\t\t\t\t\t<h1 class=\"elementor-heading-title elementor-size-default\">The Misanthrope<\/h1>\t\t\t\t<\/div>\n\t\t\t\t<\/div>\n\t\t\t\t<div class=\"elementor-element elementor-element-7f0b48f5 elementor-widget elementor-widget-text-editor\" data-id=\"7f0b48f5\" data-element_type=\"widget\" data-e-type=\"widget\" data-widget_type=\"text-editor.default\">\n\t\t\t\t<div class=\"elementor-widget-container\">\n\t\t\t\t\t\t\t\t\t<p>Moliere:<br \/><strong>The Misanthrope<\/strong><\/p><p>1985<br \/>\u00d3dry Stage<\/p><p>directed by: S\u00edk Ferenc<\/p><p>In the exam performance of Andr\u00e1s B\u00e9k\u00e9s' acting class<\/p><p>Magyar Tivadar, Rad\u00f3 Denise, <br \/>Szt\u00e1rek Andrea, Mertz Tibor \u2013 among others:<\/p><p>marshall: Kalm\u00e1r P\u00e9ter<\/p>\t\t\t\t\t\t\t\t<\/div>\n\t\t\t\t<\/div>\n\t\t\t\t<\/div>\n\t\t\t\t\t<\/div>\n\t\t\t\t<\/div>\n\t\t\t\t<\/div>","protected":false},"excerpt":{"rendered":"<p>Moliere:Mizantr\u00f3p 1985\u00d3dry Sz\u00ednpad rendezte: S\u00edk Ferenc B\u00e9k\u00e9s Andr\u00e1s sz\u00edn\u00e9sz oszt\u00e1ly\u00e1nak vizsgael\u0151ad\u00e1s\u00e1ban Magyar Tivadar, Rad\u00f3 Denise, Szt\u00e1rek Andrea, Mertz Tibor \u2013 \u00e9s m\u00e1sok mellett: marshall: Kalm\u00e1r P\u00e9ter<\/p>","protected":false},"author":1,"featured_media":0,"parent":0,"menu_order":0,"comment_status":"closed","ping_status":"closed","template":"","meta":{"_seopress_robots_primary_cat":"","_seopress_titles_title":"","_seopress_titles_desc":"","_seopress_robots_index":"","footnotes":""},"class_list":["post-2776","page","type-page","status-publish","hentry"],"_links":{"self":[{"href":"https:\/\/kalmarpeter.com\/en\/wp-json\/wp\/v2\/pages\/2776","targetHints":{"allow":["GET"]}}],"collection":[{"href":"https:\/\/kalmarpeter.com\/en\/wp-json\/wp\/v2\/pages"}],"about":[{"href":"https:\/\/kalmarpeter.com\/en\/wp-json\/wp\/v2\/types\/page"}],"author":[{"embeddable":true,"href":"https:\/\/kalmarpeter.com\/en\/wp-json\/wp\/v2\/users\/1"}],"replies":[{"embeddable":true,"href":"https:\/\/kalmarpeter.com\/en\/wp-json\/wp\/v2\/comments?post=2776"}],"version-history":[{"count":4,"href":"https:\/\/kalmarpeter.com\/en\/wp-json\/wp\/v2\/pages\/2776\/revisions"}],"predecessor-version":[{"id":2783,"href":"https:\/\/kalmarpeter.com\/en\/wp-json\/wp\/v2\/pages\/2776\/revisions\/2783"}],"wp:attachment":[{"href":"https:\/\/kalmarpeter.com\/en\/wp-json\/wp\/v2\/media?parent=2776"}],"curies":[{"name":"wp","href":"https:\/\/api.w.org\/{rel}","templated":true}]}}