{"id":2787,"date":"2024-10-16T23:40:03","date_gmt":"2024-10-16T21:40:03","guid":{"rendered":"https:\/\/kalmarpeter.com\/?page_id=2787"},"modified":"2024-10-16T23:40:51","modified_gmt":"2024-10-16T21:40:51","slug":"hummer-of-the-place","status":"publish","type":"page","link":"https:\/\/kalmarpeter.com\/en\/hummer-of-the-place\/","title":{"rendered":"Hummer of the Place"},"content":{"rendered":"<div data-elementor-type=\"wp-page\" data-elementor-id=\"2787\" class=\"elementor elementor-2787\" data-elementor-post-type=\"page\">\n\t\t\t\t<div class=\"elementor-element elementor-element-429a52ab e-flex e-con-boxed e-con e-parent\" data-id=\"429a52ab\" data-element_type=\"container\" data-e-type=\"container\">\n\t\t\t\t\t<div class=\"e-con-inner\">\n\t\t<div class=\"elementor-element elementor-element-7bbd864c e-con-full e-flex e-con e-child\" data-id=\"7bbd864c\" data-element_type=\"container\" data-e-type=\"container\">\n\t\t\t\t<div class=\"elementor-element elementor-element-2f41deb2 elementor-widget elementor-widget-image\" data-id=\"2f41deb2\" data-element_type=\"widget\" data-e-type=\"widget\" data-widget_type=\"image.default\">\n\t\t\t\t<div class=\"elementor-widget-container\">\n\t\t\t\t\t\t\t\t\t\t\t\t\t\t\t<img fetchpriority=\"high\" decoding=\"async\" width=\"800\" height=\"800\" src=\"https:\/\/kalmarpeter.com\/wp-content\/uploads\/2024\/10\/Helyseg-kalapacsa.jpg\" class=\"attachment-large size-large wp-image-895\" alt=\"\" srcset=\"https:\/\/kalmarpeter.com\/wp-content\/uploads\/2024\/10\/Helyseg-kalapacsa.jpg 1000w, https:\/\/kalmarpeter.com\/wp-content\/uploads\/2024\/10\/Helyseg-kalapacsa-300x300.jpg 300w, https:\/\/kalmarpeter.com\/wp-content\/uploads\/2024\/10\/Helyseg-kalapacsa-150x150.jpg 150w, https:\/\/kalmarpeter.com\/wp-content\/uploads\/2024\/10\/Helyseg-kalapacsa-768x768.jpg 768w\" sizes=\"(max-width: 800px) 100vw, 800px\" \/>\t\t\t\t\t\t\t\t\t\t\t\t\t\t\t<\/div>\n\t\t\t\t<\/div>\n\t\t\t\t<\/div>\n\t\t<div class=\"elementor-element elementor-element-254a17a3 e-con-full e-flex e-con e-child\" data-id=\"254a17a3\" data-element_type=\"container\" data-e-type=\"container\">\n\t\t\t\t<div class=\"elementor-element elementor-element-7a6c1b7b elementor-widget elementor-widget-heading\" data-id=\"7a6c1b7b\" data-element_type=\"widget\" data-e-type=\"widget\" data-widget_type=\"heading.default\">\n\t\t\t\t<div class=\"elementor-widget-container\">\n\t\t\t\t\t<h1 class=\"elementor-heading-title elementor-size-default\">Hummer of the Place<\/h1>\t\t\t\t<\/div>\n\t\t\t\t<\/div>\n\t\t\t\t<div class=\"elementor-element elementor-element-197484e6 elementor-widget elementor-widget-text-editor\" data-id=\"197484e6\" data-element_type=\"widget\" data-e-type=\"widget\" data-widget_type=\"text-editor.default\">\n\t\t\t\t<div class=\"elementor-widget-container\">\n\t\t\t\t\t\t\t\t\t<p>Pet\u0151fi:<br \/><strong>Hummer of the Place<\/strong><\/p><p>1988<br \/>\u00d3dry Stage<\/p><p>directed by: Iv\u00e1nka Csaba<\/p><p>In the exam performance of Imre Ker\u00e9nyi's acting class<\/p><p>V\u00e9gh P\u00e9ter, Csomor Csilla, Szerv\u00e9t Tibor \u2013 among others:<\/p><p>Organist:  Kalm\u00e1r P\u00e9ter<\/p>\t\t\t\t\t\t\t\t<\/div>\n\t\t\t\t<\/div>\n\t\t\t\t<\/div>\n\t\t\t\t\t<\/div>\n\t\t\t\t<\/div>\n\t\t\t\t<\/div>","protected":false},"excerpt":{"rendered":"<p>Pet\u0151fi:A helys\u00e9g kalap\u00e1csa 1988\u00d3dry Sz\u00ednpad rendezte: Iv\u00e1nka Csaba Ker\u00e9nyi Imre sz\u00edn\u00e9sz oszt\u00e1ly vizsgael\u0151ad\u00e1s\u00e1ban V\u00e9gh P\u00e9ter, Csomor Csilla, Szerv\u00e9t Tibor \u00e9s m\u00e1sok mellett: orgonista: Kalm\u00e1r P\u00e9ter<\/p>","protected":false},"author":1,"featured_media":0,"parent":0,"menu_order":0,"comment_status":"closed","ping_status":"closed","template":"","meta":{"_seopress_robots_primary_cat":"","_seopress_titles_title":"","_seopress_titles_desc":"","_seopress_robots_index":"","footnotes":""},"class_list":["post-2787","page","type-page","status-publish","hentry"],"_links":{"self":[{"href":"https:\/\/kalmarpeter.com\/en\/wp-json\/wp\/v2\/pages\/2787","targetHints":{"allow":["GET"]}}],"collection":[{"href":"https:\/\/kalmarpeter.com\/en\/wp-json\/wp\/v2\/pages"}],"about":[{"href":"https:\/\/kalmarpeter.com\/en\/wp-json\/wp\/v2\/types\/page"}],"author":[{"embeddable":true,"href":"https:\/\/kalmarpeter.com\/en\/wp-json\/wp\/v2\/users\/1"}],"replies":[{"embeddable":true,"href":"https:\/\/kalmarpeter.com\/en\/wp-json\/wp\/v2\/comments?post=2787"}],"version-history":[{"count":4,"href":"https:\/\/kalmarpeter.com\/en\/wp-json\/wp\/v2\/pages\/2787\/revisions"}],"predecessor-version":[{"id":2794,"href":"https:\/\/kalmarpeter.com\/en\/wp-json\/wp\/v2\/pages\/2787\/revisions\/2794"}],"wp:attachment":[{"href":"https:\/\/kalmarpeter.com\/en\/wp-json\/wp\/v2\/media?parent=2787"}],"curies":[{"name":"wp","href":"https:\/\/api.w.org\/{rel}","templated":true}]}}