{"id":28,"date":"2024-10-09T15:36:44","date_gmt":"2024-10-09T15:36:44","guid":{"rendered":"https:\/\/kalmarpeter.com\/?page_id=28"},"modified":"2024-10-17T17:21:46","modified_gmt":"2024-10-17T15:21:46","slug":"impresszum","status":"publish","type":"page","link":"https:\/\/kalmarpeter.com\/en\/impresszum\/","title":{"rendered":"Contact"},"content":{"rendered":"<div data-elementor-type=\"wp-page\" data-elementor-id=\"28\" class=\"elementor elementor-28\" data-elementor-post-type=\"page\">\n\t\t\t\t<div class=\"elementor-element elementor-element-13f7e68 e-flex e-con-boxed e-con e-parent\" data-id=\"13f7e68\" data-element_type=\"container\" data-e-type=\"container\">\n\t\t\t\t\t<div class=\"e-con-inner\">\n\t\t\t\t<div class=\"elementor-element elementor-element-0661716 elementor-widget elementor-widget-heading\" data-id=\"0661716\" data-element_type=\"widget\" data-e-type=\"widget\" data-widget_type=\"heading.default\">\n\t\t\t\t<div class=\"elementor-widget-container\">\n\t\t\t\t\t<h1 class=\"elementor-heading-title elementor-size-default\">Contact<\/h1>\t\t\t\t<\/div>\n\t\t\t\t<\/div>\n\t\t\t\t\t<\/div>\n\t\t\t\t<\/div>\n\t\t<div class=\"elementor-element elementor-element-1f2681f link e-flex e-con-boxed e-con e-parent\" data-id=\"1f2681f\" data-element_type=\"container\" data-e-type=\"container\">\n\t\t\t\t\t<div class=\"e-con-inner\">\n\t\t\t\t<div class=\"elementor-element elementor-element-f426f6a elementor-widget elementor-widget-text-editor\" data-id=\"f426f6a\" data-element_type=\"widget\" data-e-type=\"widget\" data-widget_type=\"text-editor.default\">\n\t\t\t\t<div class=\"elementor-widget-container\">\n\t\t\t\t\t\t\t\t\t<p><strong>Kalm\u00e1r P\u00e9ter:<\/strong><\/p><p><a href=\"mailto:kalmarpeter@ymail.com\">kalmarpeter@ymail.com<\/a><\/p><p><strong>K\u00e9pvisel\u0151:<\/strong><\/p><p>PROPALAM Kultur\u00e1lis Kft.<br \/>1066 Budapest, J\u00f3kai utca 6.<br \/>Cgjsz: 01-09-301548<br \/>Ad\u00f3sz: 26094335-2-42<br \/>\u00fcgyv.ig: Kerekes-Katz Petra<br \/><a href=\"mailto:kukatz79@gmail.com\">kukatz79@gmail.com<\/a><\/p><p><strong>T\u00e1rhelyszolg\u00e1ltat\u00f3:<\/strong><\/p><p>C\u00e9gn\u00e9v: Sybell Informatika Kft.<br \/>Sz\u00e9khely: 1158 Budapest, K\u00e9sm\u00e1rk u. 7\/B 2. em. 206.<br \/>Email \/ El\u00e9rhet\u0151s\u00e9g: <a href=\"mailto:hello@sybell.hu\">hello@sybell.hu<\/a><br \/>Webc\u00edm: https:\/\/sybell.hu\/<\/p>\t\t\t\t\t\t\t\t<\/div>\n\t\t\t\t<\/div>\n\t\t\t\t\t<\/div>\n\t\t\t\t<\/div>\n\t\t\t\t<\/div>","protected":false},"excerpt":{"rendered":"<p>Kalm\u00e1r P\u00e9ter: kalmarpeter@ymail.com K\u00e9pvisel\u0151: PROPALAM Kultur\u00e1lis Kft.1066 Budapest, J\u00f3kai utca 6.Cgjsz: 01-09-301548Ad\u00f3sz: 26094335-2-42\u00fcgyv.ig: Kerekes-Katz Petrakukatz79@gmail.com T\u00e1rhelyszolg\u00e1ltat\u00f3: C\u00e9gn\u00e9v: Sybell Informatika Kft.Sz\u00e9khely: 1158 Budapest, K\u00e9sm\u00e1rk u. 7\/B 2. em. 206.Email \/ El\u00e9rhet\u0151s\u00e9g: hello@sybell.huWebc\u00edm: https:\/\/sybell.hu\/<\/p>","protected":false},"author":1,"featured_media":0,"parent":0,"menu_order":0,"comment_status":"closed","ping_status":"closed","template":"","meta":{"_seopress_robots_primary_cat":"","_seopress_titles_title":"","_seopress_titles_desc":"","_seopress_robots_index":"","footnotes":""},"class_list":["post-28","page","type-page","status-publish","hentry"],"_links":{"self":[{"href":"https:\/\/kalmarpeter.com\/en\/wp-json\/wp\/v2\/pages\/28","targetHints":{"allow":["GET"]}}],"collection":[{"href":"https:\/\/kalmarpeter.com\/en\/wp-json\/wp\/v2\/pages"}],"about":[{"href":"https:\/\/kalmarpeter.com\/en\/wp-json\/wp\/v2\/types\/page"}],"author":[{"embeddable":true,"href":"https:\/\/kalmarpeter.com\/en\/wp-json\/wp\/v2\/users\/1"}],"replies":[{"embeddable":true,"href":"https:\/\/kalmarpeter.com\/en\/wp-json\/wp\/v2\/comments?post=28"}],"version-history":[{"count":5,"href":"https:\/\/kalmarpeter.com\/en\/wp-json\/wp\/v2\/pages\/28\/revisions"}],"predecessor-version":[{"id":3083,"href":"https:\/\/kalmarpeter.com\/en\/wp-json\/wp\/v2\/pages\/28\/revisions\/3083"}],"wp:attachment":[{"href":"https:\/\/kalmarpeter.com\/en\/wp-json\/wp\/v2\/media?parent=28"}],"curies":[{"name":"wp","href":"https:\/\/api.w.org\/{rel}","templated":true}]}}