{"id":2812,"date":"2024-10-16T23:44:37","date_gmt":"2024-10-16T21:44:37","guid":{"rendered":"https:\/\/kalmarpeter.com\/?page_id=2812"},"modified":"2024-10-16T23:45:48","modified_gmt":"2024-10-16T21:45:48","slug":"gianni-schicchi-2","status":"publish","type":"page","link":"https:\/\/kalmarpeter.com\/en\/gianni-schicchi-2\/","title":{"rendered":"GIANNI SCHICCHI"},"content":{"rendered":"<div data-elementor-type=\"wp-page\" data-elementor-id=\"2812\" class=\"elementor elementor-2812\" data-elementor-post-type=\"page\">\n\t\t\t\t<div class=\"elementor-element elementor-element-4b97b81b e-flex e-con-boxed e-con e-parent\" data-id=\"4b97b81b\" data-element_type=\"container\" data-e-type=\"container\">\n\t\t\t\t\t<div class=\"e-con-inner\">\n\t\t<div class=\"elementor-element elementor-element-7577a49e e-con-full e-flex e-con e-child\" data-id=\"7577a49e\" data-element_type=\"container\" data-e-type=\"container\">\n\t\t\t\t<div class=\"elementor-element elementor-element-144613e0 elementor-widget elementor-widget-heading\" data-id=\"144613e0\" data-element_type=\"widget\" data-e-type=\"widget\" data-widget_type=\"heading.default\">\n\t\t\t\t<div class=\"elementor-widget-container\">\n\t\t\t\t\t<h1 class=\"elementor-heading-title elementor-size-default\">GIANNI SCHICCHI<\/h1>\t\t\t\t<\/div>\n\t\t\t\t<\/div>\n\t\t\t\t<div class=\"elementor-element elementor-element-6a357d89 elementor-widget elementor-widget-text-editor\" data-id=\"6a357d89\" data-element_type=\"widget\" data-e-type=\"widget\" data-widget_type=\"text-editor.default\">\n\t\t\t\t<div class=\"elementor-widget-container\">\n\t\t\t\t\t\t\t\t\t<p>Giacomo Puccini &#8211; Giovacchino Forzato<br \/><strong>GIANNI SCHICCHI<\/strong><\/p><p>1988<br \/>Bologna &#8211; Teatro Testoni<\/p><p>Cast:<\/p><p>SCHICCHI: V\u00e9gh P\u00e9ter<br \/>LAURETTA: Olasz \u00c1gnes<br \/>RINUCCIO: Vincze G\u00e1bor P\u00e9ter<br \/>ZITA: Bede-Fazekas Anna M\u00e1ria<br \/>NELLA: Simonyi Krisztina<br \/>CIESCA: Pr\u00f3kai Annam\u00e1ria<br \/>SIMONE: Farag\u00f3 Andr\u00e1s<br \/>GHERARDO: Kelemen Istv\u00e1n<br \/>MARCO: Galbenisz Tomasz<br \/>BETTO: Terny\u00e1k Zolt\u00e1n<br \/>DOCTOR: Bartus Gyula<br \/>JEGYZ\u0150: Bellus Attila<br \/>PINELLINO: Heged\u0171s Zolt\u00e1n<br \/>GUCCIO: Lipics Zsolt<\/p><p>Set and costume design: \u00c9va Horv\u00e1th<br \/>Director: P\u00e9ter Kalm\u00e1r<\/p>\t\t\t\t\t\t\t\t<\/div>\n\t\t\t\t<\/div>\n\t\t\t\t<\/div>\n\t\t<div class=\"elementor-element elementor-element-4c8c5fe8 e-con-full e-flex e-con e-child\" data-id=\"4c8c5fe8\" data-element_type=\"container\" data-e-type=\"container\">\n\t\t\t\t<\/div>\n\t\t\t\t\t<\/div>\n\t\t\t\t<\/div>\n\t\t\t\t<\/div>","protected":false},"excerpt":{"rendered":"<p>Giacomo Puccini &#8211; Giovacchino ForzatoGIANNI SCHICCHI 1988Bologna &#8211; Teatro Testoni szerepl\u0151k: SCHICCHI: V\u00e9gh P\u00e9terLAURETTA: Olasz \u00c1gnesRINUCCIO: Vincze G\u00e1bor P\u00e9terZITA: Bede-Fazekas Anna M\u00e1riaNELLA: Simonyi KrisztinaCIESCA: Pr\u00f3kai Annam\u00e1riaSIMONE: Farag\u00f3 Andr\u00e1sGHERARDO: Kelemen Istv\u00e1nMARCO: Galbenisz TomaszBETTO: Terny\u00e1k Zolt\u00e1nDOCTOR: Bartus GyulaJEGYZ\u0150: Bellus AttilaPINELLINO: Heged\u0171s Zolt\u00e1nGUCCIO: Lipics Zsolt D\u00edszlet, jelmez: Horv\u00e1th \u00c9vaRendez\u0151: Kalm\u00e1r P\u00e9ter<\/p>","protected":false},"author":1,"featured_media":0,"parent":0,"menu_order":0,"comment_status":"closed","ping_status":"closed","template":"","meta":{"_seopress_robots_primary_cat":"","_seopress_titles_title":"","_seopress_titles_desc":"","_seopress_robots_index":"","footnotes":""},"class_list":["post-2812","page","type-page","status-publish","hentry"],"_links":{"self":[{"href":"https:\/\/kalmarpeter.com\/en\/wp-json\/wp\/v2\/pages\/2812","targetHints":{"allow":["GET"]}}],"collection":[{"href":"https:\/\/kalmarpeter.com\/en\/wp-json\/wp\/v2\/pages"}],"about":[{"href":"https:\/\/kalmarpeter.com\/en\/wp-json\/wp\/v2\/types\/page"}],"author":[{"embeddable":true,"href":"https:\/\/kalmarpeter.com\/en\/wp-json\/wp\/v2\/users\/1"}],"replies":[{"embeddable":true,"href":"https:\/\/kalmarpeter.com\/en\/wp-json\/wp\/v2\/comments?post=2812"}],"version-history":[{"count":4,"href":"https:\/\/kalmarpeter.com\/en\/wp-json\/wp\/v2\/pages\/2812\/revisions"}],"predecessor-version":[{"id":2819,"href":"https:\/\/kalmarpeter.com\/en\/wp-json\/wp\/v2\/pages\/2812\/revisions\/2819"}],"wp:attachment":[{"href":"https:\/\/kalmarpeter.com\/en\/wp-json\/wp\/v2\/media?parent=2812"}],"curies":[{"name":"wp","href":"https:\/\/api.w.org\/{rel}","templated":true}]}}