{"id":2824,"date":"2024-10-16T23:47:11","date_gmt":"2024-10-16T21:47:11","guid":{"rendered":"https:\/\/kalmarpeter.com\/?page_id=2824"},"modified":"2024-10-16T23:48:07","modified_gmt":"2024-10-16T21:48:07","slug":"spike-hall","status":"publish","type":"page","link":"https:\/\/kalmarpeter.com\/en\/spike-hall\/","title":{"rendered":"Spike Hall"},"content":{"rendered":"<div data-elementor-type=\"wp-page\" data-elementor-id=\"2824\" class=\"elementor elementor-2824\" data-elementor-post-type=\"page\">\n\t\t\t\t<div class=\"elementor-element elementor-element-6921cf2 e-flex e-con-boxed e-con e-parent\" data-id=\"6921cf2\" data-element_type=\"container\" data-e-type=\"container\">\n\t\t\t\t\t<div class=\"e-con-inner\">\n\t\t<div class=\"elementor-element elementor-element-49559dc4 e-con-full e-flex e-con e-child\" data-id=\"49559dc4\" data-element_type=\"container\" data-e-type=\"container\">\n\t\t\t\t<div class=\"elementor-element elementor-element-109469d0 elementor-widget elementor-widget-heading\" data-id=\"109469d0\" data-element_type=\"widget\" data-e-type=\"widget\" data-widget_type=\"heading.default\">\n\t\t\t\t<div class=\"elementor-widget-container\">\n\t\t\t\t\t<h1 class=\"elementor-heading-title elementor-size-default\">Spike Hall<\/h1>\t\t\t\t<\/div>\n\t\t\t\t<\/div>\n\t\t\t\t<div class=\"elementor-element elementor-element-4a1f044 elementor-widget elementor-widget-text-editor\" data-id=\"4a1f044\" data-element_type=\"widget\" data-e-type=\"widget\" data-widget_type=\"text-editor.default\">\n\t\t\t\t<div class=\"elementor-widget-container\">\n\t\t\t\t\t\t\t\t\t<p>2007-2008<\/p><p class=\"translation-block\">In 2007 I started to recycle the \"Spike Hall\" in Budapest; <br>\nI first leased the property to Universal Pictures and MidAtlantic \nfor the filming of the American super-production HELLBOY II, \nthen in 2008, my company won a tender from the Hungarian National Asset Management Company for a major real estate development for a conference and events centre called Atlantis Congress &amp; Events Hall, but the project \nwas interrupted by the global economic crisis in the autumn of 2008...<\/p>\t\t\t\t\t\t\t\t<\/div>\n\t\t\t\t<\/div>\n\t\t\t\t<\/div>\n\t\t<div class=\"elementor-element elementor-element-fb3880b e-con-full e-flex e-con e-child\" data-id=\"fb3880b\" data-element_type=\"container\" data-e-type=\"container\">\n\t\t\t\t<\/div>\n\t\t\t\t\t<\/div>\n\t\t\t\t<\/div>\n\t\t\t\t<\/div>","protected":false},"excerpt":{"rendered":"<p>2007-2008 2007-t\u0151l a Budapesten tal\u00e1lhat\u00f3 \u201eT\u00fcskecsarnok\u201d \u00fajrahasznos\u00edt\u00e1s\u00e1ba fogtam bele; el\u0151sz\u00f6r b\u00e9rbe adtam az ingatlant a Universal Pictures \u00e9s a MidAtlantic a HELLBOY II. c\u00edm\u0171 amerikai szuperprodukci\u00f3nak a forgat\u00e1si helysz\u00edn\u00e9re, majd 2008-ban a Magyar Nemzeti Vagyonkezel\u0151 Zrt. p\u00e1ly\u00e1zati felh\u00edv\u00e1s\u00e1t elnyerte c\u00e9gem, amely egy Atlantis Congress &amp; Events Hall n\u00e9ven egy konferencia-, \u00e9s rendezv\u00e9nyk\u00f6zponttal kapcsolatos jelent\u0151s ingatlanfejleszt\u00e9sre [&hellip;]<\/p>","protected":false},"author":1,"featured_media":0,"parent":0,"menu_order":0,"comment_status":"closed","ping_status":"closed","template":"","meta":{"_seopress_robots_primary_cat":"","_seopress_titles_title":"","_seopress_titles_desc":"","_seopress_robots_index":"","footnotes":""},"class_list":["post-2824","page","type-page","status-publish","hentry"],"_links":{"self":[{"href":"https:\/\/kalmarpeter.com\/en\/wp-json\/wp\/v2\/pages\/2824","targetHints":{"allow":["GET"]}}],"collection":[{"href":"https:\/\/kalmarpeter.com\/en\/wp-json\/wp\/v2\/pages"}],"about":[{"href":"https:\/\/kalmarpeter.com\/en\/wp-json\/wp\/v2\/types\/page"}],"author":[{"embeddable":true,"href":"https:\/\/kalmarpeter.com\/en\/wp-json\/wp\/v2\/users\/1"}],"replies":[{"embeddable":true,"href":"https:\/\/kalmarpeter.com\/en\/wp-json\/wp\/v2\/comments?post=2824"}],"version-history":[{"count":4,"href":"https:\/\/kalmarpeter.com\/en\/wp-json\/wp\/v2\/pages\/2824\/revisions"}],"predecessor-version":[{"id":2831,"href":"https:\/\/kalmarpeter.com\/en\/wp-json\/wp\/v2\/pages\/2824\/revisions\/2831"}],"wp:attachment":[{"href":"https:\/\/kalmarpeter.com\/en\/wp-json\/wp\/v2\/media?parent=2824"}],"curies":[{"name":"wp","href":"https:\/\/api.w.org\/{rel}","templated":true}]}}