{"id":2864,"date":"2024-10-17T09:08:46","date_gmt":"2024-10-17T07:08:46","guid":{"rendered":"https:\/\/kalmarpeter.com\/?page_id=2864"},"modified":"2024-10-18T16:59:01","modified_gmt":"2024-10-18T14:59:01","slug":"cicciolina-kebelbaratsag-c-lemez","status":"publish","type":"page","link":"https:\/\/kalmarpeter.com\/en\/cicciolina-kebelbaratsag-c-lemez\/","title":{"rendered":"CICCIOLINA \u2013 BOSOM FRIENDS"},"content":{"rendered":"<div data-elementor-type=\"wp-page\" data-elementor-id=\"2864\" class=\"elementor elementor-2864\" data-elementor-post-type=\"page\">\n\t\t\t\t<div class=\"elementor-element elementor-element-50446c47 e-flex e-con-boxed e-con e-parent\" data-id=\"50446c47\" data-element_type=\"container\" data-e-type=\"container\">\n\t\t\t\t\t<div class=\"e-con-inner\">\n\t\t<div class=\"elementor-element elementor-element-604622c3 e-con-full e-flex e-con e-child\" data-id=\"604622c3\" data-element_type=\"container\" data-e-type=\"container\">\n\t\t\t\t<div class=\"elementor-element elementor-element-637ecea5 elementor-widget elementor-widget-image\" data-id=\"637ecea5\" data-element_type=\"widget\" data-e-type=\"widget\" data-widget_type=\"image.default\">\n\t\t\t\t<div class=\"elementor-widget-container\">\n\t\t\t\t\t\t\t\t\t\t\t\t\t\t\t<img fetchpriority=\"high\" decoding=\"async\" width=\"800\" height=\"498\" src=\"https:\/\/kalmarpeter.com\/wp-content\/uploads\/2024\/10\/Cicciolina-oldal-teteje-1024x637.jpg\" class=\"attachment-large size-large wp-image-2253\" alt=\"\" srcset=\"https:\/\/kalmarpeter.com\/wp-content\/uploads\/2024\/10\/Cicciolina-oldal-teteje-1024x637.jpg 1024w, https:\/\/kalmarpeter.com\/wp-content\/uploads\/2024\/10\/Cicciolina-oldal-teteje-300x187.jpg 300w, https:\/\/kalmarpeter.com\/wp-content\/uploads\/2024\/10\/Cicciolina-oldal-teteje-768x478.jpg 768w, https:\/\/kalmarpeter.com\/wp-content\/uploads\/2024\/10\/Cicciolina-oldal-teteje-1536x956.jpg 1536w, https:\/\/kalmarpeter.com\/wp-content\/uploads\/2024\/10\/Cicciolina-oldal-teteje-2048x1274.jpg 2048w\" sizes=\"(max-width: 800px) 100vw, 800px\" \/>\t\t\t\t\t\t\t\t\t\t\t\t\t\t\t<\/div>\n\t\t\t\t<\/div>\n\t\t\t\t<\/div>\n\t\t<div class=\"elementor-element elementor-element-5d7c2325 e-con-full e-flex e-con e-child\" data-id=\"5d7c2325\" data-element_type=\"container\" data-e-type=\"container\">\n\t\t\t\t<div class=\"elementor-element elementor-element-37fa61d8 elementor-widget elementor-widget-heading\" data-id=\"37fa61d8\" data-element_type=\"widget\" data-e-type=\"widget\" data-widget_type=\"heading.default\">\n\t\t\t\t<div class=\"elementor-widget-container\">\n\t\t\t\t\t<h1 class=\"elementor-heading-title elementor-size-default\">CICCIOLINA \u2013 BOSOM FRIENDS<\/h1>\t\t\t\t<\/div>\n\t\t\t\t<\/div>\n\t\t\t\t<div class=\"elementor-element elementor-element-133abdf0 elementor-widget elementor-widget-text-editor\" data-id=\"133abdf0\" data-element_type=\"widget\" data-e-type=\"widget\" data-widget_type=\"text-editor.default\">\n\t\t\t\t<div class=\"elementor-widget-container\">\n\t\t\t\t\t\t\t\t\t<p>1989<\/p><p>Perhaps the Cicciolina album was not the most defining musical achievement of my life, \nbut since I can't deny it, I'll just brag about it, \nthat before the regime change I had a record \n- or rather a cassette for a porn star.<\/p><p>I could say \"I was young and needed the money\", \nbut the truth is that luckily only a few perverted masochists bought it \n(less the shame), so my full producer's cut was \nabout 50,000 Hungarian forints.<\/p><p>That left the embarrassment, which I am not proud to share here.<\/p>\t\t\t\t\t\t\t\t<\/div>\n\t\t\t\t<\/div>\n\t\t\t\t<\/div>\n\t\t\t\t\t<\/div>\n\t\t\t\t<\/div>\n\t\t<div class=\"elementor-element elementor-element-6d5346bf e-flex e-con-boxed e-con e-parent\" data-id=\"6d5346bf\" data-element_type=\"container\" data-e-type=\"container\">\n\t\t\t\t\t<div class=\"e-con-inner\">\n\t\t\t\t<div class=\"elementor-element elementor-element-353769f7 e-n-tabs-none elementor-widget elementor-widget-n-tabs\" data-id=\"353769f7\" data-element_type=\"widget\" data-e-type=\"widget\" data-settings=\"{&quot;tabs_justify_horizontal&quot;:&quot;stretch&quot;,&quot;tabs_justify_horizontal_tablet&quot;:&quot;stretch&quot;,&quot;tabs_justify_horizontal_mobile&quot;:&quot;stretch&quot;,&quot;horizontal_scroll&quot;:&quot;disable&quot;}\" data-widget_type=\"nested-tabs.default\">\n\t\t\t\t<div class=\"elementor-widget-container\">\n\t\t\t\t\t\t\t<div class=\"e-n-tabs\" data-widget-number=\"892824055\" aria-label=\"Tabs. Open items with Enter or Space, close with Escape and navigate using the Arrow keys.\" data-no-translation-aria-label=\"\">\n\t\t\t<div class=\"e-n-tabs-heading\" role=\"tablist\">\n\t\t\t\t\t<button id=\"e-n-tab-title-8928240551\" data-tab-title-id=\"e-n-tab-title-8928240551\" class=\"e-n-tab-title\" aria-selected=\"true\" data-tab-index=\"1\" role=\"tab\" tabindex=\"0\" aria-controls=\"e-n-tab-content-8928240551\" style=\"--n-tabs-title-order: 1;\">\n\t\t\t\t\t\t<span class=\"e-n-tab-title-text\">\n\t\t\t\tmusic\t\t\t<\/span>\n\t\t<\/button>\n\t\t\t\t\t<\/div>\n\t\t\t<div class=\"e-n-tabs-content\">\n\t\t\t\t<div id=\"e-n-tab-content-8928240551\" role=\"tabpanel\" aria-labelledby=\"e-n-tab-title-8928240551\" data-tab-index=\"1\" style=\"--n-tabs-title-order: 1;\" class=\"e-active elementor-element elementor-element-2662b48d e-con-full e-flex e-con e-child\" data-id=\"2662b48d\" data-element_type=\"container\" data-e-type=\"container\">\n\t\t\t\t<div class=\"elementor-element elementor-element-19a60fd zene elementor-widget elementor-widget-slide-music-player-free\" data-id=\"19a60fd\" data-element_type=\"widget\" data-e-type=\"widget\" data-widget_type=\"slide-music-player-free.default\">\n\t\t\t\t<div class=\"elementor-widget-container\">\n\t\t\t\t\t\n\t\t<div class=\"swp_music_player mpfe_clearfix\" id=\"mpfe_69df09e27ebda\" data-autoplay=\"no\" data-playmode=\"repeat\" data-stopplaylistend=\"no\" data-stopsongend=\"no\" data-repeatmode=\"unset\" data-playerimg=\"https:\/\/kalmarpeter.com\/wp-content\/uploads\/2024\/10\/cicciolicini-1.jpg\" data-pfs=\"no\">\n\t\t\t<div class=\"music_player_left mp_ar_tall\">\n\t\t\t\t<div class=\"album_left_overlay lc_swp_overlay\"><\/div>\n\t\t\t<\/div>\n\n\t\t\t<div class=\"music_player_right mp_ar_tall\">\n\t\t\t\t<div class=\"album_right_overlay lc_swp_overlay\"><\/div>\n\n\n\t\t\t\t\n\t\t\t\t\t\t<div class=\"swp_player_top\">\n\t\t\t<div class=\"player_top_content\">\n\t\t\t\t\n\t\t\t\t<div class=\"swp_player_title\">\n\t\t\t\t\tCicciolina\t\t\t\t<\/div>\n\t\t\t<\/div>\n\n\t\t\t\t\t<\/div>\n\t\t\n\t\t\t\t<div class=\"swp_player_content controls_on_right\">\n\t\t\t\t\t\n\t\t<div class=\"swp_music_player_entry mpfe_clearfix\" data-mediafile=\"https:\/\/kalmarpeter.com\/wp-content\/uploads\/2024\/10\/01-kepviselo-funky.mp3\" data-trackimg=\"\">\n\t\t\t<span class=\"swp_song_details player_entry_left\">\n\t\t\t\t<span class=\"play_icon\">\n\t\t\t\t\t<i class=\"fas fa-play before_song\"><\/i>\n\t\t\t\t<\/span>\n\t\t\t\t<span class=\"player_song_name transition3\">\n\t\t\t\t\t01 k\u00e9pvisel\u0151 funky\t\t\t\t<\/span>\n\t\t\t<\/span>\n\n\t\t\t<span class=\"entry_duration mpfe_fix_lh\"><\/span>\t\t\n\n\t\t\t<span class=\"song_buy_icons transition3 mobile_visibility_hide icons_pos_mobile_\">\n\t\t\t\t\n\t\t\t\t\t\t\t\t\t\t\t\t\t\t\t<\/span>\n\t\t<\/div>\n\n\t\t\n\t\t<div class=\"swp_music_player_entry mpfe_clearfix\" data-mediafile=\"https:\/\/kalmarpeter.com\/wp-content\/uploads\/2024\/10\/02-kigyomese.mp3\" data-trackimg=\"\">\n\t\t\t<span class=\"swp_song_details player_entry_left\">\n\t\t\t\t<span class=\"play_icon\">\n\t\t\t\t\t<i class=\"fas fa-play before_song\"><\/i>\n\t\t\t\t<\/span>\n\t\t\t\t<span class=\"player_song_name transition3\">\n\t\t\t\t\t02 k\u00edgy\u00f3mese\t\t\t\t<\/span>\n\t\t\t<\/span>\n\n\t\t\t<span class=\"entry_duration mpfe_fix_lh\"><\/span>\t\t\n\n\t\t\t<span class=\"song_buy_icons transition3 mobile_visibility_hide icons_pos_mobile_\">\n\t\t\t\t\n\t\t\t\t\t\t\t\t\t\t\t\t\t\t\t<\/span>\n\t\t<\/div>\n\n\t\t\n\t\t<div class=\"swp_music_player_entry mpfe_clearfix\" data-mediafile=\"https:\/\/kalmarpeter.com\/wp-content\/uploads\/2024\/10\/03-boa-oboa.mp3\" data-trackimg=\"\">\n\t\t\t<span class=\"swp_song_details player_entry_left\">\n\t\t\t\t<span class=\"play_icon\">\n\t\t\t\t\t<i class=\"fas fa-play before_song\"><\/i>\n\t\t\t\t<\/span>\n\t\t\t\t<span class=\"player_song_name transition3\">\n\t\t\t\t\t03 boa oboa\t\t\t\t<\/span>\n\t\t\t<\/span>\n\n\t\t\t<span class=\"entry_duration mpfe_fix_lh\"><\/span>\t\t\n\n\t\t\t<span class=\"song_buy_icons transition3 mobile_visibility_hide icons_pos_mobile_\">\n\t\t\t\t\n\t\t\t\t\t\t\t\t\t\t\t\t\t\t\t<\/span>\n\t\t<\/div>\n\n\t\t\n\t\t<div class=\"swp_music_player_entry mpfe_clearfix\" data-mediafile=\"https:\/\/kalmarpeter.com\/wp-content\/uploads\/2024\/10\/04-kebelbaratsag.mp3\" data-trackimg=\"\">\n\t\t\t<span class=\"swp_song_details player_entry_left\">\n\t\t\t\t<span class=\"play_icon\">\n\t\t\t\t\t<i class=\"fas fa-play before_song\"><\/i>\n\t\t\t\t<\/span>\n\t\t\t\t<span class=\"player_song_name transition3\">\n\t\t\t\t\t04 kebelbar\u00e1ts\u00e1g\t\t\t\t<\/span>\n\t\t\t<\/span>\n\n\t\t\t<span class=\"entry_duration mpfe_fix_lh\"><\/span>\t\t\n\n\t\t\t<span class=\"song_buy_icons transition3 mobile_visibility_hide icons_pos_mobile_\">\n\t\t\t\t\n\t\t\t\t\t\t\t\t\t\t\t\t\t\t\t<\/span>\n\t\t<\/div>\n\n\t\t\n\t\t<div class=\"swp_music_player_entry mpfe_clearfix\" data-mediafile=\"https:\/\/kalmarpeter.com\/wp-content\/uploads\/2024\/10\/05-petting.mp3\" data-trackimg=\"\">\n\t\t\t<span class=\"swp_song_details player_entry_left\">\n\t\t\t\t<span class=\"play_icon\">\n\t\t\t\t\t<i class=\"fas fa-play before_song\"><\/i>\n\t\t\t\t<\/span>\n\t\t\t\t<span class=\"player_song_name transition3\">\n\t\t\t\t\t05 petting\t\t\t\t<\/span>\n\t\t\t<\/span>\n\n\t\t\t<span class=\"entry_duration mpfe_fix_lh\"><\/span>\t\t\n\n\t\t\t<span class=\"song_buy_icons transition3 mobile_visibility_hide icons_pos_mobile_\">\n\t\t\t\t\n\t\t\t\t\t\t\t\t\t\t\t\t\t\t\t<\/span>\n\t\t<\/div>\n\n\t\t\n\t\t<div class=\"swp_music_player_entry mpfe_clearfix\" data-mediafile=\"https:\/\/kalmarpeter.com\/wp-content\/uploads\/2024\/10\/06-magyar-szerelem-instr.mp3\" data-trackimg=\"\">\n\t\t\t<span class=\"swp_song_details player_entry_left\">\n\t\t\t\t<span class=\"play_icon\">\n\t\t\t\t\t<i class=\"fas fa-play before_song\"><\/i>\n\t\t\t\t<\/span>\n\t\t\t\t<span class=\"player_song_name transition3\">\n\t\t\t\t\t06 magyar szerelem (instr)\t\t\t\t<\/span>\n\t\t\t<\/span>\n\n\t\t\t<span class=\"entry_duration mpfe_fix_lh\"><\/span>\t\t\n\n\t\t\t<span class=\"song_buy_icons transition3 mobile_visibility_hide icons_pos_mobile_\">\n\t\t\t\t\n\t\t\t\t\t\t\t\t\t\t\t\t\t\t\t<\/span>\n\t\t<\/div>\n\n\t\t\n\t\t<div class=\"swp_music_player_entry mpfe_clearfix\" data-mediafile=\"https:\/\/kalmarpeter.com\/wp-content\/uploads\/2024\/10\/07-igen-ez-az-eletem.mp3\" data-trackimg=\"\">\n\t\t\t<span class=\"swp_song_details player_entry_left\">\n\t\t\t\t<span class=\"play_icon\">\n\t\t\t\t\t<i class=\"fas fa-play before_song\"><\/i>\n\t\t\t\t<\/span>\n\t\t\t\t<span class=\"player_song_name transition3\">\n\t\t\t\t\t07 igen ez az \u00e9letem\t\t\t\t<\/span>\n\t\t\t<\/span>\n\n\t\t\t<span class=\"entry_duration mpfe_fix_lh\"><\/span>\t\t\n\n\t\t\t<span class=\"song_buy_icons transition3 mobile_visibility_hide icons_pos_mobile_\">\n\t\t\t\t\n\t\t\t\t\t\t\t\t\t\t\t\t\t\t\t<\/span>\n\t\t<\/div>\n\n\t\t\n\t\t<div class=\"swp_music_player_entry mpfe_clearfix\" data-mediafile=\"https:\/\/kalmarpeter.com\/wp-content\/uploads\/2024\/10\/08-volt-egyszer.mp3\" data-trackimg=\"\">\n\t\t\t<span class=\"swp_song_details player_entry_left\">\n\t\t\t\t<span class=\"play_icon\">\n\t\t\t\t\t<i class=\"fas fa-play before_song\"><\/i>\n\t\t\t\t<\/span>\n\t\t\t\t<span class=\"player_song_name transition3\">\n\t\t\t\t\t08 volt egyszer\t\t\t\t<\/span>\n\t\t\t<\/span>\n\n\t\t\t<span class=\"entry_duration mpfe_fix_lh\"><\/span>\t\t\n\n\t\t\t<span class=\"song_buy_icons transition3 mobile_visibility_hide icons_pos_mobile_\">\n\t\t\t\t\n\t\t\t\t\t\t\t\t\t\t\t\t\t\t\t<\/span>\n\t\t<\/div>\n\n\t\t\n\t\t<div class=\"swp_music_player_entry mpfe_clearfix\" data-mediafile=\"https:\/\/kalmarpeter.com\/wp-content\/uploads\/2024\/10\/09-hencseren-divanyon.mp3\" data-trackimg=\"\">\n\t\t\t<span class=\"swp_song_details player_entry_left\">\n\t\t\t\t<span class=\"play_icon\">\n\t\t\t\t\t<i class=\"fas fa-play before_song\"><\/i>\n\t\t\t\t<\/span>\n\t\t\t\t<span class=\"player_song_name transition3\">\n\t\t\t\t\t09 hencseren d\u00edv\u00e1nyon\t\t\t\t<\/span>\n\t\t\t<\/span>\n\n\t\t\t<span class=\"entry_duration mpfe_fix_lh\"><\/span>\t\t\n\n\t\t\t<span class=\"song_buy_icons transition3 mobile_visibility_hide icons_pos_mobile_\">\n\t\t\t\t\n\t\t\t\t\t\t\t\t\t\t\t\t\t\t\t<\/span>\n\t\t<\/div>\n\n\t\t\n\t\t<div class=\"swp_music_player_entry mpfe_clearfix\" data-mediafile=\"https:\/\/kalmarpeter.com\/wp-content\/uploads\/2024\/10\/10-ah-ah-ah.mp3\" data-trackimg=\"\">\n\t\t\t<span class=\"swp_song_details player_entry_left\">\n\t\t\t\t<span class=\"play_icon\">\n\t\t\t\t\t<i class=\"fas fa-play before_song\"><\/i>\n\t\t\t\t<\/span>\n\t\t\t\t<span class=\"player_song_name transition3\">\n\t\t\t\t\t10 ah-ah-ah\t\t\t\t<\/span>\n\t\t\t<\/span>\n\n\t\t\t<span class=\"entry_duration mpfe_fix_lh\"><\/span>\t\t\n\n\t\t\t<span class=\"song_buy_icons transition3 mobile_visibility_hide icons_pos_mobile_\">\n\t\t\t\t\n\t\t\t\t\t\t\t\t\t\t\t\t\t\t\t<\/span>\n\t\t<\/div>\n\n\t\t\n\t\t<div class=\"swp_music_player_entry mpfe_clearfix\" data-mediafile=\"https:\/\/kalmarpeter.com\/wp-content\/uploads\/2024\/10\/11-lehet-meg-szep-eletem.mp3\" data-trackimg=\"\">\n\t\t\t<span class=\"swp_song_details player_entry_left\">\n\t\t\t\t<span class=\"play_icon\">\n\t\t\t\t\t<i class=\"fas fa-play before_song\"><\/i>\n\t\t\t\t<\/span>\n\t\t\t\t<span class=\"player_song_name transition3\">\n\t\t\t\t\t11 lehet m\u00e9g sz\u00e9p \u00e9letem\t\t\t\t<\/span>\n\t\t\t<\/span>\n\n\t\t\t<span class=\"entry_duration mpfe_fix_lh\"><\/span>\t\t\n\n\t\t\t<span class=\"song_buy_icons transition3 mobile_visibility_hide icons_pos_mobile_\">\n\t\t\t\t\n\t\t\t\t\t\t\t\t\t\t\t\t\t\t\t<\/span>\n\t\t<\/div>\n\n\t\t\n\t\t<div class=\"swp_music_player_entry mpfe_clearfix\" data-mediafile=\"https:\/\/kalmarpeter.com\/wp-content\/uploads\/2024\/10\/12-ciao-ciao-cicciolina.mp3\" data-trackimg=\"\">\n\t\t\t<span class=\"swp_song_details player_entry_left\">\n\t\t\t\t<span class=\"play_icon\">\n\t\t\t\t\t<i class=\"fas fa-play before_song\"><\/i>\n\t\t\t\t<\/span>\n\t\t\t\t<span class=\"player_song_name transition3\">\n\t\t\t\t\t12 ciao ciao cicciolina\t\t\t\t<\/span>\n\t\t\t<\/span>\n\n\t\t\t<span class=\"entry_duration mpfe_fix_lh\"><\/span>\t\t\n\n\t\t\t<span class=\"song_buy_icons transition3 mobile_visibility_hide icons_pos_mobile_\">\n\t\t\t\t\n\t\t\t\t\t\t\t\t\t\t\t\t\t\t\t<\/span>\n\t\t<\/div>\n\n\t\t\t\t\t\t<\/div>\n\t\t\t\t\t\n\n\t\t\t\t\n\t\t\t\t\n\t\t<div class=\"swp_player_bottom show_on_right\">\n\t\t\t<div class=\"swp_player_bottom_inner\">\n\t\t\t\t\t\t\t\t<div class=\"smc_player_progress_bar\">\n\t\t\t\t\t<div class=\"player_time_slider_base\"><\/div>\n\t\t\t\t\t<div class=\"player_time_slider\"><\/div>\n\t\t\t\t<\/div>\n\t\t\t\t\n\t\t\t\t<div class=\"swp_current_play\">\n\t\t\t\t\t<div class=\"before_current_song_name\">Playing<\/div>\n\t\t\t\t\t<div class=\"current_song_name\"><\/div>\n\t\t\t\t<\/div>\n\n\t\t\t\t<div class=\"swp_player_controls\">\n\t\t\t\t\t\t\t\t\t\t<a href=\"#!\" class=\"mpfe-sr-helper\">\n\t\t\t\t\t\t<i class=\"fas fa-step-backward\"><\/i>\n\t\t\t\t\t\t<span class=\"visually-hidden\">Previous Song<\/span>\n\t\t\t\t\t<\/a>\n\t\t\t\t\t<a href=\"#!\" class=\"mpfe-sr-helper\">\n\t\t\t\t\t\t<i class=\"fas fa-play player_play\"><\/i>\n\t\t\t\t\t\t<span class=\"visually-hidden\">Play<\/span>\n\t\t\t\t\t<\/a>\n\t\t\t\t\t<a href=\"#!\" class=\"mpfe-sr-helper\">\n\t\t\t\t\t\t<i class=\"fas fa-pause player_pause display_none\"><\/i>\n\t\t\t\t\t\t<span class=\"visually-hidden\">Pause<\/span>\n\t\t\t\t\t<\/a>\n\t\t\t\t\t<a href=\"#!\" class=\"mpfe-sr-helper\">\n\t\t\t\t\t\t<i class=\"fas fa-step-forward\"><\/i>\n\t\t\t\t\t\t<span class=\"visually-hidden\">Next Song<\/span>\n\t\t\t\t\t<\/a>\n\t\t\t\t\t\t\t\t\t<\/div>\n\n\t\t\t\t<div class=\"swp_timeline\">\n\t\t\t\t\t<span class=\"song_current_progress\"><\/span>\n\t\t\t\t\t<span class=\"player_duration_sep\">&#47;<\/span>\n\t\t\t\t\t<span class=\"song_duration\"><\/span>\n\t\t\t\t<\/div>\n\n\t\t\t\t\t\t\t<\/div>\n\t\t<\/div>\n\t\t\t\t\t<\/div>\n\n\t\t\t\t\t<\/div>\n\n\t\t\t\t\t<\/div>\n\t\t\t\t<\/div>\n\t\t\t\t<\/div>\n\t\t\t\t\t<\/div>\n\t\t<\/div>\n\t\t\t\t\t\t<\/div>\n\t\t\t\t<\/div>\n\t\t\t\t\t<\/div>\n\t\t\t\t<\/div>\n\t\t\t\t<\/div>","protected":false},"excerpt":{"rendered":"<p>1989 Tal\u00e1n nem a Cicciolina lemez volt \u00e9letem legmeghat\u00e1roz\u00f3bb zenei teljes\u00edtm\u00e9nye, de mivel letagadni nem tudom, akkor ink\u00e1bb m\u00e1r dicsekszem vele, hogy m\u00e9g a rendszerv\u00e1lt\u00e1s el\u0151tt egy lemezt \u2013 pontosabban kazett\u00e1t \u2013 csin\u00e1ltunk egy porn\u00f3szt\u00e1rnak. Mondhatn\u00e1m azt is, hogy \u201efiatal voltam \u00e9s kellett a p\u00e9nz\u201d, de az igazs\u00e1g az, hogy szerencs\u00e9re csak n\u00e9h\u00e1ny perverz mazochista [&hellip;]<\/p>","protected":false},"author":1,"featured_media":0,"parent":0,"menu_order":0,"comment_status":"closed","ping_status":"closed","template":"","meta":{"_seopress_robots_primary_cat":"","_seopress_titles_title":"","_seopress_titles_desc":"","_seopress_robots_index":"","footnotes":""},"class_list":["post-2864","page","type-page","status-publish","hentry"],"_links":{"self":[{"href":"https:\/\/kalmarpeter.com\/en\/wp-json\/wp\/v2\/pages\/2864","targetHints":{"allow":["GET"]}}],"collection":[{"href":"https:\/\/kalmarpeter.com\/en\/wp-json\/wp\/v2\/pages"}],"about":[{"href":"https:\/\/kalmarpeter.com\/en\/wp-json\/wp\/v2\/types\/page"}],"author":[{"embeddable":true,"href":"https:\/\/kalmarpeter.com\/en\/wp-json\/wp\/v2\/users\/1"}],"replies":[{"embeddable":true,"href":"https:\/\/kalmarpeter.com\/en\/wp-json\/wp\/v2\/comments?post=2864"}],"version-history":[{"count":5,"href":"https:\/\/kalmarpeter.com\/en\/wp-json\/wp\/v2\/pages\/2864\/revisions"}],"predecessor-version":[{"id":3226,"href":"https:\/\/kalmarpeter.com\/en\/wp-json\/wp\/v2\/pages\/2864\/revisions\/3226"}],"wp:attachment":[{"href":"https:\/\/kalmarpeter.com\/en\/wp-json\/wp\/v2\/media?parent=2864"}],"curies":[{"name":"wp","href":"https:\/\/api.w.org\/{rel}","templated":true}]}}