{"id":3425,"date":"2024-10-23T08:40:51","date_gmt":"2024-10-23T06:40:51","guid":{"rendered":"https:\/\/kalmarpeter.com\/?page_id=3425"},"modified":"2024-10-23T08:42:32","modified_gmt":"2024-10-23T06:42:32","slug":"coca-cola-farewell-party","status":"publish","type":"page","link":"https:\/\/kalmarpeter.com\/en\/coca-cola-farewell-party\/","title":{"rendered":"Coca Cola Farewell Party"},"content":{"rendered":"<div data-elementor-type=\"wp-page\" data-elementor-id=\"3425\" class=\"elementor elementor-3425\" data-elementor-post-type=\"page\">\n\t\t\t\t<div class=\"elementor-element elementor-element-456163b9 e-flex e-con-boxed e-con e-parent\" data-id=\"456163b9\" data-element_type=\"container\" data-e-type=\"container\">\n\t\t\t\t\t<div class=\"e-con-inner\">\n\t\t<div class=\"elementor-element elementor-element-291cf313 e-con-full e-flex e-con e-child\" data-id=\"291cf313\" data-element_type=\"container\" data-e-type=\"container\">\n\t\t\t\t<div class=\"elementor-element elementor-element-6b6fbdb8 elementor-widget elementor-widget-image\" data-id=\"6b6fbdb8\" data-element_type=\"widget\" data-e-type=\"widget\" data-widget_type=\"image.default\">\n\t\t\t\t<div class=\"elementor-widget-container\">\n\t\t\t\t\t\t\t\t\t\t\t\t\t\t\t<img fetchpriority=\"high\" decoding=\"async\" width=\"800\" height=\"800\" src=\"https:\/\/kalmarpeter.com\/wp-content\/uploads\/2024\/10\/CocaCola-csempe.jpg\" class=\"attachment-large size-large wp-image-3436\" alt=\"\" srcset=\"https:\/\/kalmarpeter.com\/wp-content\/uploads\/2024\/10\/CocaCola-csempe.jpg 1000w, https:\/\/kalmarpeter.com\/wp-content\/uploads\/2024\/10\/CocaCola-csempe-300x300.jpg 300w, https:\/\/kalmarpeter.com\/wp-content\/uploads\/2024\/10\/CocaCola-csempe-150x150.jpg 150w, https:\/\/kalmarpeter.com\/wp-content\/uploads\/2024\/10\/CocaCola-csempe-768x768.jpg 768w, https:\/\/kalmarpeter.com\/wp-content\/uploads\/2024\/10\/CocaCola-csempe-12x12.jpg 12w\" sizes=\"(max-width: 800px) 100vw, 800px\" \/>\t\t\t\t\t\t\t\t\t\t\t\t\t\t\t<\/div>\n\t\t\t\t<\/div>\n\t\t\t\t<div class=\"elementor-element elementor-element-5ba38878 elementor-arrows-position-inside elementor-pagination-position-outside elementor-widget elementor-widget-image-carousel\" data-id=\"5ba38878\" data-element_type=\"widget\" data-e-type=\"widget\" data-settings=\"{&quot;slides_to_show&quot;:&quot;1&quot;,&quot;navigation&quot;:&quot;both&quot;,&quot;autoplay&quot;:&quot;yes&quot;,&quot;pause_on_hover&quot;:&quot;yes&quot;,&quot;pause_on_interaction&quot;:&quot;yes&quot;,&quot;autoplay_speed&quot;:5000,&quot;infinite&quot;:&quot;yes&quot;,&quot;effect&quot;:&quot;slide&quot;,&quot;speed&quot;:500}\" data-widget_type=\"image-carousel.default\">\n\t\t\t\t<div class=\"elementor-widget-container\">\n\t\t\t\t\t\t\t<div class=\"elementor-image-carousel-wrapper swiper\" role=\"region\" aria-roledescription=\"carousel\" aria-label=\"Image Carousel\" dir=\"ltr\" data-no-translation-aria-label=\"\">\n\t\t\t<div class=\"elementor-image-carousel swiper-wrapper\" aria-live=\"off\">\n\t\t\t\t\t\t\t\t<div class=\"swiper-slide\" role=\"group\" aria-roledescription=\"slide\" aria-label=\"1 of 1\" data-no-translation-aria-label=\"\"><figure class=\"swiper-slide-inner\"><img decoding=\"async\" class=\"swiper-slide-image\" src=\"https:\/\/kalmarpeter.com\/wp-content\/uploads\/2024\/10\/Party-kep.jpg\" alt=\"Party ke\u0301p\" \/><\/figure><\/div>\t\t\t<\/div>\n\t\t\t\t\t<\/div>\n\t\t\t\t\t\t<\/div>\n\t\t\t\t<\/div>\n\t\t\t\t<\/div>\n\t\t<div class=\"elementor-element elementor-element-22314166 e-con-full e-flex e-con e-child\" data-id=\"22314166\" data-element_type=\"container\" data-e-type=\"container\">\n\t\t\t\t<div class=\"elementor-element elementor-element-a43bb0 elementor-widget elementor-widget-heading\" data-id=\"a43bb0\" data-element_type=\"widget\" data-e-type=\"widget\" data-widget_type=\"heading.default\">\n\t\t\t\t<div class=\"elementor-widget-container\">\n\t\t\t\t\t<h1 class=\"elementor-heading-title elementor-size-default\">Coca Cola Farewell Party<\/h1>\t\t\t\t<\/div>\n\t\t\t\t<\/div>\n\t\t\t\t<div class=\"elementor-element elementor-element-771db873 elementor-widget elementor-widget-text-editor\" data-id=\"771db873\" data-element_type=\"widget\" data-e-type=\"widget\" data-widget_type=\"text-editor.default\">\n\t\t\t\t<div class=\"elementor-widget-container\">\n\t\t\t\t\t\t\t\t\t<p>2005<\/p><p>When Coca Cola's European headquarters moved from Budapest to Vienna, the big farewell party took place in the ballroom of the Four Seasons Hotel, with<\/p><p>- The ballet ensemble of the Hungarian State Opera performed a Fledermaus piece with Andrea Tall\u00f3s,<\/p><p>- the Budapest Jazz Orchestra conducted by Korn\u00e9l Fekete-Kov\u00e1cs,<\/p><p>- Zolt\u00e1n M\u00e1ga and his gypsy orchestra,<\/p><p>- Barbara Dorogi<\/p><p>- G\u00e1bor G\u00e1briel Farkas<\/p>\t\t\t\t\t\t\t\t<\/div>\n\t\t\t\t<\/div>\n\t\t\t\t<\/div>\n\t\t\t\t\t<\/div>\n\t\t\t\t<\/div>\n\t\t\t\t<\/div>","protected":false},"excerpt":{"rendered":"<p>2005 Amikor a Coca Cola eur\u00f3pai k\u00f6zpontja Budapestr\u0151l B\u00e9csbe k\u00f6lt\u00f6z\u00f6tt, a nagyszab\u00e1s\u00fa rendezv\u00e9nyt a Four Seasons Hotel b\u00e1lterm\u00e9ben rendezt\u00fck, amelyben k\u00f6zrem\u0171k\u00f6d\u00f6tt &#8211; a Magyar \u00c1llami Operah\u00e1z balettkara egy Denev\u00e9r r\u00e9szlettel Tall\u00f3s Andre\u00e1val, &#8211; a Budapest Jazz Orchestra Fekete-Kov\u00e1cs Korn\u00e9l vezet\u00e9s\u00e9vel, &#8211; M\u00e1ga Zolt\u00e1n \u00e9s cig\u00e1nyzenekara, &#8211; Dorogi Barbara &#8211; Farkas G\u00e1bor G\u00e1briel<\/p>","protected":false},"author":1,"featured_media":0,"parent":0,"menu_order":0,"comment_status":"closed","ping_status":"closed","template":"","meta":{"_seopress_robots_primary_cat":"","_seopress_titles_title":"","_seopress_titles_desc":"","_seopress_robots_index":"","footnotes":""},"class_list":["post-3425","page","type-page","status-publish","hentry"],"_links":{"self":[{"href":"https:\/\/kalmarpeter.com\/en\/wp-json\/wp\/v2\/pages\/3425","targetHints":{"allow":["GET"]}}],"collection":[{"href":"https:\/\/kalmarpeter.com\/en\/wp-json\/wp\/v2\/pages"}],"about":[{"href":"https:\/\/kalmarpeter.com\/en\/wp-json\/wp\/v2\/types\/page"}],"author":[{"embeddable":true,"href":"https:\/\/kalmarpeter.com\/en\/wp-json\/wp\/v2\/users\/1"}],"replies":[{"embeddable":true,"href":"https:\/\/kalmarpeter.com\/en\/wp-json\/wp\/v2\/comments?post=3425"}],"version-history":[{"count":4,"href":"https:\/\/kalmarpeter.com\/en\/wp-json\/wp\/v2\/pages\/3425\/revisions"}],"predecessor-version":[{"id":3439,"href":"https:\/\/kalmarpeter.com\/en\/wp-json\/wp\/v2\/pages\/3425\/revisions\/3439"}],"wp:attachment":[{"href":"https:\/\/kalmarpeter.com\/en\/wp-json\/wp\/v2\/media?parent=3425"}],"curies":[{"name":"wp","href":"https:\/\/api.w.org\/{rel}","templated":true}]}}