{"id":3515,"date":"2025-11-21T08:56:20","date_gmt":"2025-11-21T07:56:20","guid":{"rendered":"https:\/\/kalmarpeter.com\/?page_id=3515"},"modified":"2025-11-21T08:59:41","modified_gmt":"2025-11-21T07:59:41","slug":"gazdasagi-radio","status":"publish","type":"page","link":"https:\/\/kalmarpeter.com\/en\/gazdasagi-radio\/","title":{"rendered":"Gazdas\u00e1gi R\u00e1di\u00f3"},"content":{"rendered":"<div data-elementor-type=\"wp-page\" data-elementor-id=\"3515\" class=\"elementor elementor-3515\" data-elementor-post-type=\"page\">\n\t\t\t\t<div class=\"elementor-element elementor-element-4c71d47 e-flex e-con-boxed e-con e-parent\" data-id=\"4c71d47\" data-element_type=\"container\" data-e-type=\"container\">\n\t\t\t\t\t<div class=\"e-con-inner\">\n\t\t<div class=\"elementor-element elementor-element-e717bca e-con-full e-flex e-con e-child\" data-id=\"e717bca\" data-element_type=\"container\" data-e-type=\"container\">\n\t\t\t\t<div class=\"elementor-element elementor-element-81dacc5 elementor-widget elementor-widget-image\" data-id=\"81dacc5\" data-element_type=\"widget\" data-e-type=\"widget\" data-widget_type=\"image.default\">\n\t\t\t\t<div class=\"elementor-widget-container\">\n\t\t\t\t\t\t\t\t\t\t\t\t\t\t\t<img fetchpriority=\"high\" decoding=\"async\" width=\"800\" height=\"800\" src=\"https:\/\/kalmarpeter.com\/wp-content\/uploads\/2025\/11\/Gazdasagi-Radio-1024x1024.jpg\" class=\"attachment-large size-large wp-image-3511\" alt=\"\" srcset=\"https:\/\/kalmarpeter.com\/wp-content\/uploads\/2025\/11\/Gazdasagi-Radio-1024x1024.jpg 1024w, https:\/\/kalmarpeter.com\/wp-content\/uploads\/2025\/11\/Gazdasagi-Radio-300x300.jpg 300w, https:\/\/kalmarpeter.com\/wp-content\/uploads\/2025\/11\/Gazdasagi-Radio-150x150.jpg 150w, https:\/\/kalmarpeter.com\/wp-content\/uploads\/2025\/11\/Gazdasagi-Radio-768x768.jpg 768w, https:\/\/kalmarpeter.com\/wp-content\/uploads\/2025\/11\/Gazdasagi-Radio-12x12.jpg 12w, https:\/\/kalmarpeter.com\/wp-content\/uploads\/2025\/11\/Gazdasagi-Radio.jpg 1380w\" sizes=\"(max-width: 800px) 100vw, 800px\" \/>\t\t\t\t\t\t\t\t\t\t\t\t\t\t\t<\/div>\n\t\t\t\t<\/div>\n\t\t\t\t<\/div>\n\t\t<div class=\"elementor-element elementor-element-d225d00 e-con-full e-flex e-con e-child\" data-id=\"d225d00\" data-element_type=\"container\" data-e-type=\"container\">\n\t\t\t\t<div class=\"elementor-element elementor-element-53ee9fa elementor-widget elementor-widget-heading\" data-id=\"53ee9fa\" data-element_type=\"widget\" data-e-type=\"widget\" data-widget_type=\"heading.default\">\n\t\t\t\t<div class=\"elementor-widget-container\">\n\t\t\t\t\t<h1 class=\"elementor-heading-title elementor-size-default\">Gazdas\u00e1gi R\u00e1di\u00f3<\/h1>\t\t\t\t<\/div>\n\t\t\t\t<\/div>\n\t\t\t\t<div class=\"elementor-element elementor-element-2d4058e elementor-widget elementor-widget-html\" data-id=\"2d4058e\" data-element_type=\"widget\" data-e-type=\"widget\" data-widget_type=\"html.default\">\n\t\t\t\t<div class=\"elementor-widget-container\">\n\t\t\t\t\t<iframe width=\"100%\" height=\"300\" scrolling=\"no\" frameborder=\"no\" allow=\"autoplay\" src=\"https:\/\/w.soundcloud.com\/player\/?url=https%3A\/\/api.soundcloud.com\/tracks\/soundcloud%253Atracks%253A216756165&color=%23ff5500&auto_play=false&hide_related=false&show_comments=true&show_user=true&show_reposts=false&show_teaser=true&visual=true\"><\/iframe><div style=\"font-size: 10px; color: #cccccc;line-break: anywhere;word-break: normal;overflow: hidden;white-space: nowrap;text-overflow: ellipsis; font-family: Interstate,Lucida Grande,Lucida Sans Unicode,Lucida Sans,Garuda,Verdana,Tahoma,sans-serif;font-weight: 100;\"><a href=\"https:\/\/soundcloud.com\/petkalmar\" title=\"petkalmar\" target=\"_blank\" style=\"color: #cccccc; text-decoration: none;\">petkalmar<\/a> \u00b7 <a href=\"https:\/\/soundcloud.com\/petkalmar\/gazdasagi-radio-yummber-launch\" title=\"Gazdas\u00e1gi R\u00e1di\u00f3 - Yummber launch\" target=\"_blank\" style=\"color: #cccccc; text-decoration: none;\">Gazdas\u00e1gi R\u00e1di\u00f3 - Yummber launch<\/a><\/div>\t\t\t\t<\/div>\n\t\t\t\t<\/div>\n\t\t\t\t<\/div>\n\t\t\t\t\t<\/div>\n\t\t\t\t<\/div>\n\t\t\t\t<\/div>","protected":false},"excerpt":{"rendered":"<p>petkalmar \u00b7 Gazdas\u00e1gi R\u00e1di\u00f3 &#8211; Yummber launch<\/p>","protected":false},"author":1,"featured_media":0,"parent":0,"menu_order":0,"comment_status":"closed","ping_status":"closed","template":"","meta":{"_seopress_robots_primary_cat":"","_seopress_titles_title":"","_seopress_titles_desc":"","_seopress_robots_index":"","footnotes":""},"class_list":["post-3515","page","type-page","status-publish","hentry"],"_links":{"self":[{"href":"https:\/\/kalmarpeter.com\/en\/wp-json\/wp\/v2\/pages\/3515","targetHints":{"allow":["GET"]}}],"collection":[{"href":"https:\/\/kalmarpeter.com\/en\/wp-json\/wp\/v2\/pages"}],"about":[{"href":"https:\/\/kalmarpeter.com\/en\/wp-json\/wp\/v2\/types\/page"}],"author":[{"embeddable":true,"href":"https:\/\/kalmarpeter.com\/en\/wp-json\/wp\/v2\/users\/1"}],"replies":[{"embeddable":true,"href":"https:\/\/kalmarpeter.com\/en\/wp-json\/wp\/v2\/comments?post=3515"}],"version-history":[{"count":4,"href":"https:\/\/kalmarpeter.com\/en\/wp-json\/wp\/v2\/pages\/3515\/revisions"}],"predecessor-version":[{"id":3525,"href":"https:\/\/kalmarpeter.com\/en\/wp-json\/wp\/v2\/pages\/3515\/revisions\/3525"}],"wp:attachment":[{"href":"https:\/\/kalmarpeter.com\/en\/wp-json\/wp\/v2\/media?parent=3515"}],"curies":[{"name":"wp","href":"https:\/\/api.w.org\/{rel}","templated":true}]}}