{"id":3534,"date":"2025-11-21T09:02:54","date_gmt":"2025-11-21T08:02:54","guid":{"rendered":"https:\/\/kalmarpeter.com\/?page_id=3534"},"modified":"2025-11-21T09:04:16","modified_gmt":"2025-11-21T08:04:16","slug":"radio-bezs","status":"publish","type":"page","link":"https:\/\/kalmarpeter.com\/en\/radio-bezs\/","title":{"rendered":"R\u00e1di\u00f3 B\u00e9zs"},"content":{"rendered":"<div data-elementor-type=\"wp-page\" data-elementor-id=\"3534\" class=\"elementor elementor-3534\" data-elementor-post-type=\"page\">\n\t\t\t\t<div class=\"elementor-element elementor-element-4dcd566 e-flex e-con-boxed e-con e-parent\" data-id=\"4dcd566\" data-element_type=\"container\" data-e-type=\"container\">\n\t\t\t\t\t<div class=\"e-con-inner\">\n\t\t<div class=\"elementor-element elementor-element-80e71a0 e-con-full e-flex e-con e-child\" data-id=\"80e71a0\" data-element_type=\"container\" data-e-type=\"container\">\n\t\t\t\t<div class=\"elementor-element elementor-element-8de9528 elementor-widget elementor-widget-image\" data-id=\"8de9528\" data-element_type=\"widget\" data-e-type=\"widget\" data-widget_type=\"image.default\">\n\t\t\t\t<div class=\"elementor-widget-container\">\n\t\t\t\t\t\t\t\t\t\t\t\t\t\t\t<img fetchpriority=\"high\" decoding=\"async\" width=\"800\" height=\"800\" src=\"https:\/\/kalmarpeter.com\/wp-content\/uploads\/2025\/11\/Radio-Bezs-1024x1024.jpg\" class=\"attachment-large size-large wp-image-3509\" alt=\"\" srcset=\"https:\/\/kalmarpeter.com\/wp-content\/uploads\/2025\/11\/Radio-Bezs-1024x1024.jpg 1024w, https:\/\/kalmarpeter.com\/wp-content\/uploads\/2025\/11\/Radio-Bezs-300x300.jpg 300w, https:\/\/kalmarpeter.com\/wp-content\/uploads\/2025\/11\/Radio-Bezs-150x150.jpg 150w, https:\/\/kalmarpeter.com\/wp-content\/uploads\/2025\/11\/Radio-Bezs-768x768.jpg 768w, https:\/\/kalmarpeter.com\/wp-content\/uploads\/2025\/11\/Radio-Bezs-12x12.jpg 12w, https:\/\/kalmarpeter.com\/wp-content\/uploads\/2025\/11\/Radio-Bezs.jpg 1080w\" sizes=\"(max-width: 800px) 100vw, 800px\" \/>\t\t\t\t\t\t\t\t\t\t\t\t\t\t\t<\/div>\n\t\t\t\t<\/div>\n\t\t\t\t<\/div>\n\t\t<div class=\"elementor-element elementor-element-9e2d529 e-con-full e-flex e-con e-child\" data-id=\"9e2d529\" data-element_type=\"container\" data-e-type=\"container\">\n\t\t\t\t<div class=\"elementor-element elementor-element-36238fe elementor-widget elementor-widget-heading\" data-id=\"36238fe\" data-element_type=\"widget\" data-e-type=\"widget\" data-widget_type=\"heading.default\">\n\t\t\t\t<div class=\"elementor-widget-container\">\n\t\t\t\t\t<h1 class=\"elementor-heading-title elementor-size-default\">R\u00e1di\u00f3 B\u00e9zs<\/h1>\t\t\t\t<\/div>\n\t\t\t\t<\/div>\n\t\t\t\t<div class=\"elementor-element elementor-element-c79510c elementor-widget elementor-widget-video\" data-id=\"c79510c\" data-element_type=\"widget\" data-e-type=\"widget\" data-settings=\"{&quot;youtube_url&quot;:&quot;https:\\\/\\\/www.youtube.com\\\/watch?v=fsksonJC6yY&quot;,&quot;video_type&quot;:&quot;youtube&quot;,&quot;controls&quot;:&quot;yes&quot;}\" data-widget_type=\"video.default\">\n\t\t\t\t<div class=\"elementor-widget-container\">\n\t\t\t\t\t\t\t<div class=\"elementor-wrapper elementor-open-inline\">\n\t\t\t<div class=\"elementor-video\"><\/div>\t\t<\/div>\n\t\t\t\t\t\t<\/div>\n\t\t\t\t<\/div>\n\t\t\t\t<\/div>\n\t\t\t\t\t<\/div>\n\t\t\t\t<\/div>\n\t\t\t\t<\/div>","protected":false},"excerpt":{"rendered":"","protected":false},"author":1,"featured_media":0,"parent":0,"menu_order":0,"comment_status":"closed","ping_status":"closed","template":"","meta":{"_seopress_robots_primary_cat":"","_seopress_titles_title":"","_seopress_titles_desc":"","_seopress_robots_index":"","footnotes":""},"class_list":["post-3534","page","type-page","status-publish","hentry"],"_links":{"self":[{"href":"https:\/\/kalmarpeter.com\/en\/wp-json\/wp\/v2\/pages\/3534","targetHints":{"allow":["GET"]}}],"collection":[{"href":"https:\/\/kalmarpeter.com\/en\/wp-json\/wp\/v2\/pages"}],"about":[{"href":"https:\/\/kalmarpeter.com\/en\/wp-json\/wp\/v2\/types\/page"}],"author":[{"embeddable":true,"href":"https:\/\/kalmarpeter.com\/en\/wp-json\/wp\/v2\/users\/1"}],"replies":[{"embeddable":true,"href":"https:\/\/kalmarpeter.com\/en\/wp-json\/wp\/v2\/comments?post=3534"}],"version-history":[{"count":4,"href":"https:\/\/kalmarpeter.com\/en\/wp-json\/wp\/v2\/pages\/3534\/revisions"}],"predecessor-version":[{"id":3541,"href":"https:\/\/kalmarpeter.com\/en\/wp-json\/wp\/v2\/pages\/3534\/revisions\/3541"}],"wp:attachment":[{"href":"https:\/\/kalmarpeter.com\/en\/wp-json\/wp\/v2\/media?parent=3534"}],"curies":[{"name":"wp","href":"https:\/\/api.w.org\/{rel}","templated":true}]}}