{"id":611,"date":"2024-10-11T16:05:37","date_gmt":"2024-10-11T14:05:37","guid":{"rendered":"https:\/\/kalmarpeter.com\/?page_id=611"},"modified":"2024-10-16T16:10:01","modified_gmt":"2024-10-16T14:10:01","slug":"szineszkent-oldal","status":"publish","type":"page","link":"https:\/\/kalmarpeter.com\/en\/show\/szineszkent-oldal\/","title":{"rendered":"ACTOR"},"content":{"rendered":"<div data-elementor-type=\"wp-page\" data-elementor-id=\"611\" class=\"elementor elementor-611\" data-elementor-post-type=\"page\">\n\t\t\t\t<div class=\"elementor-element elementor-element-99cb462 e-flex e-con-boxed e-con e-parent\" data-id=\"99cb462\" data-element_type=\"container\" data-e-type=\"container\">\n\t\t\t\t\t<div class=\"e-con-inner\">\n\t\t\t\t<div class=\"elementor-element elementor-element-beb7fe2 elementor-widget elementor-widget-heading\" data-id=\"beb7fe2\" data-element_type=\"widget\" data-e-type=\"widget\" data-widget_type=\"heading.default\">\n\t\t\t\t<div class=\"elementor-widget-container\">\n\t\t\t\t\t<h1 class=\"elementor-heading-title elementor-size-default\">SHOW<\/h1>\t\t\t\t<\/div>\n\t\t\t\t<\/div>\n\t\t\t\t<div class=\"elementor-element elementor-element-e5ccd78 elementor-widget elementor-widget-heading\" data-id=\"e5ccd78\" data-element_type=\"widget\" data-e-type=\"widget\" data-widget_type=\"heading.default\">\n\t\t\t\t<div class=\"elementor-widget-container\">\n\t\t\t\t\t<h2 class=\"elementor-heading-title elementor-size-default\">ACTOR<\/h2>\t\t\t\t<\/div>\n\t\t\t\t<\/div>\n\t\t\t\t\t<\/div>\n\t\t\t\t<\/div>\n\t\t<div class=\"elementor-element elementor-element-2d291b0 e-flex e-con-boxed e-con e-parent\" data-id=\"2d291b0\" data-element_type=\"container\" data-e-type=\"container\">\n\t\t\t\t\t<div class=\"e-con-inner\">\n\t\t<a class=\"elementor-element elementor-element-ce2b2c0 e-con-full e-transform e-flex e-con e-child\" data-id=\"ce2b2c0\" data-element_type=\"container\" data-e-type=\"container\" data-settings=\"{&quot;background_background&quot;:&quot;classic&quot;,&quot;_transform_scale_effect_hover&quot;:{&quot;unit&quot;:&quot;px&quot;,&quot;size&quot;:1.0500000000000000444089209850062616169452667236328125,&quot;sizes&quot;:[]},&quot;_transform_scale_effect_hover_tablet&quot;:{&quot;unit&quot;:&quot;px&quot;,&quot;size&quot;:&quot;&quot;,&quot;sizes&quot;:[]},&quot;_transform_scale_effect_hover_mobile&quot;:{&quot;unit&quot;:&quot;px&quot;,&quot;size&quot;:&quot;&quot;,&quot;sizes&quot;:[]}}\" href=\"https:\/\/kalmarpeter.com\/en\/just-a-gigolo\/\">\n\t\t\t\t<\/a>\n\t\t\t\t\t<\/div>\n\t\t\t\t<\/div>\n\t\t\t\t<\/div>","protected":false},"excerpt":{"rendered":"<p>SHOW Sz\u00edn\u00e9szk\u00e9nt<\/p>","protected":false},"author":1,"featured_media":0,"parent":15,"menu_order":0,"comment_status":"closed","ping_status":"closed","template":"","meta":{"_seopress_robots_primary_cat":"","_seopress_titles_title":"","_seopress_titles_desc":"","_seopress_robots_index":"","footnotes":""},"class_list":["post-611","page","type-page","status-publish","hentry"],"_links":{"self":[{"href":"https:\/\/kalmarpeter.com\/en\/wp-json\/wp\/v2\/pages\/611","targetHints":{"allow":["GET"]}}],"collection":[{"href":"https:\/\/kalmarpeter.com\/en\/wp-json\/wp\/v2\/pages"}],"about":[{"href":"https:\/\/kalmarpeter.com\/en\/wp-json\/wp\/v2\/types\/page"}],"author":[{"embeddable":true,"href":"https:\/\/kalmarpeter.com\/en\/wp-json\/wp\/v2\/users\/1"}],"replies":[{"embeddable":true,"href":"https:\/\/kalmarpeter.com\/en\/wp-json\/wp\/v2\/comments?post=611"}],"version-history":[{"count":5,"href":"https:\/\/kalmarpeter.com\/en\/wp-json\/wp\/v2\/pages\/611\/revisions"}],"predecessor-version":[{"id":1662,"href":"https:\/\/kalmarpeter.com\/en\/wp-json\/wp\/v2\/pages\/611\/revisions\/1662"}],"up":[{"embeddable":true,"href":"https:\/\/kalmarpeter.com\/en\/wp-json\/wp\/v2\/pages\/15"}],"wp:attachment":[{"href":"https:\/\/kalmarpeter.com\/en\/wp-json\/wp\/v2\/media?parent=611"}],"curies":[{"name":"wp","href":"https:\/\/api.w.org\/{rel}","templated":true}]}}